{"id":3279,"date":"2019-05-20T22:51:42","date_gmt":"2019-05-20T20:51:42","guid":{"rendered":"https:\/\/www2.accompagner.be\/?page_id=3279"},"modified":"2022-04-27T15:44:48","modified_gmt":"2022-04-27T13:44:48","slug":"accueil","status":"publish","type":"page","link":"https:\/\/bxl.accompagner.be\/fr\/","title":{"rendered":"Accueil"},"content":{"rendered":"\n<div class=\"wp-block-advgb-container advgb-blocks-container\">\n<div class=\"wp-block-columns has-2-columns\">\n<div class=\"wp-block-column\">\n<p>L\u2019asbl les Amis d&rsquo;Accompagner est un service d&rsquo;orientation sociojuridique de premi\u00e8re ligne et d&rsquo;accompagnement ambulatoire.<\/p>\n\n\n\n<p>Les b\u00e9n\u00e9voles d\u2019Accompagner, encadr\u00e9s par des professionnels, accueillent, \u00e9coutent, orientent et accompagnent gratuitement sur le terrain les personnes qui se trouvent face \u00e0 une situation difficile.<\/p>\n\n\n\n<p>B\u00e9n\u00e9ficiaires et b\u00e9n\u00e9voles r\u00e9alisent ensemble les d\u00e9marches utiles qui permettent d\u2019am\u00e9liorer la situation: visiter un logement, pr\u00e9senter du dossier \u00e0 un avocat prodeo, rencontrer l&rsquo;\u00e9cole, le m\u00e9decin ou l&rsquo;assistant social, rencontrer le conseiller d&rsquo;orientation de l&rsquo;ONEM&#8230;<\/p>\n\n\n\n<p>Pour en savoir plus, r\u00e9f\u00e9rez-vous \u00e0 l&rsquo;onglet <a href=\"https:\/\/bxl.accompagner.be\/fr\/presentation\/\">Pr\u00e9sentation<\/a>.<\/p>\n\n\n\n<p>.<\/p>\n\n\n\n\t\t<!-- MasterSlider -->\n\t\t<div id=\"P_MS60800658a1fcf\" class=\"master-slider-parent ms-parent-id-23\" style=\"max-width:1000px;\"  >\n\n\t\t\t\n\t\t\t<!-- MasterSlider Main -->\n\t\t\t<div id=\"MS60800658a1fcf\" class=\"master-slider ms-skin-default\" >\n\t\t\t\t \t\t\t\t \n\n\t\t\t<div  class=\"ms-slide\" data-delay=\"3\" data-fill-mode=\"fit\"   >\n\t\t\t\t\t<img src=\"https:\/\/accompagner.be\/wp-content\/plugins\/masterslider\/public\/assets\/css\/blank.gif\" alt=\"\" title=\"SAA\" data-src=\"https:\/\/accompagner.be\/wp-content\/uploads\/Accompagnement-ambulatoire.png\" \/>\n\t<a href=\"https:\/\/accompagner.be\/fr\/demander-un-accompagnement\/\" target=\"_blank\"    >SAA<\/a>\n\n\n\t\t\t\t<\/div>\n\t\t\t<div  class=\"ms-slide\" data-delay=\"3\" data-fill-mode=\"fit\"   >\n\t\t\t\t\t<img src=\"https:\/\/accompagner.be\/wp-content\/plugins\/masterslider\/public\/assets\/css\/blank.gif\" alt=\"\" title=\"Reprise-acc-ambu\" data-src=\"https:\/\/accompagner.be\/wp-content\/uploads\/Equipe-volontaires-1.png\" \/>\n\t<a href=\"https:\/\/accompagner.be\/fr\/sengager\/\" target=\"_blank\"    >Reprise-acc-ambu<\/a>\n\n\n\t\t\t\t<\/div>\n\t\t\t<div  class=\"ms-slide\" data-delay=\"3\" data-fill-mode=\"fit\"   >\n\t\t\t\t\t<img src=\"https:\/\/accompagner.be\/wp-content\/plugins\/masterslider\/public\/assets\/css\/blank.gif\" alt=\"\" title=\"Guide-accompagnant-Covid\" data-src=\"https:\/\/accompagner.be\/wp-content\/uploads\/Guide-accompagnant-Covid.png\" \/>\n\t<a href=\"https:\/\/accompagner.be\/wp-content\/uploads\/Guide_de_l_accompagnant_en_periode_de_Covid_19_2.pdf\" target=\"_blank\"    >Guide-accompagnant-Covid<\/a>\n\n\n\t\t\t\t<\/div>\n\t\t\t<div  class=\"ms-slide\" data-delay=\"3\" data-fill-mode=\"fit\"   >\n\t\t\t\t\t<img src=\"https:\/\/accompagner.be\/wp-content\/plugins\/masterslider\/public\/assets\/css\/blank.gif\" alt=\"\" title=\"Reprise-acc-ambu\" data-src=\"https:\/\/accompagner.be\/wp-content\/uploads\/SASO.png\" \/>\n\t<a href=\"https:\/\/accompagner.be\/fr\/action\/\" target=\"_blank\"    >Reprise-acc-ambu<\/a>\n\n\n\t\t\t\t<\/div>\n\t\t\t<div  class=\"ms-slide\" data-delay=\"3\" data-fill-mode=\"fit\"   >\n\t\t\t\t\t<img src=\"https:\/\/accompagner.be\/wp-content\/plugins\/masterslider\/public\/assets\/css\/blank.gif\" alt=\"\" title=\"Ensemble-Pas-\u00e0-Pas2\" data-src=\"https:\/\/accompagner.be\/wp-content\/uploads\/Restrictions-p\u00e9riode-Covid.png\" \/>\n\t<a href=\"https:\/\/accompagner.be\/wp-content\/uploads\/Accompagnements-Ambulatoire-en-p%C3%A9riode-de-Covid-19-2.pdf\" target=\"_blank\"    >Ensemble-Pas-\u00e0-Pas2<\/a>\n\n\n\t\t\t\t<\/div>\n\t\t\t<div  class=\"ms-slide\" data-delay=\"3\" data-fill-mode=\"fit\"   >\n\t\t\t\t\t<img src=\"https:\/\/accompagner.be\/wp-content\/plugins\/masterslider\/public\/assets\/css\/blank.gif\" alt=\"\" title=\"Num\u00e9ro-vert-coronavirus\" data-src=\"https:\/\/accompagner.be\/wp-content\/uploads\/2020\/07\/Num\u00e9ro-vert-coronavirus.jpg\" \/>\n\t<a href=\"https:\/\/www.fdss.be\/fr\/\" target=\"_blank\"    >Num\u00e9ro-vert-coronavirus<\/a>\n\n\n\t\t\t\t<\/div>\n\n\t\t\t<\/div>\n\t\t\t<!-- END MasterSlider Main -->\n\n\t\t\t \n\t\t<\/div>\n\t\t<!-- END MasterSlider -->\n\n\t\t<script>\n\t\t( window.MSReady = window.MSReady || [] ).push( function( $ ) {\n\n\t\t\t\"use strict\";\n\t\t\tvar masterslider_1fcf = new MasterSlider();\n\n\t\t\t\/\/ slider controls\n\t\t\t\/\/ slider setup\n\t\t\tmasterslider_1fcf.setup(\"MS60800658a1fcf\", {\n\t\t\t\twidth           : 1000,\n\t\t\t\theight          : 500,\n\t\t\t\tminHeight       : 0,\n\t\t\t\tspace           : 0,\n\t\t\t\tstart           : 1,\n\t\t\t\tgrabCursor      : true,\n\t\t\t\tswipe           : true,\n\t\t\t\tmouse           : true,\n\t\t\t\tkeyboard        : false,\n\t\t\t\tlayout          : \"boxed\",\n\t\t\t\twheel           : false,\n\t\t\t\tautoplay        : true,\n                instantStartLayers:false,\n\t\t\t\tmobileBGVideo:false,\n\t\t\t\tloop            : false,\n\t\t\t\tshuffle         : false,\n\t\t\t\tpreload         : 0,\n\t\t\t\theightLimit     : true,\n\t\t\t\tautoHeight      : false,\n\t\t\t\tsmoothHeight    : true,\n\t\t\t\tendPause        : false,\n\t\t\t\toverPause       : true,\n\t\t\t\tfillMode        : \"fill\",\n\t\t\t\tcenterControls  : true,\n\t\t\t\tstartOnAppear   : false,\n\t\t\t\tlayersMode      : \"center\",\n\t\t\t\tautofillTarget  : \"\",\n\t\t\t\thideLayers      : false,\n\t\t\t\tfullscreenMargin: 0,\n\t\t\t\tspeed           : 20,\n\t\t\t\tdir             : \"h\",\n\t\t\t\tresponsive      : true,\n\t\t\t\ttabletWidth     : 768,\n\t\t\t\ttabletHeight    : null,\n\t\t\t\tphoneWidth      : 480,\n\t\t\t\tphoneHeight    : null,\n\t\t\t\tsizingReference : window,\n\t\t\t\tparallaxMode    : 'swipe',\n\t\t\t\tview            : \"basic\"\n\t\t\t});\n\n\t\t\t\n\t\t\twindow.masterslider_instances = window.masterslider_instances || [];\n\t\t\twindow.masterslider_instances.push( masterslider_1fcf );\n\t\t});\n\t\t<\/script>\n\n\n\n\n\n<p>.<\/p>\n\n\n\n<h4><strong><a href=\"http:\/\/accompagner.be\/wp-content\/uploads\/INFO_52_FR.pdf\" target=\"_blank\" rel=\"noreferrer noopener\">Lire notre Lettre Info n\u00b052<\/a><\/strong><\/h4>\n\n\n\n<div class=\"wp-block-image\"><figure class=\"aligncenter size-large\"><a href=\"https:\/\/accompagner.be\/wp-content\/uploads\/INFO_52_FR_LETTRE-VIA-INTERNET.pdf\" target=\"_blank\" rel=\"noreferrer noopener\"><img loading=\"lazy\" width=\"1024\" height=\"576\" src=\"https:\/\/accompagner.be\/wp-content\/uploads\/Image-Lettre-Info_52_FR-1024x576.png\" alt=\"\" class=\"wp-image-10827\" srcset=\"https:\/\/bxl.accompagner.be\/wp-content\/uploads\/Image-Lettre-Info_52_FR-1024x576.png 1024w, https:\/\/bxl.accompagner.be\/wp-content\/uploads\/Image-Lettre-Info_52_FR-300x169.png 300w, https:\/\/bxl.accompagner.be\/wp-content\/uploads\/Image-Lettre-Info_52_FR-768x432.png 768w, https:\/\/bxl.accompagner.be\/wp-content\/uploads\/Image-Lettre-Info_52_FR-1536x864.png 1536w, https:\/\/bxl.accompagner.be\/wp-content\/uploads\/Image-Lettre-Info_52_FR.png 1920w\" sizes=\"(max-width: 1024px) 100vw, 1024px\" \/><\/a><\/figure><\/div>\n\n\n\n<p>.<\/p>\n\n\n\n\t\t<!-- MasterSlider -->\n\t\t<div id=\"P_MS5d9f7af5daaed\" class=\"master-slider-parent ms-parent-id-21\" style=\"max-width:1110px;\"  >\n\n\t\t\t\n\t\t\t<!-- MasterSlider Main -->\n\t\t\t<div id=\"MS5d9f7af5daaed\" class=\"master-slider ms-skin-default\" >\n\t\t\t\t \t\t\t\t \n\t\t\t<div  class=\"ms-slide\" data-delay=\"3\" data-fill-mode=\"fill\"   >\n\n\t\t\t\t\t<div  class=\"ms-layer\" style=\"\"      data-ease=\"easeOutQuint\"                data-offset-x=\"0\" data-offset-y=\"0\" data-origin=\"mc\" data-position=\"normal\"  >\n<span style=\"color: #2d88d2; font-family: arial, helvetica, sans-serif; font-size: 2.5em;\">D\u00e9couvrez notre Action!<\/span><\/div>\n\n\n\t\t\t\t<\/div>\n\t\t\t<div  class=\"ms-slide\" data-delay=\"300\" data-fill-mode=\"fill\"   >\n\t\t\t\t\t<img src=\"https:\/\/accompagner.be\/wp-content\/plugins\/masterslider\/public\/assets\/css\/blank.gif\" alt=\"\" title=\"videos_choix\" data-src=\"https:\/\/accompagner.be\/wp-content\/uploads\/2019\/07\/grille-video-sans-titres.png\" \/>\n\n\t\t\t\t\t<div  class=\"ms-layer centpct\" style=\"width:100px;\"      data-ease=\"easeOutQuint\"                data-offset-x=\"875\" data-offset-y=\"495\" data-origin=\"tl\" data-position=\"normal\"  >\n    <a class=\"wp-colorbox-youtube\" href=\"https:\/\/www.youtube.com\/embed\/gq0lpata9-c?autoplay=1\"><img src=\"https:\/\/accompagner.be\/wp-content\/uploads\/2019\/07\/youtube-play-button-png-21.png\"><\/a><\/div>\n\n\t\t\t\t\t<div  class=\"ms-layer centpct\" style=\"width:100px;\"      data-ease=\"easeOutQuint\"                data-offset-x=\"505\" data-offset-y=\"495\" data-origin=\"tl\" data-position=\"normal\"  >\n    <a class=\"wp-colorbox-youtube\" href=\"https:\/\/www.youtube.com\/embed\/uIS-Gh1bMAo?autoplay=1\"><img src=\"https:\/\/accompagner.be\/wp-content\/uploads\/2019\/07\/youtube-play-button-png-21.png\"><\/a><\/div>\n\n\t\t\t\t\t<div  class=\"ms-layer centpct\" style=\"width:100px;\"      data-ease=\"easeOutQuint\"                data-offset-x=\"135\" data-offset-y=\"495\" data-origin=\"tl\" data-position=\"normal\"  >\n    <a class=\"wp-colorbox-youtube\" href=\"https:\/\/www.youtube.com\/embed\/yBcfKsCSSuw?autoplay=1\"><img src=\"https:\/\/accompagner.be\/wp-content\/uploads\/2019\/07\/youtube-play-button-png-21.png\"><\/a><\/div>\n\n\t\t\t\t\t<div  class=\"ms-layer centpct\" style=\"width:100px;\"      data-ease=\"easeOutQuint\"                data-offset-x=\"875\" data-offset-y=\"275\" data-origin=\"tl\" data-position=\"normal\"  >\n    <a class=\"wp-colorbox-youtube\" href=\"https:\/\/www.youtube.com\/embed\/NdWASBFEdaY?autoplay=1\"><img src=\"https:\/\/accompagner.be\/wp-content\/uploads\/2019\/07\/youtube-play-button-png-21.png\"><\/a><\/div>\n\n\t\t\t\t\t<div  class=\"ms-layer centpct\" style=\"width:100px;\"      data-ease=\"easeOutQuint\"                data-offset-x=\"135\" data-offset-y=\"275\" data-origin=\"tl\" data-position=\"normal\"  >\n    <a class=\"wp-colorbox-youtube\" href=\"https:\/\/www.youtube.com\/embed\/Iw5wAumkKLs?autoplay=1\"><img src=\"https:\/\/accompagner.be\/wp-content\/uploads\/2019\/07\/youtube-play-button-png-21.png\"><\/a><\/div>\n\n\t\t\t\t\t<div  class=\"ms-layer centpct\" style=\"width:100px;\"      data-ease=\"easeOutQuint\"                data-offset-x=\"875\" data-offset-y=\"65\" data-origin=\"tl\" data-position=\"normal\"  >\n    <a class=\"wp-colorbox-youtube\" href=\"https:\/\/www.youtube.com\/embed\/FL27Jwc_5Z4?autoplay=1\"><img src=\"https:\/\/accompagner.be\/wp-content\/uploads\/2019\/07\/youtube-play-button-png-21.png\"><\/a><\/div>\n\n\t\t\t\t\t<div  class=\"ms-layer centpct\" style=\"width:100px;\"      data-ease=\"easeOutQuint\"                data-offset-x=\"505\" data-offset-y=\"65\" data-origin=\"tl\" data-position=\"normal\"  >\n    <a class=\"wp-colorbox-youtube\" href=\"https:\/\/www.youtube.com\/embed\/OE8AYnjaHMU?autoplay=1\"><img src=\"https:\/\/accompagner.be\/wp-content\/uploads\/2019\/07\/youtube-play-button-png-21.png\"><\/a><\/div>\n\n\t\t\t\t\t<div  class=\"ms-layer centpct\" style=\"width:100px;\"      data-ease=\"easeOutQuint\"                data-offset-x=\"135\" data-offset-y=\"65\" data-origin=\"tl\" data-position=\"normal\"  >\n    <a class=\"wp-colorbox-youtube\" href=\"https:\/\/www.youtube.com\/embed\/w1rFDUqOEjY?autoplay=1\"><img src=\"https:\/\/accompagner.be\/wp-content\/uploads\/2019\/07\/youtube-play-button-png-21.png\"><\/a><\/div>\n\n\t\t\t\t\t<div  class=\"ms-layer  msp-cn-17-24\" style=\"width:239px;\"      data-ease=\"easeOutQuint\"                data-offset-x=\"-7\" data-offset-y=\"-37\" data-origin=\"mc\" data-position=\"normal\"  >\n<span style=\"color: #2d88d2; font-family: arial, helvetica, sans-serif; font-size: 2.5em;\">Choisissez un th\u00e8me<\/span><\/div>\n\n\t\t\t\t\t<div  class=\"ms-layer\" style=\"width:150px;\"      data-ease=\"easeOutQuint\"                data-offset-x=\"42\" data-offset-y=\"31\" data-origin=\"mc\" data-position=\"normal\"  >\n<span style=\"color: #2d88d2; font-family: arial, helvetica, sans-serif; font-size: 1em;\">Vid\u00e9os r\u00e9alis\u00e9es avec le soutien de<\/span><\/div>\n\n\t\t\t\t\t<img  class=\"ms-layer\" src=\"https:\/\/accompagner.be\/wp-content\/plugins\/masterslider\/public\/assets\/css\/blank.gif\" data-src=\"https:\/\/accompagner.be\/wp-content\/uploads\/2019\/07\/Logo_francophones_bruxelles.png\" alt=\"\" style=\"width:100px;\"     data-ease=\"easeOutQuint\"        data-type=\"image\"          data-offset-x=\"118\" data-offset-y=\"63\" data-origin=\"mc\" data-position=\"normal\" \/>\n\n\n\t\t\t\t<\/div>\n\n\t\t\t<\/div>\n\t\t\t<!-- END MasterSlider Main -->\n\n\t\t\t \n\t\t<\/div>\n\t\t<!-- END MasterSlider -->\n\n\t\t<script>\n\t\t( window.MSReady = window.MSReady || [] ).push( function( $ ) {\n\n\t\t\t\"use strict\";\n\t\t\tvar masterslider_aaed = new MasterSlider();\n\n\t\t\t\/\/ slider controls\n\t\t\t\/\/ slider setup\n\t\t\tmasterslider_aaed.setup(\"MS5d9f7af5daaed\", {\n\t\t\t\twidth           : 1110,\n\t\t\t\theight          : 625,\n\t\t\t\tminHeight       : 0,\n\t\t\t\tspace           : 0,\n\t\t\t\tstart           : 1,\n\t\t\t\tgrabCursor      : false,\n\t\t\t\tswipe           : false,\n\t\t\t\tmouse           : false,\n\t\t\t\tkeyboard        : false,\n\t\t\t\tlayout          : \"boxed\",\n\t\t\t\twheel           : false,\n\t\t\t\tautoplay        : true,\n                instantStartLayers:false,\n\t\t\t\tmobileBGVideo:false,\n\t\t\t\tloop            : true,\n\t\t\t\tshuffle         : false,\n\t\t\t\tpreload         : 0,\n\t\t\t\theightLimit     : true,\n\t\t\t\tautoHeight      : false,\n\t\t\t\tsmoothHeight    : true,\n\t\t\t\tendPause        : false,\n\t\t\t\toverPause       : false,\n\t\t\t\tfillMode        : \"fill\",\n\t\t\t\tcenterControls  : true,\n\t\t\t\tstartOnAppear   : false,\n\t\t\t\tlayersMode      : \"center\",\n\t\t\t\tautofillTarget  : \"\",\n\t\t\t\thideLayers      : false,\n\t\t\t\tfullscreenMargin: 0,\n\t\t\t\tspeed           : 20,\n\t\t\t\tdir             : \"h\",\n\t\t\t\tparallaxMode    : 'swipe',\n\t\t\t\tview            : \"fade\"\n\t\t\t});\n\n\t\t\t\t\t\tmasterslider_aaed.api.addEventListener(MSSliderEvent.VIDEO_CLOSE, function(event){\n  var api = event.target;\n  api.gotoSlide(0);\n} );\n\n\t\t\twindow.masterslider_instances = window.masterslider_instances || [];\n\t\t\twindow.masterslider_instances.push( masterslider_aaed );\n\t\t});\n\t\t<\/script>\n\n\n<\/div>\n\n\n\n<div class=\"wp-block-column\">\n<figure class=\"wp-block-image size-large\"><img loading=\"lazy\" width=\"940\" height=\"788\" src=\"https:\/\/accompagner.be\/wp-content\/uploads\/Recrutement-Vols-1.png\" alt=\"\" class=\"wp-image-10606\" srcset=\"https:\/\/bxl.accompagner.be\/wp-content\/uploads\/Recrutement-Vols-1.png 940w, https:\/\/bxl.accompagner.be\/wp-content\/uploads\/Recrutement-Vols-1-300x251.png 300w, https:\/\/bxl.accompagner.be\/wp-content\/uploads\/Recrutement-Vols-1-768x644.png 768w\" sizes=\"(max-width: 940px) 100vw, 940px\" \/><\/figure>\n\n\n\n<p>.<\/p>\n\n\n\n<h4 class=\"has-text-color\" style=\"color:#02628b\"><a href=\"http:\/\/accompagner.be\/wp-content\/uploads\/RA_2021_FR.pdf\" target=\"_blank\" rel=\"noreferrer noopener\"><strong>Lire notre rapport annuel 2021<\/strong><\/a><\/h4>\n\n\n\n<figure class=\"wp-block-image size-large\"><a href=\"https:\/\/accompagner.be\/wp-content\/uploads\/RA_2021_FR.pdf\"><img src=\"https:\/\/accompagner.be\/wp-content\/uploads\/Image_Rapport_Annuel_2022_FR.png\" alt=\"\"\/><\/a><\/figure>\n\n\n\n<p>.<\/p>\n\n\n\n<figure class=\"wp-block-embed is-type-video is-provider-youtube wp-block-embed-youtube wp-embed-aspect-16-9 wp-has-aspect-ratio\"><div class=\"wp-block-embed__wrapper\">\n<iframe loading=\"lazy\" title=\"Assistants sociaux et psychologues depuis le COVID 41121   SD 480\u00a0p\" width=\"775\" height=\"436\" src=\"https:\/\/www.youtube.com\/embed\/--MNKpEidK0?feature=oembed\" frameborder=\"0\" allow=\"accelerometer; autoplay; clipboard-write; encrypted-media; gyroscope; picture-in-picture\" allowfullscreen><\/iframe>\n<\/div><\/figure>\n\n\n\n<p>.<\/p>\n\n\n\n<div class=\"wp-block-image\"><figure class=\"aligncenter size-large is-resized\"><a href=\"https:\/\/bxl.accompagner.be\/fr\/flyers\/\" target=\"_blank\" rel=\"noopener\"><img loading=\"lazy\" src=\"https:\/\/accompagner.be\/wp-content\/uploads\/Nos-flyers-1024x819.jpg\" alt=\"\" class=\"wp-image-10294\" width=\"525\" height=\"421\" srcset=\"https:\/\/bxl.accompagner.be\/wp-content\/uploads\/Nos-flyers-1024x819.jpg 1024w, https:\/\/bxl.accompagner.be\/wp-content\/uploads\/Nos-flyers-300x240.jpg 300w, https:\/\/bxl.accompagner.be\/wp-content\/uploads\/Nos-flyers-768x614.jpg 768w, https:\/\/bxl.accompagner.be\/wp-content\/uploads\/Nos-flyers-1536x1229.jpg 1536w, https:\/\/bxl.accompagner.be\/wp-content\/uploads\/Nos-flyers.jpg 2000w\" sizes=\"(max-width: 525px) 100vw, 525px\" \/><\/a><\/figure><\/div>\n<\/div>\n<\/div>\n<\/div>\n\n\n\n<p><\/p>\n","protected":false},"excerpt":{"rendered":"","protected":false},"author":8,"featured_media":0,"parent":0,"menu_order":0,"comment_status":"closed","ping_status":"closed","template":"templates\/front_1.php","meta":{"advgb_blocks_editor_width":"","advgb_blocks_columns_visual_guide":""},"yoast_head":"<!-- This site is optimized with the Yoast SEO plugin v16.3 - https:\/\/yoast.com\/wordpress\/plugins\/seo\/ -->\n<title>Accueil - Les Amis d\u2019Accompagner<\/title>\n<meta name=\"description\" content=\"L\u2019asbl les Amis d&#039;Accompagner est un service d&#039;orientation sociojuridique de premi\u00e8re ligne et d&#039;accompagnement ambulatoire.\" \/>\n<meta name=\"robots\" content=\"index, follow, max-snippet:-1, max-image-preview:large, max-video-preview:-1\" \/>\n<link rel=\"canonical\" href=\"https:\/\/bxl.accompagner.be\/fr\/\" \/>\n<meta property=\"og:locale\" content=\"fr_FR\" \/>\n<meta property=\"og:type\" content=\"article\" \/>\n<meta property=\"og:title\" content=\"Accueil - Les Amis d\u2019Accompagner\" \/>\n<meta property=\"og:description\" content=\"L\u2019asbl les Amis d&#039;Accompagner est un service d&#039;orientation sociojuridique de premi\u00e8re ligne et d&#039;accompagnement ambulatoire.\" \/>\n<meta property=\"og:url\" content=\"https:\/\/bxl.accompagner.be\/fr\/\" \/>\n<meta property=\"og:site_name\" content=\"Les Amis d\u2019Accompagner\" \/>\n<meta property=\"article:modified_time\" content=\"2022-04-27T13:44:48+00:00\" \/>\n<meta property=\"og:image\" content=\"https:\/\/accompagner.be\/wp-content\/uploads\/Image-Lettre-Info_52_FR-1024x576.png\" \/>\n<meta name=\"twitter:card\" content=\"summary_large_image\" \/>\n<meta name=\"twitter:label1\" content=\"Dur\u00e9e de lecture est.\">\n\t<meta name=\"twitter:data1\" content=\"2 minutes\">\n<script type=\"application\/ld+json\" class=\"yoast-schema-graph\">{\"@context\":\"https:\/\/schema.org\",\"@graph\":[{\"@type\":\"WebSite\",\"@id\":\"https:\/\/bxl.accompagner.be\/fr\/#website\",\"url\":\"https:\/\/bxl.accompagner.be\/fr\/\",\"name\":\"Les Amis d\\u2019Accompagner\",\"description\":\"Ensemble, pas \\u00e0 pas!\",\"potentialAction\":[{\"@type\":\"SearchAction\",\"target\":\"https:\/\/bxl.accompagner.be\/fr\/?s={search_term_string}\",\"query-input\":\"required name=search_term_string\"}],\"inLanguage\":\"fr-FR\"},{\"@type\":\"ImageObject\",\"@id\":\"https:\/\/bxl.accompagner.be\/fr\/#primaryimage\",\"inLanguage\":\"fr-FR\",\"url\":\"https:\/\/accompagner.be\/wp-content\/uploads\/Image-Lettre-Info_52_FR-1024x576.png\",\"contentUrl\":\"https:\/\/accompagner.be\/wp-content\/uploads\/Image-Lettre-Info_52_FR-1024x576.png\"},{\"@type\":\"WebPage\",\"@id\":\"https:\/\/bxl.accompagner.be\/fr\/#webpage\",\"url\":\"https:\/\/bxl.accompagner.be\/fr\/\",\"name\":\"Accueil - Les Amis d\\u2019Accompagner\",\"isPartOf\":{\"@id\":\"https:\/\/bxl.accompagner.be\/fr\/#website\"},\"primaryImageOfPage\":{\"@id\":\"https:\/\/bxl.accompagner.be\/fr\/#primaryimage\"},\"datePublished\":\"2019-05-20T20:51:42+00:00\",\"dateModified\":\"2022-04-27T13:44:48+00:00\",\"description\":\"L\\u2019asbl les Amis d'Accompagner est un service d'orientation sociojuridique de premi\\u00e8re ligne et d'accompagnement ambulatoire.\",\"breadcrumb\":{\"@id\":\"https:\/\/bxl.accompagner.be\/fr\/#breadcrumb\"},\"inLanguage\":\"fr-FR\",\"potentialAction\":[{\"@type\":\"ReadAction\",\"target\":[\"https:\/\/bxl.accompagner.be\/fr\/\"]}]},{\"@type\":\"BreadcrumbList\",\"@id\":\"https:\/\/bxl.accompagner.be\/fr\/#breadcrumb\",\"itemListElement\":[{\"@type\":\"ListItem\",\"position\":1,\"item\":{\"@type\":\"WebPage\",\"@id\":\"https:\/\/bxl.accompagner.be\/fr\/\",\"url\":\"https:\/\/bxl.accompagner.be\/fr\/\",\"name\":\"Accueil\"}},{\"@type\":\"ListItem\",\"position\":2,\"item\":{\"@id\":\"https:\/\/bxl.accompagner.be\/fr\/#webpage\"}}]}]}<\/script>\n<!-- \/ Yoast SEO plugin. -->","coauthors":[],"author_meta":{"author_link":"https:\/\/bxl.accompagner.be\/fr\/author\/phd2019\/","display_name":"PhD2019"},"relative_dates":{"created":"Posted 7 ans ago","modified":"Updated 4 ans ago"},"featured_img_caption":"","_links":{"self":[{"href":"https:\/\/bxl.accompagner.be\/fr\/wp-json\/wp\/v2\/pages\/3279"}],"collection":[{"href":"https:\/\/bxl.accompagner.be\/fr\/wp-json\/wp\/v2\/pages"}],"about":[{"href":"https:\/\/bxl.accompagner.be\/fr\/wp-json\/wp\/v2\/types\/page"}],"author":[{"embeddable":true,"href":"https:\/\/bxl.accompagner.be\/fr\/wp-json\/wp\/v2\/users\/8"}],"replies":[{"embeddable":true,"href":"https:\/\/bxl.accompagner.be\/fr\/wp-json\/wp\/v2\/comments?post=3279"}],"version-history":[{"count":30,"href":"https:\/\/bxl.accompagner.be\/fr\/wp-json\/wp\/v2\/pages\/3279\/revisions"}],"predecessor-version":[{"id":10953,"href":"https:\/\/bxl.accompagner.be\/fr\/wp-json\/wp\/v2\/pages\/3279\/revisions\/10953"}],"wp:attachment":[{"href":"https:\/\/bxl.accompagner.be\/fr\/wp-json\/wp\/v2\/media?parent=3279"}],"curies":[{"name":"wp","href":"https:\/\/api.w.org\/{rel}","templated":true}]}}