{"id":3298,"date":"2019-05-20T23:40:22","date_gmt":"2019-05-20T21:40:22","guid":{"rendered":"https:\/\/www2.accompagner.be\/?page_id=3298"},"modified":"2020-05-07T10:44:07","modified_gmt":"2020-05-07T08:44:07","slug":"presentation","status":"publish","type":"page","link":"https:\/\/bxl.accompagner.be\/fr\/presentation\/","title":{"rendered":"Pr\u00e9sentation"},"content":{"rendered":"\n<p>\u00ab Les Amis d\u2019Accompagner asbl\u00bb, est un service sociojuridique de premi\u00e8re ligne, sp\u00e9cifiquement ax\u00e9 sur l\u2019<a href=\"https:\/\/bxl.accompagner.be\/fr\/videos\/\">accompagnement de terrain<\/a> de personnes en difficult\u00e9(s), destin\u00e9 \u00e0 les seconder dans leurs d\u00e9marches visant \u00e0 r\u00e9soudre cette (ces) difficult\u00e9(s), et :<\/p>\n\n\n\n<ul><li style=\"text-align: left;\" data-tadv-p=\"keep\">Ancr\u00e9 aujourd\u2019hui localement \u00e0 Bruxelles,<\/li><li style=\"text-align: left;\" data-tadv-p=\"keep\">Centr\u00e9 sur la personne, quelle qu\u2019elle soit,<\/li><li style=\"text-align: left;\" data-tadv-p=\"keep\">Compos\u00e9 d\u2019une \u00e9quipe de b\u00e9n\u00e9voles encadr\u00e9e par des professionnels,<\/li><li style=\"text-align: left;\" data-tadv-p=\"keep\">Travaillant en r\u00e9seau avec les institutions et les associations,<\/li><li style=\"text-align: left;\" data-tadv-p=\"keep\">Effectuant les accompagnements de terrain dans tout le pays,<\/li><li style=\"text-align: left;\" data-tadv-p=\"keep\">B\u00e9n\u00e9ficiant d\u2019une gestion financi\u00e8re rigoureuse.<\/li><\/ul>\n\n\n\n<p>L\u2019Association comprend deux services : le service socio-juridique et le service d&rsquo;accompagnements ambulatoires. Ces deux services \u0153uvrent dans la m\u00eame <a href=\"https:\/\/bxl.accompagner.be\/fr\/action\/\">Action<\/a>.<\/p>\n\n\n\n<p>Le service socio-juridique accueille les personnes pr\u00e9caris\u00e9es qui se pr\u00e9sentent au bureau (sur rendez-vous) et assure leur suivi tout au long du processus d\u2019am\u00e9lioration de leur situation. Ce processus peut n\u00e9cessiter des accompagnements de terrain effectu\u00e9s par des b\u00e9n\u00e9voles form\u00e9s.<\/p>\n\n\n\n<p>Le<a href=\"https:\/\/bxl.accompagner.be\/fr\/partenaires\/\"> service d&rsquo;accompagnement ambulatoire<\/a> propose l\u2019accompagnement de terrain pour les b\u00e9n\u00e9ficiaires de suivis sociaux d\u2019autres organismes ou associations. Ce sont ces derniers qui \u00e9valuent le besoin d\u2019accompagnement et qui introduisent la demande d\u2019accompagnement aupr\u00e8s du service aux partenaires.<\/p>\n","protected":false},"excerpt":{"rendered":"<p>\u00ab Les Amis d\u2019Accompagner asbl\u00bb, est un service sociojuridique de premi\u00e8re ligne, sp\u00e9cifiquement ax\u00e9 sur l\u2019accompagnement de terrain de personnes en difficult\u00e9(s), destin\u00e9 \u00e0 les seconder dans leurs d\u00e9marches visant \u00e0 r\u00e9soudre cette (ces) difficult\u00e9(s), et : Ancr\u00e9 aujourd\u2019hui localement \u00e0 Bruxelles, Centr\u00e9 sur la personne, quelle qu\u2019elle soit, Compos\u00e9 d\u2019une \u00e9quipe de b\u00e9n\u00e9voles encadr\u00e9e [&hellip;]<\/p>\n","protected":false},"author":8,"featured_media":0,"parent":0,"menu_order":0,"comment_status":"closed","ping_status":"closed","template":"","meta":{"advgb_blocks_editor_width":"","advgb_blocks_columns_visual_guide":""},"yoast_head":"<!-- This site is optimized with the Yoast SEO plugin v16.3 - https:\/\/yoast.com\/wordpress\/plugins\/seo\/ -->\n<title>Pr\u00e9sentation - Les Amis d\u2019Accompagner<\/title>\n<meta name=\"robots\" content=\"index, follow, max-snippet:-1, max-image-preview:large, max-video-preview:-1\" \/>\n<link rel=\"canonical\" href=\"https:\/\/bxl.accompagner.be\/fr\/presentation\/\" \/>\n<meta property=\"og:locale\" content=\"fr_FR\" \/>\n<meta property=\"og:type\" content=\"article\" \/>\n<meta property=\"og:title\" content=\"Pr\u00e9sentation - Les Amis d\u2019Accompagner\" \/>\n<meta property=\"og:description\" content=\"\u00ab Les Amis d\u2019Accompagner asbl\u00bb, est un service sociojuridique de premi\u00e8re ligne, sp\u00e9cifiquement ax\u00e9 sur l\u2019accompagnement de terrain de personnes en difficult\u00e9(s), destin\u00e9 \u00e0 les seconder dans leurs d\u00e9marches visant \u00e0 r\u00e9soudre cette (ces) difficult\u00e9(s), et : Ancr\u00e9 aujourd\u2019hui localement \u00e0 Bruxelles, Centr\u00e9 sur la personne, quelle qu\u2019elle soit, Compos\u00e9 d\u2019une \u00e9quipe de b\u00e9n\u00e9voles encadr\u00e9e [&hellip;]\" \/>\n<meta property=\"og:url\" content=\"https:\/\/bxl.accompagner.be\/fr\/presentation\/\" \/>\n<meta property=\"og:site_name\" content=\"Les Amis d\u2019Accompagner\" \/>\n<meta property=\"article:modified_time\" content=\"2020-05-07T08:44:07+00:00\" \/>\n<meta name=\"twitter:card\" content=\"summary_large_image\" \/>\n<meta name=\"twitter:label1\" content=\"Dur\u00e9e de lecture est.\">\n\t<meta name=\"twitter:data1\" content=\"1 minute\">\n<script type=\"application\/ld+json\" class=\"yoast-schema-graph\">{\"@context\":\"https:\/\/schema.org\",\"@graph\":[{\"@type\":\"WebSite\",\"@id\":\"https:\/\/bxl.accompagner.be\/fr\/#website\",\"url\":\"https:\/\/bxl.accompagner.be\/fr\/\",\"name\":\"Les Amis d\\u2019Accompagner\",\"description\":\"Ensemble, pas \\u00e0 pas!\",\"potentialAction\":[{\"@type\":\"SearchAction\",\"target\":\"https:\/\/bxl.accompagner.be\/fr\/?s={search_term_string}\",\"query-input\":\"required name=search_term_string\"}],\"inLanguage\":\"fr-FR\"},{\"@type\":\"WebPage\",\"@id\":\"https:\/\/bxl.accompagner.be\/fr\/presentation\/#webpage\",\"url\":\"https:\/\/bxl.accompagner.be\/fr\/presentation\/\",\"name\":\"Pr\\u00e9sentation - Les Amis d\\u2019Accompagner\",\"isPartOf\":{\"@id\":\"https:\/\/bxl.accompagner.be\/fr\/#website\"},\"datePublished\":\"2019-05-20T21:40:22+00:00\",\"dateModified\":\"2020-05-07T08:44:07+00:00\",\"breadcrumb\":{\"@id\":\"https:\/\/bxl.accompagner.be\/fr\/presentation\/#breadcrumb\"},\"inLanguage\":\"fr-FR\",\"potentialAction\":[{\"@type\":\"ReadAction\",\"target\":[\"https:\/\/bxl.accompagner.be\/fr\/presentation\/\"]}]},{\"@type\":\"BreadcrumbList\",\"@id\":\"https:\/\/bxl.accompagner.be\/fr\/presentation\/#breadcrumb\",\"itemListElement\":[{\"@type\":\"ListItem\",\"position\":1,\"item\":{\"@type\":\"WebPage\",\"@id\":\"https:\/\/bxl.accompagner.be\/fr\/\",\"url\":\"https:\/\/bxl.accompagner.be\/fr\/\",\"name\":\"Accueil\"}},{\"@type\":\"ListItem\",\"position\":2,\"item\":{\"@id\":\"https:\/\/bxl.accompagner.be\/fr\/presentation\/#webpage\"}}]}]}<\/script>\n<!-- \/ Yoast SEO plugin. -->","coauthors":[],"author_meta":{"author_link":"https:\/\/bxl.accompagner.be\/fr\/author\/phd2019\/","display_name":"PhD2019"},"relative_dates":{"created":"Posted 7 ans ago","modified":"Updated 6 ans ago"},"featured_img_caption":"","_links":{"self":[{"href":"https:\/\/bxl.accompagner.be\/fr\/wp-json\/wp\/v2\/pages\/3298"}],"collection":[{"href":"https:\/\/bxl.accompagner.be\/fr\/wp-json\/wp\/v2\/pages"}],"about":[{"href":"https:\/\/bxl.accompagner.be\/fr\/wp-json\/wp\/v2\/types\/page"}],"author":[{"embeddable":true,"href":"https:\/\/bxl.accompagner.be\/fr\/wp-json\/wp\/v2\/users\/8"}],"replies":[{"embeddable":true,"href":"https:\/\/bxl.accompagner.be\/fr\/wp-json\/wp\/v2\/comments?post=3298"}],"version-history":[{"count":3,"href":"https:\/\/bxl.accompagner.be\/fr\/wp-json\/wp\/v2\/pages\/3298\/revisions"}],"predecessor-version":[{"id":8694,"href":"https:\/\/bxl.accompagner.be\/fr\/wp-json\/wp\/v2\/pages\/3298\/revisions\/8694"}],"wp:attachment":[{"href":"https:\/\/bxl.accompagner.be\/fr\/wp-json\/wp\/v2\/media?parent=3298"}],"curies":[{"name":"wp","href":"https:\/\/api.w.org\/{rel}","templated":true}]}}