{"id":3361,"date":"2019-05-27T01:18:13","date_gmt":"2019-05-26T23:18:13","guid":{"rendered":"https:\/\/www3.accompagner.be\/?page_id=3361"},"modified":"2020-07-10T12:50:45","modified_gmt":"2020-07-10T10:50:45","slug":"action","status":"publish","type":"page","link":"https:\/\/bxl.accompagner.be\/fr\/action\/","title":{"rendered":"Action"},"content":{"rendered":"\n<p><\/p>\n\n\n\n<div class=\"wp-block-advgb-container advgb-blocks-container\">\n<div class=\"wp-block-columns has-2-columns\">\n<div class=\"wp-block-column\">\n\t\t<!-- MasterSlider -->\n\t\t<div id=\"P_MS5e8c3f34215a7\" class=\"master-slider-parent ms-parent-id-1\" style=\"max-width:500px;\"  >\n\n\t\t\t\n\t\t\t<!-- MasterSlider Main -->\n\t\t\t<div id=\"MS5e8c3f34215a7\" class=\"master-slider ms-skin-default\" >\n\t\t\t\t \t\t\t\t \n\n\t\t\t<div  class=\"ms-slide\" data-delay=\"3\" data-fill-mode=\"fill\"   >\n\t\t\t\t\t<img src=\"https:\/\/accompagner.be\/wp-content\/plugins\/masterslider\/public\/assets\/css\/blank.gif\" alt=\"\" title=\"Pour Qui\" data-src=\"https:\/\/accompagner.be\/wp-content\/uploads\/2019\/05\/pour_qui.jpg\" \/>\n\n\n\t\t\t\t<\/div>\n\t\t\t<div  class=\"ms-slide\" data-delay=\"3\" data-fill-mode=\"fill\"   >\n\t\t\t\t\t<img src=\"https:\/\/accompagner.be\/wp-content\/plugins\/masterslider\/public\/assets\/css\/blank.gif\" alt=\"\" title=\"A Quel Prix\" data-src=\"https:\/\/accompagner.be\/wp-content\/uploads\/2019\/05\/a_quel_prix.jpg\" \/>\n\n\n\t\t\t\t<\/div>\n\t\t\t<div  class=\"ms-slide\" data-delay=\"3\" data-fill-mode=\"fill\"   >\n\t\t\t\t\t<img src=\"https:\/\/accompagner.be\/wp-content\/plugins\/masterslider\/public\/assets\/css\/blank.gif\" alt=\"\" title=\"Avec Qui\" data-src=\"https:\/\/accompagner.be\/wp-content\/uploads\/2019\/05\/avec_qui.jpg\" \/>\n\n\n\t\t\t\t<\/div>\n\t\t\t<div  class=\"ms-slide\" data-delay=\"3\" data-fill-mode=\"fill\"   >\n\t\t\t\t\t<img src=\"https:\/\/accompagner.be\/wp-content\/plugins\/masterslider\/public\/assets\/css\/blank.gif\" alt=\"\" title=\"Ou Se Situe Notre Action\" data-src=\"https:\/\/accompagner.be\/wp-content\/uploads\/2019\/05\/ou_se_situe_notre_action.jpg\" \/>\n\n\n\t\t\t\t<\/div>\n\t\t\t<div  class=\"ms-slide\" data-delay=\"3\" data-fill-mode=\"fill\"   >\n\t\t\t\t\t<img src=\"https:\/\/accompagner.be\/wp-content\/plugins\/masterslider\/public\/assets\/css\/blank.gif\" alt=\"\" title=\"Pour Quelles Problematiques\" data-src=\"https:\/\/accompagner.be\/wp-content\/uploads\/2019\/05\/pour_quelles_problematiques.jpg\" \/>\n\n\n\t\t\t\t<\/div>\n\t\t\t<div  class=\"ms-slide\" data-delay=\"3\" data-fill-mode=\"fill\"   >\n\t\t\t\t\t<img src=\"https:\/\/accompagner.be\/wp-content\/plugins\/masterslider\/public\/assets\/css\/blank.gif\" alt=\"\" title=\"Pourquoi\" data-src=\"https:\/\/accompagner.be\/wp-content\/uploads\/2019\/05\/pourquoi.jpg\" \/>\n\n\n\t\t\t\t<\/div>\n\t\t\t<div  class=\"ms-slide\" data-delay=\"3\" data-fill-mode=\"fill\"   >\n\t\t\t\t\t<img src=\"https:\/\/accompagner.be\/wp-content\/plugins\/masterslider\/public\/assets\/css\/blank.gif\" alt=\"\" title=\"Quand\" data-src=\"https:\/\/accompagner.be\/wp-content\/uploads\/2019\/05\/quand.jpg\" \/>\n\n\n\t\t\t\t<\/div>\n\n\t\t\t<\/div>\n\t\t\t<!-- END MasterSlider Main -->\n\n\t\t\t \n\t\t<\/div>\n\t\t<!-- END MasterSlider -->\n\n\t\t<script>\n\t\t( window.MSReady = window.MSReady || [] ).push( function( $ ) {\n\n\t\t\t\"use strict\";\n\t\t\tvar masterslider_15a7 = new MasterSlider();\n\n\t\t\t\/\/ slider controls\n\t\t\t\/\/ slider setup\n\t\t\tmasterslider_15a7.setup(\"MS5e8c3f34215a7\", {\n\t\t\t\twidth           : 500,\n\t\t\t\theight          : 700,\n\t\t\t\tminHeight       : 0,\n\t\t\t\tspace           : 0,\n\t\t\t\tstart           : 1,\n\t\t\t\tgrabCursor      : true,\n\t\t\t\tswipe           : true,\n\t\t\t\tmouse           : true,\n\t\t\t\tkeyboard        : false,\n\t\t\t\tlayout          : \"boxed\",\n\t\t\t\twheel           : false,\n\t\t\t\tautoplay        : true,\n                instantStartLayers:false,\n\t\t\t\tmobileBGVideo:false,\n\t\t\t\tloop            : true,\n\t\t\t\tshuffle         : false,\n\t\t\t\tpreload         : 0,\n\t\t\t\theightLimit     : true,\n\t\t\t\tautoHeight      : false,\n\t\t\t\tsmoothHeight    : true,\n\t\t\t\tendPause        : false,\n\t\t\t\toverPause       : true,\n\t\t\t\tfillMode        : \"fill\",\n\t\t\t\tcenterControls  : true,\n\t\t\t\tstartOnAppear   : false,\n\t\t\t\tlayersMode      : \"center\",\n\t\t\t\tautofillTarget  : \"\",\n\t\t\t\thideLayers      : false,\n\t\t\t\tfullscreenMargin: 0,\n\t\t\t\tspeed           : 20,\n\t\t\t\tdir             : \"v\",\n\t\t\t\tparallaxMode    : 'swipe',\n\t\t\t\tview            : \"basic\"\n\t\t\t});\n\n\t\t\t\n\t\t\twindow.masterslider_instances = window.masterslider_instances || [];\n\t\t\twindow.masterslider_instances.push( masterslider_15a7 );\n\t\t});\n\t\t<\/script>\n\n\n<\/div>\n\n\n\n<div class=\"wp-block-column\">\n<h3>Mission<\/h3>\n\n\n\n<p>Elle se d\u00e9finit en quatre volets :<\/p>\n\n\n\n<ul><li>Promouvoir et favoriser l\u2019autonomie d\u2019action de toute personne en difficult\u00e9 en vue d\u2019une meilleure int\u00e9gration sociale. A cet effet, des b\u00e9n\u00e9voles form\u00e9s l\u2019accompagnent physiquement sur le terrain dans les d\u00e9marches n\u00e9cessaires pour retrouver ses droits et pouvoir assumer ses responsabilit\u00e9s de citoyen.<\/li><li>Etendre cette m\u00eame action d\u2019accompagnement de terrain \u00e0 toute personne en perte provisoire ou d\u00e9finitive d\u2019autonomie afin de lui permettre de continuer \u00e0 vivre dignement et \u00e0 se sentir valoris\u00e9e au sein de la soci\u00e9t\u00e9.<\/li><li>Proposer ces m\u00eames services \u00e0 toutes les associations et organisations priv\u00e9es ou publiques sollicitant ce type d\u2019accompagnement de terrain pour leurs propres b\u00e9n\u00e9ficiaires, afin de leur permettre d\u2019accro\u00eetre ainsi l\u2019efficacit\u00e9 de leur Action.<\/li><li>Offrir l&rsquo;accompagnement administratif et informatique n\u00e9cessaire \u00e0 toute personne d\u00e9sarm\u00e9e devant la pression num\u00e9rique croissante qui d\u00e9shumanise la relation entre les prestataires de service et leurs clients.<\/li><\/ul>\n\n\n\n<h3>En pratique<\/h3>\n\n\n\n<p>En pratique l\u2019Action de l\u2019Association&nbsp; se traduira par&nbsp;:<\/p>\n\n\n\n<p><strong>Accueillir<\/strong><br>C\u2019est reconna\u00eetre la personne et l\u2019accepter dans ce qu\u2019elle a d\u2019unique, la respecter dans sa dignit\u00e9, son intimit\u00e9, sa part de myst\u00e8re. C\u2019est \u00eatre son interlocuteur choisi et son t\u00e9moin. C\u2019est valoriser ce qu\u2019elle vit et l\u2019aider \u00e0 d\u00e9couvrir ses potentiels enfouis, lui permettre d\u2019exprimer ses d\u00e9sirs, ses aspirations profondes et ses volont\u00e9s. C\u2019est marcher \u00e0 ses c\u00f4t\u00e9s en respectant son \u00e9volution et son rythme propre, s\u2019ajuster constamment \u00e0 ses besoins. C\u2019est l\u2019aider \u00e0 se prendre en charge, la laisser libre de ses choix. C\u2019est la consid\u00e9rer comme un \u00eatre toujours en devenir.<\/p>\n\n\n\n<p><strong>Accompagner sur le terrain<\/strong><br>C\u2019est \u00eatre aux c\u00f4t\u00e9s de la personne qui a choisi de se faire accompagner dans ses d\u00e9marches administratives ou autres, en vue d\u2019aboutir \u00e0 r\u00e9gler ses probl\u00e8mes les plus imm\u00e9diats. C\u2019est la seconder dans l\u2019action, et non la remplacer. C\u2019est l\u2019amener \u00e0 prendre ses responsabilit\u00e9s. C\u2019est aussi veiller \u00e0 ce qu\u2019un suivi correct soit assur\u00e9 si cela s\u2019av\u00e8re n\u00e9cessaire. Et c\u2019est encore de proposer ce service d\u2019accompagnement ambulatoire aux organisations et associations qui n\u2019en poss\u00e8dent pas.<\/p>\n\n\n\n<p><strong>Agir collectivement<\/strong><br>L\u2019accompagnement sur le terrain est un projet collectif qui engage, dans la dur\u00e9e, un travail d\u2019\u00e9quipe entre b\u00e9n\u00e9voles et salari\u00e9s au sein de l\u2019Association. L\u2019accompagnement sur le terrain est un projet concert\u00e9 avec des partenaires professionnels, dans un esprit de compl\u00e9mentarit\u00e9.<\/p>\n\n\n\n<p><strong>D\u00e9fendre<\/strong><br>Cette relation de soutien et de fraternit\u00e9 va prendre &#8211; l\u2019exp\u00e9rience nous y a confort\u00e9s &#8211; des accents de d\u00e9fense de la personne et de ses droits, jusqu\u2019au bout de nos moyens.<\/p>\n\n\n\n<p><strong>T\u00e9moigner<\/strong><br>Cet accompagnement fraternel sur le terrain nous engage, ensemble et personnellement dans une dynamique de m\u00e9moire et de transmission. Ceci nous donne le droit et le devoir de t\u00e9moigner de ce que nous vivons, dans nos milieux de vie, dans le r\u00e9seau associatif, face aux responsables politiques et face \u00e0 l\u2019opinion publique.<\/p>\n<\/div>\n<\/div>\n\n\n<\/div>\n","protected":false},"excerpt":{"rendered":"","protected":false},"author":8,"featured_media":0,"parent":0,"menu_order":0,"comment_status":"closed","ping_status":"closed","template":"","meta":{"advgb_blocks_editor_width":"","advgb_blocks_columns_visual_guide":""},"yoast_head":"<!-- This site is optimized with the Yoast SEO plugin v16.3 - https:\/\/yoast.com\/wordpress\/plugins\/seo\/ -->\n<title>Action - Les Amis d\u2019Accompagner<\/title>\n<meta name=\"robots\" content=\"index, follow, max-snippet:-1, max-image-preview:large, max-video-preview:-1\" \/>\n<link rel=\"canonical\" href=\"https:\/\/bxl.accompagner.be\/fr\/action\/\" \/>\n<meta property=\"og:locale\" content=\"fr_FR\" \/>\n<meta property=\"og:type\" content=\"article\" \/>\n<meta property=\"og:title\" content=\"Action - Les Amis d\u2019Accompagner\" \/>\n<meta property=\"og:url\" content=\"https:\/\/bxl.accompagner.be\/fr\/action\/\" \/>\n<meta property=\"og:site_name\" content=\"Les Amis d\u2019Accompagner\" \/>\n<meta property=\"article:modified_time\" content=\"2020-07-10T10:50:45+00:00\" \/>\n<meta name=\"twitter:card\" content=\"summary_large_image\" \/>\n<meta name=\"twitter:label1\" content=\"Dur\u00e9e de lecture est.\">\n\t<meta name=\"twitter:data1\" content=\"3 minutes\">\n<script type=\"application\/ld+json\" class=\"yoast-schema-graph\">{\"@context\":\"https:\/\/schema.org\",\"@graph\":[{\"@type\":\"WebSite\",\"@id\":\"https:\/\/bxl.accompagner.be\/fr\/#website\",\"url\":\"https:\/\/bxl.accompagner.be\/fr\/\",\"name\":\"Les Amis d\\u2019Accompagner\",\"description\":\"Ensemble, pas \\u00e0 pas!\",\"potentialAction\":[{\"@type\":\"SearchAction\",\"target\":\"https:\/\/bxl.accompagner.be\/fr\/?s={search_term_string}\",\"query-input\":\"required name=search_term_string\"}],\"inLanguage\":\"fr-FR\"},{\"@type\":\"WebPage\",\"@id\":\"https:\/\/bxl.accompagner.be\/fr\/action\/#webpage\",\"url\":\"https:\/\/bxl.accompagner.be\/fr\/action\/\",\"name\":\"Action - Les Amis d\\u2019Accompagner\",\"isPartOf\":{\"@id\":\"https:\/\/bxl.accompagner.be\/fr\/#website\"},\"datePublished\":\"2019-05-26T23:18:13+00:00\",\"dateModified\":\"2020-07-10T10:50:45+00:00\",\"breadcrumb\":{\"@id\":\"https:\/\/bxl.accompagner.be\/fr\/action\/#breadcrumb\"},\"inLanguage\":\"fr-FR\",\"potentialAction\":[{\"@type\":\"ReadAction\",\"target\":[\"https:\/\/bxl.accompagner.be\/fr\/action\/\"]}]},{\"@type\":\"BreadcrumbList\",\"@id\":\"https:\/\/bxl.accompagner.be\/fr\/action\/#breadcrumb\",\"itemListElement\":[{\"@type\":\"ListItem\",\"position\":1,\"item\":{\"@type\":\"WebPage\",\"@id\":\"https:\/\/bxl.accompagner.be\/fr\/\",\"url\":\"https:\/\/bxl.accompagner.be\/fr\/\",\"name\":\"Accueil\"}},{\"@type\":\"ListItem\",\"position\":2,\"item\":{\"@id\":\"https:\/\/bxl.accompagner.be\/fr\/action\/#webpage\"}}]}]}<\/script>\n<!-- \/ Yoast SEO plugin. -->","coauthors":[],"author_meta":{"author_link":"https:\/\/bxl.accompagner.be\/fr\/author\/phd2019\/","display_name":"PhD2019"},"relative_dates":{"created":"Posted 7 ans ago","modified":"Updated 6 ans ago"},"featured_img_caption":"","_links":{"self":[{"href":"https:\/\/bxl.accompagner.be\/fr\/wp-json\/wp\/v2\/pages\/3361"}],"collection":[{"href":"https:\/\/bxl.accompagner.be\/fr\/wp-json\/wp\/v2\/pages"}],"about":[{"href":"https:\/\/bxl.accompagner.be\/fr\/wp-json\/wp\/v2\/types\/page"}],"author":[{"embeddable":true,"href":"https:\/\/bxl.accompagner.be\/fr\/wp-json\/wp\/v2\/users\/8"}],"replies":[{"embeddable":true,"href":"https:\/\/bxl.accompagner.be\/fr\/wp-json\/wp\/v2\/comments?post=3361"}],"version-history":[{"count":4,"href":"https:\/\/bxl.accompagner.be\/fr\/wp-json\/wp\/v2\/pages\/3361\/revisions"}],"predecessor-version":[{"id":8950,"href":"https:\/\/bxl.accompagner.be\/fr\/wp-json\/wp\/v2\/pages\/3361\/revisions\/8950"}],"wp:attachment":[{"href":"https:\/\/bxl.accompagner.be\/fr\/wp-json\/wp\/v2\/media?parent=3361"}],"curies":[{"name":"wp","href":"https:\/\/api.w.org\/{rel}","templated":true}]}}