{"id":3395,"date":"2019-05-28T01:10:14","date_gmt":"2019-05-27T23:10:14","guid":{"rendered":"https:\/\/www3.accompagner.be\/?page_id=3395"},"modified":"2020-07-10T14:17:50","modified_gmt":"2020-07-10T12:17:50","slug":"sengager","status":"publish","type":"page","link":"https:\/\/bxl.accompagner.be\/fr\/sengager\/","title":{"rendered":"S&rsquo;engager avec Les Amis d&rsquo;Accompagner"},"content":{"rendered":"\n<div class=\"wp-block-advgb-container advgb-blocks-container\">\n<p>L&rsquo;engagement au sein des Amis d&rsquo;Accompagner se vit dans l\u2019esprit de la <u><strong>charte de l\u2019Association<\/strong><\/u> \u00e0 <a href=\"https:\/\/accompagner.be\/wp-content\/uploads\/2020\/03\/Charte-Les-Amis-dAccompagner.pdf\" target=\"_blank\" rel=\"noopener noreferrer\">lire ici<\/a><\/p>\n\n\n\n<div class=\"wp-block-columns has-2-columns col66-33\">\n<div class=\"wp-block-column col66pct\">\n<p>Il existe plusieurs <u><strong>moyens de participer<\/strong><\/u> \u00e0 l&rsquo;Action des Amis d&rsquo;Accompagner:<\/p>\n\n\n\n<p><strong>1\u00b0 Les b\u00e9n\u00e9voles accueillants<\/strong><\/p>\n\n\n\n<p><span style=\"font-size: 13.008px; line-height: 1.538em;\">Ils sont charg\u00e9s d\u2019accueillir toute personne qui se pr\u00e9sente au bureau. <\/span><span style=\"font-size: 13.008px; line-height: 1.538em;\">Ils facilitent les contacts futurs avec l&rsquo;accueillant social en permettant \u00e0 la personne de se sentir en confiance par des gestes tr\u00e8s concrets (Ils offrent un biscuit et une boisson.), par une \u00e9coute et une premi\u00e8re collecte d\u2019informations g\u00e9n\u00e9rales.<\/span><\/p>\n\n\n\n<p><strong>2\u00b0 Les b\u00e9n\u00e9voles accueillants sociaux<\/strong><\/p>\n\n\n\n<p><span style=\"font-size: 13.008px; line-height: 1.538em;\">Ce sont des assistants sociaux et\/ou b\u00e9n\u00e9voles accompagnants \u00ab avertis \u00bb qui re\u00e7oivent les b\u00e9n\u00e9ficiaires en entretien. &nbsp;Ils sont form\u00e9s \u00e0 notre accueil socio-juridique. <\/span><span style=\"font-size: 13.008px; line-height: 1.538em;\">Ils sont, dans cette t\u00e2che soutenus et encadr\u00e9s par un professionnel, le Responsable op\u00e9rationnel. <\/span><span style=\"font-size: 13.008px; line-height: 1.538em;\">Ils font avec le demandeur le point sur sa situation, ils r\u00e9alisent le plan des d\u00e9marches \u00e0 r\u00e9aliser et assurent le suivi du dossier.<\/span><\/p>\n\n\n\n<p><strong>3\u00b0 Les b\u00e9n\u00e9voles accompagnants<\/strong><\/p>\n\n\n\n<p>Ils accompagnent et aident les personnes demanderesses dans leurs d\u00e9marches. Ils leur apportent tout d\u2019abord un soutien moral, facilitent la communication entre les parties, aident \u00e0 la compr\u00e9hension et r\u00e9coltent les informations utiles pour le suivi des dossiers.<\/p>\n\n\n\n<p><strong>4\u00b0 Les b\u00e9n\u00e9voles de l\u2019\u00e9quipe technique<\/strong><\/p>\n\n\n\n<p>Ils sont charg\u00e9s des diff\u00e9rentes dimensions pratiques du fonctionnement de l&rsquo;Association: encodage de donn\u00e9es, envois postaux, nettoyage des locaux,&#8230;<\/p>\n\n\n\n<p><strong>5\u00b0 Les b\u00e9n\u00e9voles priants<\/strong><\/p>\n\n\n\n<p><span style=\"font-size: 13.008px; line-height: 1.538em;\">Ils soutiennent les personnes et les b\u00e9n\u00e9voles accompagnants dans leurs d\u00e9marches en leur offrant un moment de recueillement, d\u2019union spirituelle au jour et \u00e0 l\u2019heure de la mission.<\/span><\/p>\n\n\n\n<p><strong>6\u00b0 Les b\u00e9n\u00e9voles des instances<\/strong><\/p>\n\n\n\n<p><span style=\"font-size: 13.008px; line-height: 1.538em;\">Ces b\u00e9n\u00e9voles sont en charge des fonctions dirigeantes de l\u2019Association, et prennent part au Comit\u00e9 de Direction, \u00e0 l\u2019Assembl\u00e9e g\u00e9n\u00e9rale ou au Conseil d\u2019administration. <\/span><\/p>\n\n\n\n<p><u><strong>Des exemples d&rsquo; accompagnements<\/strong><\/u> r\u00e9alis\u00e9s sur le terrain par des b\u00e9n\u00e9voles ont \u00e9t\u00e9 film\u00e9s dans les vid\u00e9os que vous trouverez <a href=\"https:\/\/bxl.accompagner.be\/fr\/videos\/\" target=\"_blank\" rel=\"noopener noreferrer\">ici<\/a>.<\/p>\n\n\n\n<p><u><strong>L\u2019Association s&rsquo;engage \u00e0<\/strong><\/u><\/p>\n\n\n\n<ul><li style=\"text-align: right;\">fournir au volontaire &#8211; b\u00e9n\u00e9vole les possibilit\u00e9s d&rsquo;information, de pr\u00e9paration et de collaboration<br>en son sein pour le bon d\u00e9roulement de son engagement&nbsp;;<\/li><li style=\"text-align: right;\">suivre le volontaire &#8211; b\u00e9n\u00e9vole (\u00e9coute, d\u00e9briefing, etc.)&nbsp;;<\/li><li style=\"text-align: right;\">assurer le volontaire &#8211; b\u00e9n\u00e9vole contre les risques li\u00e9s aux missions \u00e9ventuelles<br>qu&rsquo;il lui sera demand\u00e9 d&rsquo;accomplir ;<\/li><li style=\"text-align: right;\">rembourser au volontaire &#8211; b\u00e9n\u00e9vole les frais de d\u00e9placement et autres frais li\u00e9s \u00e0<br>l&rsquo;accomplissement de toute mission, lui ayant \u00e9t\u00e9 explicitement confi\u00e9e.<\/li><\/ul>\n\n\n\n<p><u><strong>Le b\u00e9n\u00e9vole s\u2019engage<\/strong><\/u> quant \u00e0 lui \u00e0 accomplir les missions qui lui seront confi\u00e9es.<\/p>\n\n\n\n<p>Il s\u2019engage \u00e9galement \u00e0 :<\/p>\n\n\n\n<ul><li>signer la Charte de l&rsquo;Association, \u00e0 en accepter les objectifs, la philosophie;<\/li><li>prendre part aux formations organis\u00e9es par l&rsquo;Association;<\/li><li>apporter son aide \u00e0 titre gratuit;<\/li><li>veiller \u00e0 une disponibilit\u00e9, r\u00e9gularit\u00e9 et ponctualit\u00e9 dans ses interventions (en fonction de l&rsquo;engagement pris) et \u00e0 avertir en cas d&rsquo;impossibilit\u00e9 de remplir la mission qu\u2019il a pr\u00e9alablement accept\u00e9e;<\/li><li>respecter le secret professionnel.<\/li><\/ul>\n\n\n\n<p>Pour aider et soutenir le b\u00e9n\u00e9vole dans sa t\u00e2che,<br>des <u><strong>formations<\/strong><\/u> sont organis\u00e9es au sein de l\u2019Association.<\/p>\n\n\n\n<ul><li style=\"text-align: right;\">Avant que ne lui soit confi\u00e9e une premi\u00e8re mission, le b\u00e9n\u00e9vole accompagnant re\u00e7oit une formation de base d\u2019une demi-journ\u00e9e.<br>Celle-ci lui permet d\u2019\u00eatre pr\u00e9par\u00e9 au mieux pour son premier accompagnement.<\/li><li style=\"text-align: right;\">Ensuite au cours de l\u2019ann\u00e9e, trois formations sont organis\u00e9es pour tous les b\u00e9n\u00e9voles.<br>Ces formations sont anim\u00e9es par des professionnels.<br>Leur &nbsp;but est de d\u00e9velopper les comp\u00e9tences relationnelles<br>ainsi que la connaissance du tissu social ou du v\u00e9cu des b\u00e9n\u00e9ficiaires.<br>Elles permettent \u00e9galement le partage des exp\u00e9riences entre b\u00e9n\u00e9voles.<br>Les th\u00e8mes de ces formations sont, entre autres, choisis selon les besoins exprim\u00e9s par les b\u00e9n\u00e9voles.<br>Ils varient et ne se ressemblent pas : l\u2019\u00e9coute, le droit des \u00e9trangers, le fonctionnement d&rsquo;un C.P.A.S.,<br>la probl\u00e9matique du logement, des mises en situation d&rsquo;accompagnement au moyen de jeux de r\u00f4les,<br>les attitudes relationnelles fondamentales,&nbsp; faire face aux situations critiques,<br>le parcours d\u2019un migrant,\u2026<\/li><\/ul>\n<\/div>\n\n\n\n<div class=\"wp-block-column col33pct\">\n<figure class=\"wp-block-image\"><img src=\"\/wp-content\/uploads\/2019\/05\/1_img_0329.jpg\" alt=\"\"\/><\/figure>\n\n\n\n<p>Yvonne, toujours avenante, permet \u00e0 chacun de se sentir accueilli. Elle est b\u00e9n\u00e9vole accueillante.<\/p>\n\n\n\n<figure class=\"wp-block-image\"><img src=\"\/wp-content\/uploads\/2019\/05\/2_image6.jpeg\" alt=\"\"\/><\/figure>\n\n\n\n<p>Kasia, b\u00e9n\u00e9vole accueillante sociale, travaille le suivi d&rsquo;un dossier avec Arnaud, le responsable op\u00e9rationnel.<\/p>\n\n\n\n<figure class=\"wp-block-image\"><img src=\"\/wp-content\/uploads\/2019\/05\/3_00055.mts_.image_fixe001.jpg\" alt=\"\"\/><\/figure>\n\n\n\n<p>Jean-Pierre, b\u00e9n\u00e9vole accueillant social, aide une b\u00e9n\u00e9ficiaire \u00e0 comprendre ses documents<\/p>\n\n\n\n<figure class=\"wp-block-image\"><img src=\"\/wp-content\/uploads\/2019\/05\/4_00112.mts_.image_fixe001.jpg\" alt=\"\"\/><\/figure>\n\n\n\n<p>G\u00e9rard, b\u00e9n\u00e9vole accompagnant, part avec Mme x. vers la maison d&rsquo;accueil<\/p>\n\n\n\n<figure class=\"wp-block-image\"><img src=\"\/wp-content\/uploads\/2019\/05\/5_00240.mts_.image_fixe001.jpg\" alt=\"\"\/><\/figure>\n\n\n\n<p>Francine, b\u00e9n\u00e9vole du Service aux Partenaires, re\u00e7oit les demandes d&rsquo;accompagnement \u00e9manant d&rsquo;autres services.<\/p>\n\n\n\n<figure class=\"wp-block-image\"><img src=\"\/wp-content\/uploads\/2019\/05\/6_00345.mts_.image_fixe001.jpg\" alt=\"\"\/><\/figure>\n\n\n\n<p>Omar, b\u00e9n\u00e9vole accompagnant, aide Monsieur Y. dans sa recherche de logement.<\/p>\n\n\n\n<figure class=\"wp-block-image\"><img src=\"\/wp-content\/uploads\/2019\/05\/7_00296.mts_.image_fixe001.jpg\" alt=\"\"\/><\/figure>\n\n\n\n<p>Jean-Marie, b\u00e9n\u00e9vole accompagnant, se rend au Petit-Chateau pour y chercher Monsieur Z. afin d&rsquo;aller avec lui dans une administration.<\/p>\n\n\n\n<figure class=\"wp-block-image\"><img src=\"\/wp-content\/uploads\/2019\/05\/8_img_2174.jpg\" alt=\"\"\/><\/figure>\n\n\n\n<p>B\u00e9n\u00e9voles de tous types sont r\u00e9quisitionn\u00e9s \u00e0 certaines occasions, comme ici, pour la pr\u00e9paration de l&rsquo;envoi de notre Lettre-Info<\/p>\n<\/div>\n<\/div>\n<\/div>\n\n\n","protected":false},"excerpt":{"rendered":"","protected":false},"author":8,"featured_media":0,"parent":0,"menu_order":0,"comment_status":"closed","ping_status":"closed","template":"","meta":{"advgb_blocks_editor_width":"","advgb_blocks_columns_visual_guide":""},"yoast_head":"<!-- This site is optimized with the Yoast SEO plugin v16.3 - https:\/\/yoast.com\/wordpress\/plugins\/seo\/ -->\n<title>S&#039;engager avec Les Amis d&#039;Accompagner - Les Amis d\u2019Accompagner<\/title>\n<meta name=\"robots\" content=\"index, follow, max-snippet:-1, max-image-preview:large, max-video-preview:-1\" \/>\n<link rel=\"canonical\" href=\"https:\/\/bxl.accompagner.be\/fr\/sengager\/\" \/>\n<meta property=\"og:locale\" content=\"fr_FR\" \/>\n<meta property=\"og:type\" content=\"article\" \/>\n<meta property=\"og:title\" content=\"S&#039;engager avec Les Amis d&#039;Accompagner - Les Amis d\u2019Accompagner\" \/>\n<meta property=\"og:url\" content=\"https:\/\/bxl.accompagner.be\/fr\/sengager\/\" \/>\n<meta property=\"og:site_name\" content=\"Les Amis d\u2019Accompagner\" \/>\n<meta property=\"article:modified_time\" content=\"2020-07-10T12:17:50+00:00\" \/>\n<meta property=\"og:image\" content=\"https:\/\/bxl.accompagner.be\/wp-content\/uploads\/2019\/05\/1_img_0329.jpg\" \/>\n<meta name=\"twitter:card\" content=\"summary_large_image\" \/>\n<meta name=\"twitter:label1\" content=\"Dur\u00e9e de lecture est.\">\n\t<meta name=\"twitter:data1\" content=\"4 minutes\">\n<script type=\"application\/ld+json\" class=\"yoast-schema-graph\">{\"@context\":\"https:\/\/schema.org\",\"@graph\":[{\"@type\":\"WebSite\",\"@id\":\"https:\/\/bxl.accompagner.be\/fr\/#website\",\"url\":\"https:\/\/bxl.accompagner.be\/fr\/\",\"name\":\"Les Amis d\\u2019Accompagner\",\"description\":\"Ensemble, pas \\u00e0 pas!\",\"potentialAction\":[{\"@type\":\"SearchAction\",\"target\":\"https:\/\/bxl.accompagner.be\/fr\/?s={search_term_string}\",\"query-input\":\"required name=search_term_string\"}],\"inLanguage\":\"fr-FR\"},{\"@type\":\"ImageObject\",\"@id\":\"https:\/\/bxl.accompagner.be\/fr\/sengager\/#primaryimage\",\"inLanguage\":\"fr-FR\",\"url\":\"\/wp-content\/uploads\/2019\/05\/1_img_0329.jpg\",\"contentUrl\":\"\/wp-content\/uploads\/2019\/05\/1_img_0329.jpg\"},{\"@type\":\"WebPage\",\"@id\":\"https:\/\/bxl.accompagner.be\/fr\/sengager\/#webpage\",\"url\":\"https:\/\/bxl.accompagner.be\/fr\/sengager\/\",\"name\":\"S'engager avec Les Amis d'Accompagner - Les Amis d\\u2019Accompagner\",\"isPartOf\":{\"@id\":\"https:\/\/bxl.accompagner.be\/fr\/#website\"},\"primaryImageOfPage\":{\"@id\":\"https:\/\/bxl.accompagner.be\/fr\/sengager\/#primaryimage\"},\"datePublished\":\"2019-05-27T23:10:14+00:00\",\"dateModified\":\"2020-07-10T12:17:50+00:00\",\"breadcrumb\":{\"@id\":\"https:\/\/bxl.accompagner.be\/fr\/sengager\/#breadcrumb\"},\"inLanguage\":\"fr-FR\",\"potentialAction\":[{\"@type\":\"ReadAction\",\"target\":[\"https:\/\/bxl.accompagner.be\/fr\/sengager\/\"]}]},{\"@type\":\"BreadcrumbList\",\"@id\":\"https:\/\/bxl.accompagner.be\/fr\/sengager\/#breadcrumb\",\"itemListElement\":[{\"@type\":\"ListItem\",\"position\":1,\"item\":{\"@type\":\"WebPage\",\"@id\":\"https:\/\/bxl.accompagner.be\/fr\/\",\"url\":\"https:\/\/bxl.accompagner.be\/fr\/\",\"name\":\"Accueil\"}},{\"@type\":\"ListItem\",\"position\":2,\"item\":{\"@id\":\"https:\/\/bxl.accompagner.be\/fr\/sengager\/#webpage\"}}]}]}<\/script>\n<!-- \/ Yoast SEO plugin. -->","coauthors":[],"author_meta":{"author_link":"https:\/\/bxl.accompagner.be\/fr\/author\/phd2019\/","display_name":"PhD2019"},"relative_dates":{"created":"Posted 7 ans ago","modified":"Updated 6 ans ago"},"featured_img_caption":"","_links":{"self":[{"href":"https:\/\/bxl.accompagner.be\/fr\/wp-json\/wp\/v2\/pages\/3395"}],"collection":[{"href":"https:\/\/bxl.accompagner.be\/fr\/wp-json\/wp\/v2\/pages"}],"about":[{"href":"https:\/\/bxl.accompagner.be\/fr\/wp-json\/wp\/v2\/types\/page"}],"author":[{"embeddable":true,"href":"https:\/\/bxl.accompagner.be\/fr\/wp-json\/wp\/v2\/users\/8"}],"replies":[{"embeddable":true,"href":"https:\/\/bxl.accompagner.be\/fr\/wp-json\/wp\/v2\/comments?post=3395"}],"version-history":[{"count":4,"href":"https:\/\/bxl.accompagner.be\/fr\/wp-json\/wp\/v2\/pages\/3395\/revisions"}],"predecessor-version":[{"id":8957,"href":"https:\/\/bxl.accompagner.be\/fr\/wp-json\/wp\/v2\/pages\/3395\/revisions\/8957"}],"wp:attachment":[{"href":"https:\/\/bxl.accompagner.be\/fr\/wp-json\/wp\/v2\/media?parent=3395"}],"curies":[{"name":"wp","href":"https:\/\/api.w.org\/{rel}","templated":true}]}}