{"id":3437,"date":"2019-05-29T23:32:02","date_gmt":"2019-05-29T21:32:02","guid":{"rendered":"https:\/\/www3.accompagner.be\/?page_id=3437"},"modified":"2021-04-29T12:40:11","modified_gmt":"2021-04-29T10:40:11","slug":"don","status":"publish","type":"page","link":"https:\/\/bxl.accompagner.be\/fr\/don\/","title":{"rendered":"Nous aider financi\u00e8rement"},"content":{"rendered":"\n<div class=\"wp-block-columns has-2-columns\">\n<div class=\"wp-block-column col25pct cadre\">\n<p>Nos comptes contr\u00f4l\u00e9s sont publi\u00e9s en toute transparence sur<\/p>\n<p><a href=\"https:\/\/donorinfo.be\/fr\/organization\/les-amis-daccompagner-asbl\"><img loading=\"lazy\" class=\"aligncenter\" src=\"https:\/\/accompagner.be\/wp-content\/uploads\/Donorinfo_FR.png\" alt=\"Donorinfo_FR\" width=\"413\" height=\"236\" \/><\/a><\/p>\n<p style=\"text-align: center;\">\u00a0<\/p>\n<p>\u00a0<\/p>\n<p>\u00ab\u00a0Les Amis d\u2019Accompagner\u00a0\u00bb adh\u00e8re au Code \u00e9thique de l\u2019AERF.<\/p>\n<p>Vous avez un droit \u00e0 l\u2019information sur l\u2019utilisation des fonds r\u00e9colt\u00e9s.<\/p>\n<p style=\"text-align: center;\"><a href=\"http:\/\/www.vef-aerf.be\/\" target=\"_blank\" rel=\"noopener noreferrer\"><img style=\"width: 80%; height: 80%;\" src=\"\/wp-content\/uploads\/2019\/05\/vef-aerf_label_pms_def_v-296x300.jpg\" alt=\"\" \/><\/a><\/p>\n<\/div>\n\n\n\n<div class=\"wp-block-column col75pct\">\n<figure class=\"wp-block-image size-large\"><a href=\"https:\/\/accompagner.be\/wp-content\/uploads\/R\u00e9duction-Imp\u00f4ts-2020_FR.pdf\" target=\"_blank\" rel=\"noopener noreferrer\"><img loading=\"lazy\" width=\"1024\" height=\"390\" src=\"https:\/\/accompagner.be\/wp-content\/uploads\/Don_FR-1024x390.png\" alt=\"\" class=\"wp-image-9424\" srcset=\"https:\/\/bxl.accompagner.be\/wp-content\/uploads\/Don_FR-1024x390.png 1024w, https:\/\/bxl.accompagner.be\/wp-content\/uploads\/Don_FR-300x114.png 300w, https:\/\/bxl.accompagner.be\/wp-content\/uploads\/Don_FR-768x292.png 768w, https:\/\/bxl.accompagner.be\/wp-content\/uploads\/Don_FR-1536x584.png 1536w, https:\/\/bxl.accompagner.be\/wp-content\/uploads\/Don_FR-2048x779.png 2048w\" sizes=\"(max-width: 1024px) 100vw, 1024px\" \/><\/a><\/figure>\n\n\n\n<h3>Dons<\/h3>\n<div>\n<p>Versez votre don au compte <strong>BE25 1142 6095 4582<\/strong> de l&rsquo;a.s.b.l. \u00ab\u00a0Les Amis d&rsquo;Accompagner\u00a0\u00bb &#8211; Rue des braves 21, 1081 Koekelberg avec pour communication \u00ab\u00a0Don pour Accompagner\u00a0\u00bb.<\/p>\n<p>Dans le courant du premier trimestre de l&rsquo;ann\u00e9e prochaine, nous vous enverrons l&rsquo;attestation fiscale pour tout don atteignant <strong>40\u20ac,\u00a0<\/strong>ou plus, sur l&rsquo;ensemble de l&rsquo;ann\u00e9e.<\/p>\n<p><strong>D\u00e9j\u00e0 merci pour votre aide.<\/strong><\/p>\n<\/div>\n<h3><br \/>Donations et Legs<\/h3>\n<p><span style=\"line-height: 1.538em;\">Pour les montants plus importants et les legs, n&rsquo;h\u00e9sitez pas \u00e0 contacter le P. Guy Leroy \u00e0 l&rsquo;adresse mail : bruxelles.pre@accompagner.be .<\/span><\/p>\n<p>Nous sommes \u00e0 votre disposition pour toute question relative \u00e0 notre fonctionnement, \u00e0 nos besoins financiers, \u00e0 nos comptes, aux dons, aux attestations fiscales, donations, legs.<\/p>\n<p>Vous pouvez \u00e9galement consulter tous nos documents comptables sur la page\u00a0<a href=\"https:\/\/bxl.accompagner.be\/fr\/documents\/\">\u00ab\u00a0Documents\u00a0\u00bb<\/a>\u00a0.<\/p>\n<\/div>\n<\/div>\n","protected":false},"excerpt":{"rendered":"","protected":false},"author":8,"featured_media":0,"parent":0,"menu_order":0,"comment_status":"closed","ping_status":"closed","template":"","meta":{"advgb_blocks_editor_width":"","advgb_blocks_columns_visual_guide":""},"yoast_head":"<!-- This site is optimized with the Yoast SEO plugin v16.3 - https:\/\/yoast.com\/wordpress\/plugins\/seo\/ -->\n<title>Nous aider financi\u00e8rement - Les Amis d\u2019Accompagner<\/title>\n<meta name=\"robots\" content=\"index, follow, max-snippet:-1, max-image-preview:large, max-video-preview:-1\" \/>\n<link rel=\"canonical\" href=\"https:\/\/bxl.accompagner.be\/fr\/don\/\" \/>\n<meta property=\"og:locale\" content=\"fr_FR\" \/>\n<meta property=\"og:type\" content=\"article\" \/>\n<meta property=\"og:title\" content=\"Nous aider financi\u00e8rement - Les Amis d\u2019Accompagner\" \/>\n<meta property=\"og:url\" content=\"https:\/\/bxl.accompagner.be\/fr\/don\/\" \/>\n<meta property=\"og:site_name\" content=\"Les Amis d\u2019Accompagner\" \/>\n<meta property=\"article:modified_time\" content=\"2021-04-29T10:40:11+00:00\" \/>\n<meta property=\"og:image\" content=\"https:\/\/accompagner.be\/wp-content\/uploads\/Donorinfo_FR.png\" \/>\n<meta name=\"twitter:card\" content=\"summary_large_image\" \/>\n<meta name=\"twitter:label1\" content=\"Dur\u00e9e de lecture est.\">\n\t<meta name=\"twitter:data1\" content=\"1 minute\">\n<script type=\"application\/ld+json\" class=\"yoast-schema-graph\">{\"@context\":\"https:\/\/schema.org\",\"@graph\":[{\"@type\":\"WebSite\",\"@id\":\"https:\/\/bxl.accompagner.be\/fr\/#website\",\"url\":\"https:\/\/bxl.accompagner.be\/fr\/\",\"name\":\"Les Amis d\\u2019Accompagner\",\"description\":\"Ensemble, pas \\u00e0 pas!\",\"potentialAction\":[{\"@type\":\"SearchAction\",\"target\":\"https:\/\/bxl.accompagner.be\/fr\/?s={search_term_string}\",\"query-input\":\"required name=search_term_string\"}],\"inLanguage\":\"fr-FR\"},{\"@type\":\"ImageObject\",\"@id\":\"https:\/\/bxl.accompagner.be\/fr\/don\/#primaryimage\",\"inLanguage\":\"fr-FR\",\"url\":\"https:\/\/accompagner.be\/wp-content\/uploads\/Donorinfo_FR.png\",\"contentUrl\":\"https:\/\/accompagner.be\/wp-content\/uploads\/Donorinfo_FR.png\"},{\"@type\":\"WebPage\",\"@id\":\"https:\/\/bxl.accompagner.be\/fr\/don\/#webpage\",\"url\":\"https:\/\/bxl.accompagner.be\/fr\/don\/\",\"name\":\"Nous aider financi\\u00e8rement - Les Amis d\\u2019Accompagner\",\"isPartOf\":{\"@id\":\"https:\/\/bxl.accompagner.be\/fr\/#website\"},\"primaryImageOfPage\":{\"@id\":\"https:\/\/bxl.accompagner.be\/fr\/don\/#primaryimage\"},\"datePublished\":\"2019-05-29T21:32:02+00:00\",\"dateModified\":\"2021-04-29T10:40:11+00:00\",\"breadcrumb\":{\"@id\":\"https:\/\/bxl.accompagner.be\/fr\/don\/#breadcrumb\"},\"inLanguage\":\"fr-FR\",\"potentialAction\":[{\"@type\":\"ReadAction\",\"target\":[\"https:\/\/bxl.accompagner.be\/fr\/don\/\"]}]},{\"@type\":\"BreadcrumbList\",\"@id\":\"https:\/\/bxl.accompagner.be\/fr\/don\/#breadcrumb\",\"itemListElement\":[{\"@type\":\"ListItem\",\"position\":1,\"item\":{\"@type\":\"WebPage\",\"@id\":\"https:\/\/bxl.accompagner.be\/fr\/\",\"url\":\"https:\/\/bxl.accompagner.be\/fr\/\",\"name\":\"Accueil\"}},{\"@type\":\"ListItem\",\"position\":2,\"item\":{\"@id\":\"https:\/\/bxl.accompagner.be\/fr\/don\/#webpage\"}}]}]}<\/script>\n<!-- \/ Yoast SEO plugin. -->","coauthors":[],"author_meta":{"author_link":"https:\/\/bxl.accompagner.be\/fr\/author\/phd2019\/","display_name":"PhD2019"},"relative_dates":{"created":"Posted 7 ans ago","modified":"Updated 5 ans ago"},"featured_img_caption":"","_links":{"self":[{"href":"https:\/\/bxl.accompagner.be\/fr\/wp-json\/wp\/v2\/pages\/3437"}],"collection":[{"href":"https:\/\/bxl.accompagner.be\/fr\/wp-json\/wp\/v2\/pages"}],"about":[{"href":"https:\/\/bxl.accompagner.be\/fr\/wp-json\/wp\/v2\/types\/page"}],"author":[{"embeddable":true,"href":"https:\/\/bxl.accompagner.be\/fr\/wp-json\/wp\/v2\/users\/8"}],"replies":[{"embeddable":true,"href":"https:\/\/bxl.accompagner.be\/fr\/wp-json\/wp\/v2\/comments?post=3437"}],"version-history":[{"count":3,"href":"https:\/\/bxl.accompagner.be\/fr\/wp-json\/wp\/v2\/pages\/3437\/revisions"}],"predecessor-version":[{"id":10317,"href":"https:\/\/bxl.accompagner.be\/fr\/wp-json\/wp\/v2\/pages\/3437\/revisions\/10317"}],"wp:attachment":[{"href":"https:\/\/bxl.accompagner.be\/fr\/wp-json\/wp\/v2\/media?parent=3437"}],"curies":[{"name":"wp","href":"https:\/\/api.w.org\/{rel}","templated":true}]}}