{"id":3513,"date":"2019-06-14T22:22:03","date_gmt":"2019-06-14T20:22:03","guid":{"rendered":"https:\/\/www3.accompagner.be\/?page_id=3513"},"modified":"2022-04-28T11:23:19","modified_gmt":"2022-04-28T09:23:19","slug":"contact","status":"publish","type":"page","link":"https:\/\/bxl.accompagner.be\/fr\/contact\/","title":{"rendered":"Contact"},"content":{"rendered":"\t\t<div data-elementor-type=\"wp-page\" data-elementor-id=\"3513\" class=\"elementor elementor-3513\" data-elementor-settings=\"[]\">\n\t\t\t\t\t\t<div class=\"elementor-inner\">\n\t\t\t\t\t\t\t<div class=\"elementor-section-wrap\">\n\t\t\t\t\t\t\t<section class=\"elementor-section elementor-top-section elementor-element elementor-element-1a332bf elementor-section-full_width elementor-section-height-default elementor-section-height-default\" data-id=\"1a332bf\" data-element_type=\"section\">\n\t\t\t\t\t\t<div class=\"elementor-container elementor-column-gap-default\">\n\t\t\t\t\t\t\t<div class=\"elementor-row\">\n\t\t\t\t\t<div class=\"elementor-column elementor-col-33 elementor-top-column elementor-element elementor-element-e750068\" data-id=\"e750068\" data-element_type=\"column\">\n\t\t\t<div class=\"elementor-column-wrap elementor-element-populated\">\n\t\t\t\t\t\t\t<div class=\"elementor-widget-wrap\">\n\t\t\t\t\t\t<div class=\"elementor-element elementor-element-017c856 elementor-widget elementor-widget-text-editor\" data-id=\"017c856\" data-element_type=\"widget\" data-widget_type=\"text-editor.default\">\n\t\t\t\t<div class=\"elementor-widget-container\">\n\t\t\t\t\t\t\t\t<div class=\"elementor-text-editor elementor-clearfix\">\n\t\t\t\t\t<h5>Nous rejoindre:<\/h5><h2><a href=\"https:\/\/www.google.com\/maps\/dir\/\/les+amis+d'accompagner\/@50.860697,4.3258893,16z\/data=!4m8!4m7!1m0!1m5!1m1!1s0x47c3c3ee57e2520f:0x49ab42f57be461f8!2m2!1d4.3339102!2d50.8598729\" target=\"_blank\" rel=\"noopener\"><img loading=\"lazy\" class=\"alignnone wp-image-9843 size-full\" src=\"https:\/\/accompagner.be\/wp-content\/uploads\/Plan-Contact-Site-2020.jpg\" alt=\"\" width=\"945\" height=\"714\" srcset=\"https:\/\/bxl.accompagner.be\/wp-content\/uploads\/Plan-Contact-Site-2020.jpg 945w, https:\/\/bxl.accompagner.be\/wp-content\/uploads\/Plan-Contact-Site-2020-300x227.jpg 300w, https:\/\/bxl.accompagner.be\/wp-content\/uploads\/Plan-Contact-Site-2020-768x580.jpg 768w\" sizes=\"(max-width: 945px) 100vw, 945px\" \/><\/a><\/h2>\t\t\t\t\t<\/div>\n\t\t\t\t\t\t<\/div>\n\t\t\t\t<\/div>\n\t\t\t\t\t\t<\/div>\n\t\t\t\t\t<\/div>\n\t\t<\/div>\n\t\t\t\t<div class=\"elementor-column elementor-col-33 elementor-top-column elementor-element elementor-element-c33cf8a\" data-id=\"c33cf8a\" data-element_type=\"column\">\n\t\t\t<div class=\"elementor-column-wrap elementor-element-populated\">\n\t\t\t\t\t\t\t<div class=\"elementor-widget-wrap\">\n\t\t\t\t\t\t<div class=\"elementor-element elementor-element-6a753fb elementor-widget elementor-widget-text-editor\" data-id=\"6a753fb\" data-element_type=\"widget\" data-widget_type=\"text-editor.default\">\n\t\t\t\t<div class=\"elementor-widget-container\">\n\t\t\t\t\t\t\t\t<div class=\"elementor-text-editor elementor-clearfix\">\n\t\t\t\t\t<h5 style=\"text-align: center;\">Rue \u00c9mile Sergijsels \u00a023<br \/>1081 Koekelberg<br \/><a href=\"mailto:bruxelles@accompagner.be\">bruxelles@accompagner.be<\/a><br \/><span role=\"link\" aria-label=\"Appeler le 02 580 20 30\">02\/580.20.30<\/span><\/h5><p style=\"text-align: center;\">A proximit\u00e9 de l&rsquo;arr\u00eat de :<br \/>M\u00e9tro 1 &#8211; 2 &#8211; 5 &#8211; 6\u00a0 \u00a0 \u00a0 \u00a0 \u00a0 \u00a0 \u00a0Tram 9 &#8211; 19 &#8211; 51<\/p><p style=\"text-align: center;\">Bus 13 &#8211; 14 &#8211; 20 &#8211; 49 &#8211; 87 &#8211; 89\u00a0\u00a0<\/p><p style=\"text-align: center;\">Bus Delijn 129 &#8211; 213 &#8211; 214 &#8211; 355 &#8211; 620<\/p><p style=\"text-align: center;\">Permanence de notre service d&rsquo;accueil et d&rsquo;orientation socio-juridique :<\/p><p style=\"text-align: center;\">lundi \u00e0 jeudi de <strong>9h \u00e0 13h <\/strong>puis de <strong>13h30 \u00e0 16h30<\/strong><\/p><p style=\"text-align: center;\">et le vendredi de<strong> 09h \u00e0 13h<\/strong><br \/>&#8212;<\/p>\t\t\t\t\t<\/div>\n\t\t\t\t\t\t<\/div>\n\t\t\t\t<\/div>\n\t\t\t\t\t\t<\/div>\n\t\t\t\t\t<\/div>\n\t\t<\/div>\n\t\t\t\t<div class=\"elementor-column elementor-col-33 elementor-top-column elementor-element elementor-element-777de76\" data-id=\"777de76\" data-element_type=\"column\">\n\t\t\t<div class=\"elementor-column-wrap elementor-element-populated\">\n\t\t\t\t\t\t\t<div class=\"elementor-widget-wrap\">\n\t\t\t\t\t\t<div class=\"elementor-element elementor-element-25c5429 elementor-widget elementor-widget-text-editor\" data-id=\"25c5429\" data-element_type=\"widget\" data-widget_type=\"text-editor.default\">\n\t\t\t\t<div class=\"elementor-widget-container\">\n\t\t\t\t\t\t\t\t<div class=\"elementor-text-editor elementor-clearfix\">\n\t\t\t\t\t<p>Nous contacter<\/p>\t\t\t\t\t<\/div>\n\t\t\t\t\t\t<\/div>\n\t\t\t\t<\/div>\n\t\t\t\t<div class=\"elementor-element elementor-element-c75b6b4 elementor-button-align-center elementor-widget elementor-widget-form\" data-id=\"c75b6b4\" data-element_type=\"widget\" data-settings=\"{&quot;step_next_label&quot;:&quot;Suivant&quot;,&quot;step_previous_label&quot;:&quot;Pr\\u00e9c\\u00e9dent&quot;,&quot;button_width&quot;:&quot;100&quot;,&quot;step_type&quot;:&quot;number_text&quot;,&quot;step_icon_shape&quot;:&quot;circle&quot;}\" data-widget_type=\"form.default\">\n\t\t\t\t<div class=\"elementor-widget-container\">\n\t\t\t\t\t<form class=\"elementor-form\" method=\"post\" id=\"webform-contact\" name=\"Nous contacter\">\n\t\t\t<input type=\"hidden\" name=\"post_id\" value=\"3513\"\/>\n\t\t\t<input type=\"hidden\" name=\"form_id\" value=\"c75b6b4\"\/>\n\n\t\t\t\n\t\t\t<div class=\"elementor-form-fields-wrapper elementor-labels-above\">\n\t\t\t\t\t\t\t\t<div class=\"elementor-field-type-hidden elementor-field-group elementor-column elementor-field-group-langue_formulaire elementor-col-100\">\n\t\t\t\t\t<input size=\"1\" type=\"hidden\" name=\"form_fields[langue_formulaire]\" id=\"form-field-langue_formulaire\" class=\"elementor-field elementor-size-sm  elementor-field-textual\" value=\"fr\">\t\t\t\t<\/div>\n\t\t\t\t\t\t\t\t<div class=\"elementor-field-type-checkbox elementor-field-group elementor-column elementor-field-group-field_1 elementor-col-100\">\n\t\t\t\t\t<label for=\"form-field-field_1\" class=\"elementor-field-label\">En soumettant ce formulaire, j'accepte que les informations saisies dans ce formulaire soient utilis\u00e9es par l\u2019ASBL Les Amis d\u2019Accompagner pour lui permettre de :<\/label><div class=\"elementor-field-subgroup  elementor-subgroup-inline\"><span class=\"elementor-field-option\"><input type=\"checkbox\" value=\"me contacter     \" id=\"form-field-field_1-0\" name=\"form_fields[field_1][]\"> <label for=\"form-field-field_1-0\">me contacter     <\/label><\/span><span class=\"elementor-field-option\"><input type=\"checkbox\" value=\"m\u2019envoyer la newsletter dans le cadre de la relation qui r\u00e9sulte de cette prise de contact.\" id=\"form-field-field_1-1\" name=\"form_fields[field_1][]\"> <label for=\"form-field-field_1-1\">m\u2019envoyer la newsletter dans le cadre de la relation qui r\u00e9sulte de cette prise de contact.<\/label><\/span><\/div>\t\t\t\t<\/div>\n\t\t\t\t\t\t\t\t<div class=\"elementor-field-type-text elementor-field-group elementor-column elementor-field-group-field_2 elementor-col-100 elementor-field-required elementor-mark-required\">\n\t\t\t\t\t<label for=\"form-field-field_2\" class=\"elementor-field-label\">Nom<\/label><input size=\"1\" type=\"text\" name=\"form_fields[field_2]\" id=\"form-field-field_2\" class=\"elementor-field elementor-size-sm  elementor-field-textual\" placeholder=\"Nom\" required=\"required\" aria-required=\"true\">\t\t\t\t<\/div>\n\t\t\t\t\t\t\t\t<div class=\"elementor-field-type-text elementor-field-group elementor-column elementor-field-group-Prenom elementor-col-100\">\n\t\t\t\t\t<label for=\"form-field-Prenom\" class=\"elementor-field-label\">Pr\u00e9nom<\/label><input size=\"1\" type=\"text\" name=\"form_fields[Prenom]\" id=\"form-field-Prenom\" class=\"elementor-field elementor-size-sm  elementor-field-textual\">\t\t\t\t<\/div>\n\t\t\t\t\t\t\t\t<div class=\"elementor-field-type-text elementor-field-group elementor-column elementor-field-group-Telephone elementor-col-100\">\n\t\t\t\t\t<label for=\"form-field-Telephone\" class=\"elementor-field-label\">N\u00b0 de t\u00e9l\u00e9phone<\/label><input size=\"1\" type=\"text\" name=\"form_fields[Telephone]\" id=\"form-field-Telephone\" class=\"elementor-field elementor-size-sm  elementor-field-textual\">\t\t\t\t<\/div>\n\t\t\t\t\t\t\t\t<div class=\"elementor-field-type-email elementor-field-group elementor-column elementor-field-group-email elementor-col-100 elementor-field-required elementor-mark-required\">\n\t\t\t\t\t<label for=\"form-field-email\" class=\"elementor-field-label\">Adresse mail<\/label><input size=\"1\" type=\"email\" name=\"form_fields[email]\" id=\"form-field-email\" class=\"elementor-field elementor-size-sm  elementor-field-textual\" placeholder=\"E-mail\" required=\"required\" aria-required=\"true\">\t\t\t\t<\/div>\n\t\t\t\t\t\t\t\t<div class=\"elementor-field-type-textarea elementor-field-group elementor-column elementor-field-group-message elementor-col-100 elementor-field-required elementor-mark-required\">\n\t\t\t\t\t<label for=\"form-field-message\" class=\"elementor-field-label\">Message<\/label><textarea class=\"elementor-field-textual elementor-field  elementor-size-sm\" name=\"form_fields[message]\" id=\"form-field-message\" rows=\"4\" placeholder=\"Message\" required=\"required\" aria-required=\"true\"><\/textarea>\t\t\t\t<\/div>\n\t\t\t\t\t\t\t\t<div class=\"elementor-field-type-recaptcha elementor-field-group elementor-column elementor-field-group-captcha elementor-col-100\">\n\t\t\t\t\t<div class=\"elementor-field\" id=\"form-field-captcha\"><div class=\"elementor-g-recaptcha\" data-sitekey=\"6Let9agUAAAAAHjlGG8Fcs9lMke2JcN-8o7aMWAw\" data-type=\"v2_checkbox\" data-theme=\"light\" data-size=\"normal\"><\/div><\/div>\t\t\t\t<\/div>\n\t\t\t\t\t\t\t\t<div class=\"elementor-field-group elementor-column elementor-field-type-submit elementor-col-100 e-form__buttons\">\n\t\t\t\t\t<button type=\"submit\" class=\"elementor-button elementor-size-md\" id=\"bt-submit\">\n\t\t\t\t\t\t<span >\n\t\t\t\t\t\t\t\t\t\t\t\t\t\t\t<span class=\" elementor-button-icon\">\n\t\t\t\t\t\t\t\t\t\t\t\t\t\t\t\t\t\t\t\t\t\t\t\t\t\t<\/span>\n\t\t\t\t\t\t\t\t\t\t\t\t\t\t\t\t\t\t\t\t\t\t<span class=\"elementor-button-text\">Envoyer<\/span>\n\t\t\t\t\t\t\t\t\t\t\t\t\t<\/span>\n\t\t\t\t\t<\/button>\n\t\t\t\t<\/div>\n\t\t\t<\/div>\n\t\t<\/form>\n\t\t\t\t<\/div>\n\t\t\t\t<\/div>\n\t\t\t\t\t\t<\/div>\n\t\t\t\t\t<\/div>\n\t\t<\/div>\n\t\t\t\t\t\t\t\t<\/div>\n\t\t\t\t\t<\/div>\n\t\t<\/section>\n\t\t\t\t\t\t<\/div>\n\t\t\t\t\t\t<\/div>\n\t\t\t\t\t<\/div>\n\t\t","protected":false},"excerpt":{"rendered":"<p>Nous rejoindre: Rue \u00c9mile Sergijsels &nbsp;23 1081 Koekelberg bruxelles@accompagner.be 02\/580.20.30 A proximit\u00e9 de l&rsquo;arr\u00eat de : M\u00e9tro 1 &#8211; 2 &#8211; 5 &#8211; 6&nbsp; &nbsp; &nbsp; &nbsp; &nbsp; &nbsp; &nbsp;Tram 9 &#8211; 19 &#8211; 51 Bus 13 &#8211; 14 &#8211; 20 &#8211; 49 &#8211; 87 &#8211; 89&nbsp;&nbsp; Bus Delijn 129 &#8211; 213 &#8211; 214 &#8211; [&hellip;]<\/p>\n","protected":false},"author":8,"featured_media":0,"parent":0,"menu_order":0,"comment_status":"closed","ping_status":"closed","template":"","meta":{"advgb_blocks_editor_width":"","advgb_blocks_columns_visual_guide":""},"yoast_head":"<!-- This site is optimized with the Yoast SEO plugin v16.3 - https:\/\/yoast.com\/wordpress\/plugins\/seo\/ -->\n<title>Contact - Les Amis d\u2019Accompagner<\/title>\n<meta name=\"robots\" content=\"index, follow, max-snippet:-1, max-image-preview:large, max-video-preview:-1\" \/>\n<link rel=\"canonical\" href=\"https:\/\/bxl.accompagner.be\/fr\/contact\/\" \/>\n<meta property=\"og:locale\" content=\"fr_FR\" \/>\n<meta property=\"og:type\" content=\"article\" \/>\n<meta property=\"og:title\" content=\"Contact - Les Amis d\u2019Accompagner\" \/>\n<meta property=\"og:description\" content=\"Nous rejoindre: Rue \u00c9mile Sergijsels &nbsp;23 1081 Koekelberg bruxelles@accompagner.be 02\/580.20.30 A proximit\u00e9 de l&rsquo;arr\u00eat de : M\u00e9tro 1 &#8211; 2 &#8211; 5 &#8211; 6&nbsp; &nbsp; &nbsp; &nbsp; &nbsp; &nbsp; &nbsp;Tram 9 &#8211; 19 &#8211; 51 Bus 13 &#8211; 14 &#8211; 20 &#8211; 49 &#8211; 87 &#8211; 89&nbsp;&nbsp; Bus Delijn 129 &#8211; 213 &#8211; 214 &#8211; [&hellip;]\" \/>\n<meta property=\"og:url\" content=\"https:\/\/bxl.accompagner.be\/fr\/contact\/\" \/>\n<meta property=\"og:site_name\" content=\"Les Amis d\u2019Accompagner\" \/>\n<meta property=\"article:modified_time\" content=\"2022-04-28T09:23:19+00:00\" \/>\n<meta property=\"og:image\" content=\"https:\/\/accompagner.be\/wp-content\/uploads\/Plan-Contact-Site-2020.jpg\" \/>\n<meta name=\"twitter:card\" content=\"summary_large_image\" \/>\n<meta name=\"twitter:label1\" content=\"Dur\u00e9e de lecture est.\">\n\t<meta name=\"twitter:data1\" content=\"1 minute\">\n<script type=\"application\/ld+json\" class=\"yoast-schema-graph\">{\"@context\":\"https:\/\/schema.org\",\"@graph\":[{\"@type\":\"WebSite\",\"@id\":\"https:\/\/bxl.accompagner.be\/fr\/#website\",\"url\":\"https:\/\/bxl.accompagner.be\/fr\/\",\"name\":\"Les Amis d\\u2019Accompagner\",\"description\":\"Ensemble, pas \\u00e0 pas!\",\"potentialAction\":[{\"@type\":\"SearchAction\",\"target\":\"https:\/\/bxl.accompagner.be\/fr\/?s={search_term_string}\",\"query-input\":\"required name=search_term_string\"}],\"inLanguage\":\"fr-FR\"},{\"@type\":\"ImageObject\",\"@id\":\"https:\/\/bxl.accompagner.be\/fr\/contact\/#primaryimage\",\"inLanguage\":\"fr-FR\",\"url\":\"https:\/\/accompagner.be\/wp-content\/uploads\/Plan-Contact-Site-2020.jpg\",\"contentUrl\":\"https:\/\/accompagner.be\/wp-content\/uploads\/Plan-Contact-Site-2020.jpg\"},{\"@type\":\"WebPage\",\"@id\":\"https:\/\/bxl.accompagner.be\/fr\/contact\/#webpage\",\"url\":\"https:\/\/bxl.accompagner.be\/fr\/contact\/\",\"name\":\"Contact - Les Amis d\\u2019Accompagner\",\"isPartOf\":{\"@id\":\"https:\/\/bxl.accompagner.be\/fr\/#website\"},\"primaryImageOfPage\":{\"@id\":\"https:\/\/bxl.accompagner.be\/fr\/contact\/#primaryimage\"},\"datePublished\":\"2019-06-14T20:22:03+00:00\",\"dateModified\":\"2022-04-28T09:23:19+00:00\",\"breadcrumb\":{\"@id\":\"https:\/\/bxl.accompagner.be\/fr\/contact\/#breadcrumb\"},\"inLanguage\":\"fr-FR\",\"potentialAction\":[{\"@type\":\"ReadAction\",\"target\":[\"https:\/\/bxl.accompagner.be\/fr\/contact\/\"]}]},{\"@type\":\"BreadcrumbList\",\"@id\":\"https:\/\/bxl.accompagner.be\/fr\/contact\/#breadcrumb\",\"itemListElement\":[{\"@type\":\"ListItem\",\"position\":1,\"item\":{\"@type\":\"WebPage\",\"@id\":\"https:\/\/bxl.accompagner.be\/fr\/\",\"url\":\"https:\/\/bxl.accompagner.be\/fr\/\",\"name\":\"Accueil\"}},{\"@type\":\"ListItem\",\"position\":2,\"item\":{\"@id\":\"https:\/\/bxl.accompagner.be\/fr\/contact\/#webpage\"}}]}]}<\/script>\n<!-- \/ Yoast SEO plugin. -->","coauthors":[],"author_meta":{"author_link":"https:\/\/bxl.accompagner.be\/fr\/author\/phd2019\/","display_name":"PhD2019"},"relative_dates":{"created":"Posted 7 ans ago","modified":"Updated 4 ans ago"},"featured_img_caption":"","_links":{"self":[{"href":"https:\/\/bxl.accompagner.be\/fr\/wp-json\/wp\/v2\/pages\/3513"}],"collection":[{"href":"https:\/\/bxl.accompagner.be\/fr\/wp-json\/wp\/v2\/pages"}],"about":[{"href":"https:\/\/bxl.accompagner.be\/fr\/wp-json\/wp\/v2\/types\/page"}],"author":[{"embeddable":true,"href":"https:\/\/bxl.accompagner.be\/fr\/wp-json\/wp\/v2\/users\/8"}],"replies":[{"embeddable":true,"href":"https:\/\/bxl.accompagner.be\/fr\/wp-json\/wp\/v2\/comments?post=3513"}],"version-history":[{"count":9,"href":"https:\/\/bxl.accompagner.be\/fr\/wp-json\/wp\/v2\/pages\/3513\/revisions"}],"predecessor-version":[{"id":10968,"href":"https:\/\/bxl.accompagner.be\/fr\/wp-json\/wp\/v2\/pages\/3513\/revisions\/10968"}],"wp:attachment":[{"href":"https:\/\/bxl.accompagner.be\/fr\/wp-json\/wp\/v2\/media?parent=3513"}],"curies":[{"name":"wp","href":"https:\/\/api.w.org\/{rel}","templated":true}]}}