{"id":3548,"date":"2019-06-25T22:48:06","date_gmt":"2019-06-25T20:48:06","guid":{"rendered":"https:\/\/www3.accompagner.be\/?page_id=3548"},"modified":"2020-07-10T12:52:54","modified_gmt":"2020-07-10T10:52:54","slug":"historique","status":"publish","type":"page","link":"https:\/\/bxl.accompagner.be\/fr\/historique\/","title":{"rendered":"Historique"},"content":{"rendered":"\n<div class=\"wp-block-advgb-container advgb-blocks-container\">\n<h3>\u00c9v\u00e9nement fondateur<\/h3>\n\n\n\n<p>Dans les ann\u00e9es 1980, Ghislaine Radoux-Rogier, membre de la communaut\u00e9 Maranatha, &nbsp;veuve d\u2019un avocat de Charleroi tr\u00e8s engag\u00e9 au service des pauvres, prolonge son \u0153uvre, \u00e0 Bruxelles. Elle accueille toute d\u00e9tresse.<\/p>\n\n\n\n<h3>On s\u2019organise<\/h3>\n\n\n\n<p>Beaucoup de d\u00e9vouement mais peu d\u2019organisation&nbsp;! Le P\u00e8re Lambert, fondateur de la Communaut\u00e9 Maranatha, demande \u00e0 Guy Leroy d\u2019aider Ghislaine Radoux-Rogier. Second\u00e9 par quelques b\u00e9n\u00e9voles, Guy met en place une structure d\u2019accompagnement.<\/p>\n\n\n\n<p>Apr\u00e8s son ordination sacerdotale, en 1984, le P\u00e8re Guy \u00e9largit l\u2019action d\u2019accompagnement aux SDF et aux d\u00e9favoris\u00e9s du quartier de l\u2019\u00e9glise Ste Marie-Madeleine \u00e0 Bruxelles-Centre o\u00f9 il officie. <strong>L\u2019embryon d\u2019Accompagner<\/strong> prend vie.<\/p>\n\n\n\n<h3>Ann\u00e9e 2000<\/h3>\n\n\n\n<p>Une occasion de plus se pr\u00e9sente. Au niveau international, la Congr\u00e9gation des Religieux de l\u2019Assomption lance un appel \u00e0 projets r\u00e9solument tourn\u00e9s vers le service aux pauvres. Le projet d\u2019accompagnement de terrain de Bruxelles est retenu.<\/p>\n\n\n\n<p>Une A<strong>ssociation Internationale<\/strong> (\u00ab&nbsp;Accompagner&nbsp;\u00bb) est cr\u00e9\u00e9e. Sa mission sera d\u2019accompagner les personnes en difficult\u00e9 dans toutes les d\u00e9marches \u00e0 effectuer pour d\u00e9fendre leurs droits et leur permettre de retrouver leur autonomie d\u2019action. On est ainsi pass\u00e9 d\u2019une aide ponctuelle \u00e0 une aide permanente.<\/p>\n\n\n\n<h3>Ann\u00e9e 2001<\/h3>\n\n\n\n<p>Des locaux sont lou\u00e9s. Du personnel professionnel est engag\u00e9. Les demandes se font de plus en plus nombreuses. Une organisation plus efficace et encore mieux structur\u00e9e est mise en place.<\/p>\n\n\n\n<h3>Ann\u00e9e 2004<\/h3>\n\n\n\n<p>L\u2019O.N.G. caritative <strong>\u00ab&nbsp;Action Vivre Ensemble&nbsp;\u00bb<\/strong> reconna\u00eet la pertinence du service rendu par Accompagner et lui octroie un soutien financier qui sera r\u00e9it\u00e9r\u00e9 en 2007 et 2009.<\/p>\n\n\n\n<h3>Ann\u00e9e 2006<\/h3>\n\n\n\n<p>L\u2019Association Internationale passe la main. <strong>Une Asbl belge \u00ab&nbsp;Les Amis d\u2019Accompagner&nbsp;\u00bb est cr\u00e9\u00e9e<\/strong> pour reprendre et d\u00e9velopper le travail d\u2019accompagnement au plan national. L\u2019objectif prioritaire est d\u2019associer davantage les b\u00e9n\u00e9voles \u00e0 la vie du projet et de le rendre p\u00e9renne.<\/p>\n\n\n\n<h3>Ann\u00e9e 2007<\/h3>\n\n\n\n<p>Reconnaissance de l\u2019action sp\u00e9cifique des Amis d\u2019Accompagner par l\u2019octroi d\u2019une aide financi\u00e8re du Fonds Pauvret\u00e9 g\u00e9r\u00e9 par la <strong>\u00ab&nbsp;Fondation Roi Baudouin&nbsp;\u00bb. <\/strong>L\u2019asbl se voit d\u00e9cerner le Prix du civisme par la Commune de Koekelberg.<\/p>\n\n\n\n<h3>Ann\u00e9e 2009<\/h3>\n\n\n\n<p>L\u2019Association \u00ab&nbsp;Les&nbsp;Amis d\u2019Accompagner&nbsp;\u00bb est plac\u00e9e&nbsp;pour deux ans <strong>\u00ab&nbsp;Sous le Haut Patronage de Son Altesse la Princesse Astrid&nbsp;\u00bb.<\/strong><\/p>\n\n\n\n<h3>Ann\u00e9e 2010<\/h3>\n\n\n\n<p>L\u2019Association est s\u00e9lectionn\u00e9e par la Commune de Koekelberg dans le cadre du&nbsp;<strong>Programme Communal de \u00ab&nbsp;Coh\u00e9sion sociale 2011-2015<\/strong>\u00bb organis\u00e9 par la Commission de la Communaut\u00e9 Fran\u00e7aise (CoCoF). Le travail en faveur des primo-arrivants est ainsi encourag\u00e9 et Les Amis d\u2019Accompagner est reconnue comme <strong>Association \u00ab&nbsp;d\u2019utilit\u00e9 publique&nbsp;\u00bb.<\/strong><\/p>\n\n\n\n<h3>Ann\u00e9e 2011<\/h3>\n\n\n\n<p>Le 15 mai sont f\u00eat\u00e9s dix ans de d\u00e9vouement au service des plus d\u00e9munis. <strong>Son Altesse Royale la Princesse Astrid renouvelle son Haut Patronage aux \u00ab&nbsp;Amis d\u2019Accompagner&nbsp;\u00bb<\/strong> et ce, pour une dur\u00e9e de cinq ans. De plus, les \u00ab&nbsp;Amis d\u2019Accompagner&nbsp;\u00bb signe une <strong>convention de trois ans avec l\u2019O.N.G. \u00ab&nbsp;Action Vivre Ensemble&nbsp;\u00bb.<\/strong><\/p>\n\n\n\n<h3>Ann\u00e9e 2012<\/h3>\n\n\n\n<p><strong>C\u2019est l\u2019ann\u00e9e des b\u00e9n\u00e9voles&nbsp;!<\/strong> Ceux-ci, de plus en plus nombreux, s\u2019impliquent \u00e0 fond dans le fonctionnement quotidien de l\u2019Association. <strong>Le travail avec les partenaires<\/strong> s\u2019intensifie, leur nombre augmente. Au plan financier, le S.P.F. des Finances autorise l\u2019Association \u00e0 <strong>d\u00e9livrer les attestations d\u2019exon\u00e9ration fiscale aux donateurs. <\/strong><\/p>\n\n\n\n<h3>Ann\u00e9e 2013<\/h3>\n\n\n\n<p>L\u2019Association renouvelle son organisation. D\u00e9sormais <strong>deux services compl\u00e9mentaires <\/strong>fonctionnent c\u00f4te \u00e0 c\u00f4te au bureau d\u2019accueil. La <strong>Gestion de l\u2019orientation socio-juridique<\/strong> est prise en charge par cinq b\u00e9n\u00e9voles. La <strong>Gestion des Partenaires<\/strong> fonctionne sous la responsabilit\u00e9 de la Charg\u00e9e des Relations qui accueille les demandes d\u2019accompagnements \u00e9manant du r\u00e9seau social. Le Responsable Op\u00e9rationnel coordonne et supervise l\u2019ensemble.<\/p>\n\n\n\n<h3>Ann\u00e9e 2014<\/h3>\n\n\n\n<p>La vie bouillonne&nbsp;! Nous devenons <strong>membre de l\u2019Association pour une Ethique dans la R\u00e9colte des Fonds (A.E.R.F.).<\/strong><\/p>\n\n\n\n<p>Deux d\u00e9marches \u00ab&nbsp;extra-ordinaires&nbsp;\u00bb sont effectu\u00e9es en notre faveur&nbsp;: celle de <strong>\u00ab&nbsp;M\u00e9decins du Monde&nbsp;\u00bb <\/strong>et celle d\u2019une jeune fille fran\u00e7aise, membre de <strong>\u00ab&nbsp;Jeunes \u00e0 travers le monde&nbsp;\u00bb.<\/strong> Deux signes de reconnaissance de l\u2019efficacit\u00e9 de notre action. Nous collaborons \u00e9galement avec les <strong>M\u00e9dias catholiques francophones.<\/strong><\/p>\n\n\n\n<p>Nous am\u00e9liorons nos moyens de travail et d\u2019information&nbsp;: <strong>renouvellement du site internet,<\/strong> <strong>vid\u00e9os de l\u2019Action de l\u2019Association<\/strong>\u2026<\/p>\n\n\n\n<p><\/p>\n<\/div>\n\n\n\n<h3>Ann\u00e9e 2015<\/h3>\n\n\n\n<p>Sans aucun doute \u00ab\u00a0l&rsquo;ann\u00e9e de toutes les reconnaissances\u00a0\u00bb de notre projet et du travail r\u00e9alis\u00e9 durant 15 ans!&nbsp; Notre nouvelle demande d&rsquo;agr\u00e9ment dans le projet de Coh\u00e9sion sociale (CoCof) de la R\u00e9gion de Bruxelles Capitale (2016- 20120), via la commune de Koekelberg est en effet accept\u00e9e, tandis que Son Altesse Royale la Princesse Astrid nous renouvelle elle aussi son Haut Patronage pour une p\u00e9riode de 5 ans \u00e0 partir d\u2019avril 2016. De plus, le Conseil d\u2019Administration du \u00ab\u00a0Forum bruxellois de lutte contre la pauvret\u00e9\u00a0\u00bb (FBLP) -devenu \u00ab\u00a0Le Forum\u00a0\u00bb &#8211; accepte notre demande d\u2019adh\u00e9sion , et \u00e0 sa demande &#8211; nous si\u00e9geons \u00e0 la Commission d\u2019attribution des logements sociaux de la commune de Koekelberg. Enfin, l&rsquo;Association prend \u00ab\u00a0une autre dimension\u00a0\u00bb avec le subside europ\u00e9en re\u00e7u de \u00ab\u00a0Give Eur Hope\u00a0\u00bb (GEH).<\/p>\n\n\n\n<h3>Ann\u00e9e 2016<\/h3>\n\n\n\n<p>Si cette ann\u00e9e nous voit reconnus par l&rsquo;admission de notre candidature au \u00ab\u00a0Conseil Bruxellois de Coordination Sociopolitique\u00a0\u00bb(CBCS), elle se distingue cependant par un intense travail de \u00ab\u00a0consolidation en interne\u00a0\u00bb. Ainsi sont finalis\u00e9es notre&nbsp; \u00ab\u00a0Charte de bienvenue \u00a0\u00bb \u00e0 destination de ses usagers, la supervision trimestrielle de nos accueillants sociojuridiques anim\u00e9e par un psychologue et l&rsquo;organisation trimestrielle d&rsquo;une nouvelle \u00ab\u00a0Table ronde\u00a0\u00bb des b\u00e9n\u00e9voles (intervisions). Et notre d\u00e9veloppement n\u00e9cessitant de nouveaux espaces, des nouveaux bureaux sont am\u00e9nag\u00e9s, meubl\u00e9s et \u00e9quip\u00e9s au 1er et 2\u00e8me \u00e9tage de notre bureau d&rsquo;accueil.<br><br>Enfin, relevons aussi la publication d&rsquo;une \u00e9tude de cas&nbsp; r\u00e9alis\u00e9e par un de nos b\u00e9n\u00e9voles: \u00ab<a href=\"\/wp-content\/uploads\/2019\/06\/01-2017_lintegration_des_refugies_a_lepreuve_de_la_realite._quel_est_le_role_du_benevolat.pdf\" target=\"_blank\" rel=\"noopener noreferrer\"> L\u2019int\u00e9gration des r\u00e9fugi\u00e9s dans la soci\u00e9t\u00e9 \u00e0 l\u2019\u00e9preuve de la r\u00e9alit\u00e9. Quel r\u00f4le du b\u00e9n\u00e9volat ? <\/a>\u00bb en tant que \u00ab T\u00e9moignage de l\u2019accompagnement d\u2019une famille de r\u00e9fugi\u00e9s \u00bb.<\/p>\n\n\n\n<h3>Ann\u00e9e 2017<\/h3>\n\n\n\n<p>Si de nouvelles reconnaissances officielles voient le jour, comme l&rsquo;obtention d&rsquo;un \u00ab Subside initiative \u00bb de la Commission communautaire commune (COCOM) dans l\u2019attente de la constitution de notre dossier d&rsquo;agr\u00e9ment comme Centre d&rsquo;Aide aux Personnes, notre adh\u00e9sion \u00e0 la F\u00e9d\u00e9ration des Services sociaux (FDSS) qui f\u00e9d\u00e8re des services sociaux et psycho-sociaux associatifs bruxellois et wallons, reconnus et agr\u00e9\u00e9s, et l&rsquo;agr\u00e9ment du Service public f\u00e9d\u00e9ral Finances pour la prolongation de notre autorisation de d\u00e9livrer des attestations fiscales pour les ann\u00e9es 2018 \u00e0 2023, il faut surtout souligner la reconnaissance obtenue par ses \u00ab\u00a0pairs\u00a0\u00bb! Depuis 2014, nous enregistrons&nbsp; 42 accords de partenariats dont F\u00e9dasil, Convivial, M\u00e9decin du Monde, SIREAS, Centre Ariane, Via, BAPO, Samusocial, nombres de CPAS, d&rsquo;H\u00f4pitaux, de Maisons m\u00e9dicales et d&rsquo;Associations diverses.<br>&nbsp;<\/p>\n","protected":false},"excerpt":{"rendered":"<p>Ann\u00e9e 2015 Sans aucun doute \u00ab\u00a0l&rsquo;ann\u00e9e de toutes les reconnaissances\u00a0\u00bb de notre projet et du travail r\u00e9alis\u00e9 durant 15 ans!&nbsp; Notre nouvelle demande d&rsquo;agr\u00e9ment dans le projet de Coh\u00e9sion sociale (CoCof) de la R\u00e9gion de Bruxelles Capitale (2016- 20120), via la commune de Koekelberg est en effet accept\u00e9e, tandis que Son Altesse Royale la Princesse [&hellip;]<\/p>\n","protected":false},"author":8,"featured_media":0,"parent":0,"menu_order":0,"comment_status":"closed","ping_status":"closed","template":"","meta":{"advgb_blocks_editor_width":"","advgb_blocks_columns_visual_guide":""},"yoast_head":"<!-- This site is optimized with the Yoast SEO plugin v16.3 - https:\/\/yoast.com\/wordpress\/plugins\/seo\/ -->\n<title>Historique - Les Amis d\u2019Accompagner<\/title>\n<meta name=\"robots\" content=\"index, follow, max-snippet:-1, max-image-preview:large, max-video-preview:-1\" \/>\n<link rel=\"canonical\" href=\"https:\/\/bxl.accompagner.be\/fr\/historique\/\" \/>\n<meta property=\"og:locale\" content=\"fr_FR\" \/>\n<meta property=\"og:type\" content=\"article\" \/>\n<meta property=\"og:title\" content=\"Historique - Les Amis d\u2019Accompagner\" \/>\n<meta property=\"og:description\" content=\"Ann\u00e9e 2015 Sans aucun doute \u00ab\u00a0l&rsquo;ann\u00e9e de toutes les reconnaissances\u00a0\u00bb de notre projet et du travail r\u00e9alis\u00e9 durant 15 ans!&nbsp; Notre nouvelle demande d&rsquo;agr\u00e9ment dans le projet de Coh\u00e9sion sociale (CoCof) de la R\u00e9gion de Bruxelles Capitale (2016- 20120), via la commune de Koekelberg est en effet accept\u00e9e, tandis que Son Altesse Royale la Princesse [&hellip;]\" \/>\n<meta property=\"og:url\" content=\"https:\/\/bxl.accompagner.be\/fr\/historique\/\" \/>\n<meta property=\"og:site_name\" content=\"Les Amis d\u2019Accompagner\" \/>\n<meta property=\"article:modified_time\" content=\"2020-07-10T10:52:54+00:00\" \/>\n<meta name=\"twitter:card\" content=\"summary_large_image\" \/>\n<meta name=\"twitter:label1\" content=\"Dur\u00e9e de lecture est.\">\n\t<meta name=\"twitter:data1\" content=\"6 minutes\">\n<script type=\"application\/ld+json\" class=\"yoast-schema-graph\">{\"@context\":\"https:\/\/schema.org\",\"@graph\":[{\"@type\":\"WebSite\",\"@id\":\"https:\/\/bxl.accompagner.be\/fr\/#website\",\"url\":\"https:\/\/bxl.accompagner.be\/fr\/\",\"name\":\"Les Amis d\\u2019Accompagner\",\"description\":\"Ensemble, pas \\u00e0 pas!\",\"potentialAction\":[{\"@type\":\"SearchAction\",\"target\":\"https:\/\/bxl.accompagner.be\/fr\/?s={search_term_string}\",\"query-input\":\"required name=search_term_string\"}],\"inLanguage\":\"fr-FR\"},{\"@type\":\"WebPage\",\"@id\":\"https:\/\/bxl.accompagner.be\/fr\/historique\/#webpage\",\"url\":\"https:\/\/bxl.accompagner.be\/fr\/historique\/\",\"name\":\"Historique - Les Amis d\\u2019Accompagner\",\"isPartOf\":{\"@id\":\"https:\/\/bxl.accompagner.be\/fr\/#website\"},\"datePublished\":\"2019-06-25T20:48:06+00:00\",\"dateModified\":\"2020-07-10T10:52:54+00:00\",\"breadcrumb\":{\"@id\":\"https:\/\/bxl.accompagner.be\/fr\/historique\/#breadcrumb\"},\"inLanguage\":\"fr-FR\",\"potentialAction\":[{\"@type\":\"ReadAction\",\"target\":[\"https:\/\/bxl.accompagner.be\/fr\/historique\/\"]}]},{\"@type\":\"BreadcrumbList\",\"@id\":\"https:\/\/bxl.accompagner.be\/fr\/historique\/#breadcrumb\",\"itemListElement\":[{\"@type\":\"ListItem\",\"position\":1,\"item\":{\"@type\":\"WebPage\",\"@id\":\"https:\/\/bxl.accompagner.be\/fr\/\",\"url\":\"https:\/\/bxl.accompagner.be\/fr\/\",\"name\":\"Accueil\"}},{\"@type\":\"ListItem\",\"position\":2,\"item\":{\"@id\":\"https:\/\/bxl.accompagner.be\/fr\/historique\/#webpage\"}}]}]}<\/script>\n<!-- \/ Yoast SEO plugin. -->","coauthors":[],"author_meta":{"author_link":"https:\/\/bxl.accompagner.be\/fr\/author\/phd2019\/","display_name":"PhD2019"},"relative_dates":{"created":"Posted 7 ans ago","modified":"Updated 6 ans ago"},"featured_img_caption":"","_links":{"self":[{"href":"https:\/\/bxl.accompagner.be\/fr\/wp-json\/wp\/v2\/pages\/3548"}],"collection":[{"href":"https:\/\/bxl.accompagner.be\/fr\/wp-json\/wp\/v2\/pages"}],"about":[{"href":"https:\/\/bxl.accompagner.be\/fr\/wp-json\/wp\/v2\/types\/page"}],"author":[{"embeddable":true,"href":"https:\/\/bxl.accompagner.be\/fr\/wp-json\/wp\/v2\/users\/8"}],"replies":[{"embeddable":true,"href":"https:\/\/bxl.accompagner.be\/fr\/wp-json\/wp\/v2\/comments?post=3548"}],"version-history":[{"count":2,"href":"https:\/\/bxl.accompagner.be\/fr\/wp-json\/wp\/v2\/pages\/3548\/revisions"}],"predecessor-version":[{"id":8945,"href":"https:\/\/bxl.accompagner.be\/fr\/wp-json\/wp\/v2\/pages\/3548\/revisions\/8945"}],"wp:attachment":[{"href":"https:\/\/bxl.accompagner.be\/fr\/wp-json\/wp\/v2\/media?parent=3548"}],"curies":[{"name":"wp","href":"https:\/\/api.w.org\/{rel}","templated":true}]}}