{"id":3550,"date":"2019-06-25T23:02:58","date_gmt":"2019-06-25T21:02:58","guid":{"rendered":"https:\/\/www3.accompagner.be\/?page_id=3550"},"modified":"2020-11-25T12:36:53","modified_gmt":"2020-11-25T11:36:53","slug":"flyers","status":"publish","type":"page","link":"https:\/\/bxl.accompagner.be\/fr\/flyers\/","title":{"rendered":"Flyers"},"content":{"rendered":"\t\t<div data-elementor-type=\"wp-page\" data-elementor-id=\"3550\" class=\"elementor elementor-3550\" data-elementor-settings=\"[]\">\n\t\t\t\t\t\t<div class=\"elementor-inner\">\n\t\t\t\t\t\t\t<div class=\"elementor-section-wrap\">\n\t\t\t\t\t\t\t<section class=\"elementor-section elementor-top-section elementor-element elementor-element-14fa40f elementor-section-full_width elementor-section-height-default elementor-section-height-default\" data-id=\"14fa40f\" data-element_type=\"section\">\n\t\t\t\t\t\t<div class=\"elementor-container elementor-column-gap-default\">\n\t\t\t\t\t\t\t<div class=\"elementor-row\">\n\t\t\t\t\t<div class=\"elementor-column elementor-col-100 elementor-top-column elementor-element elementor-element-1ec0aa5\" data-id=\"1ec0aa5\" data-element_type=\"column\">\n\t\t\t<div class=\"elementor-column-wrap elementor-element-populated\">\n\t\t\t\t\t\t\t<div class=\"elementor-widget-wrap\">\n\t\t\t\t\t\t<section class=\"elementor-section elementor-inner-section elementor-element elementor-element-2fee264 elementor-section-full_width elementor-section-height-default elementor-section-height-default\" data-id=\"2fee264\" data-element_type=\"section\">\n\t\t\t\t\t\t<div class=\"elementor-container elementor-column-gap-default\">\n\t\t\t\t\t\t\t<div class=\"elementor-row\">\n\t\t\t\t\t<div class=\"elementor-column elementor-col-50 elementor-inner-column elementor-element elementor-element-ce96378\" data-id=\"ce96378\" data-element_type=\"column\">\n\t\t\t<div class=\"elementor-column-wrap elementor-element-populated\">\n\t\t\t\t\t\t\t<div class=\"elementor-widget-wrap\">\n\t\t\t\t\t\t<div class=\"elementor-element elementor-element-bc8983e elementor-widget elementor-widget-text-editor\" data-id=\"bc8983e\" data-element_type=\"widget\" data-widget_type=\"text-editor.default\">\n\t\t\t\t<div class=\"elementor-widget-container\">\n\t\t\t\t\t\t\t\t<div class=\"elementor-text-editor elementor-clearfix\">\n\t\t\t\t\t<h3><strong>Le flyer \u00ab\u00a0Besoin d&rsquo;aide\u00a0\u00bb<\/strong><\/h3><p>Le flyer \u00ab\u00a0Besoin d&rsquo;aide\u00a0\u00bb s&rsquo;adresse \u00e0 toute personne qui pourrait avoir besoin d&rsquo;un suivi du service d&rsquo;Accueil Sociojuridique de l&rsquo;Association. Vous pouvez <a href=\"https:\/\/accompagner.be\/wp-content\/uploads\/Besoin-daide_FR-NL.pdf\" target=\"_blank\" rel=\"noopener\">t\u00e9l\u00e9charger ce flyer en cliquant ici<\/a><\/p><p><img loading=\"lazy\" class=\"alignnone size-medium wp-image-9881\" src=\"https:\/\/accompagner.be\/wp-content\/uploads\/besoin-aide-jaunebleu-2020_FR_NL_recto-300x213.jpg\" alt=\"\" width=\"300\" height=\"213\" srcset=\"https:\/\/bxl.accompagner.be\/wp-content\/uploads\/besoin-aide-jaunebleu-2020_FR_NL_recto-300x213.jpg 300w, https:\/\/bxl.accompagner.be\/wp-content\/uploads\/besoin-aide-jaunebleu-2020_FR_NL_recto-768x545.jpg 768w, https:\/\/bxl.accompagner.be\/wp-content\/uploads\/besoin-aide-jaunebleu-2020_FR_NL_recto.jpg 874w\" sizes=\"(max-width: 300px) 100vw, 300px\" \/><\/p><p><img loading=\"lazy\" class=\"alignnone size-medium wp-image-9884\" src=\"https:\/\/accompagner.be\/wp-content\/uploads\/besoin-aide-jaunebleu-2020_FR_NL_verso-300x213.jpg\" alt=\"\" width=\"300\" height=\"213\" srcset=\"https:\/\/bxl.accompagner.be\/wp-content\/uploads\/besoin-aide-jaunebleu-2020_FR_NL_verso-300x213.jpg 300w, https:\/\/bxl.accompagner.be\/wp-content\/uploads\/besoin-aide-jaunebleu-2020_FR_NL_verso-768x545.jpg 768w, https:\/\/bxl.accompagner.be\/wp-content\/uploads\/besoin-aide-jaunebleu-2020_FR_NL_verso.jpg 874w\" sizes=\"(max-width: 300px) 100vw, 300px\" \/><\/p><h3><strong>Le triptyque \u00ab\u00a0Dons et legs\u00a0\u00bb<\/strong><\/h3><p>Le triptyque \u00ab\u00a0Dons et legs\u00a0\u00bb donne une information sur les moyens d&rsquo;aider financi\u00e8rement l&rsquo;Association. Vous pouvez <a href=\"https:\/\/accompagner.be\/wp-content\/uploads\/dons-legs1_FR.pdf\" target=\"_blank\" rel=\"noopener\">t\u00e9l\u00e9charger ce flyer en cliquant ici<\/a><\/p><p><img loading=\"lazy\" class=\"alignnone size-medium wp-image-9887\" src=\"https:\/\/accompagner.be\/wp-content\/uploads\/Don-Leg-1_FR-300x212.jpg\" alt=\"\" width=\"300\" height=\"212\" srcset=\"https:\/\/bxl.accompagner.be\/wp-content\/uploads\/Don-Leg-1_FR-300x212.jpg 300w, https:\/\/bxl.accompagner.be\/wp-content\/uploads\/Don-Leg-1_FR-1024x724.jpg 1024w, https:\/\/bxl.accompagner.be\/wp-content\/uploads\/Don-Leg-1_FR-768x543.jpg 768w, https:\/\/bxl.accompagner.be\/wp-content\/uploads\/Don-Leg-1_FR-1536x1086.jpg 1536w, https:\/\/bxl.accompagner.be\/wp-content\/uploads\/Don-Leg-1_FR.jpg 1683w\" sizes=\"(max-width: 300px) 100vw, 300px\" \/><\/p><p><img loading=\"lazy\" class=\"alignnone size-medium wp-image-9890\" src=\"https:\/\/accompagner.be\/wp-content\/uploads\/Don-Leg-2_FR-300x212.jpg\" alt=\"\" width=\"300\" height=\"212\" srcset=\"https:\/\/bxl.accompagner.be\/wp-content\/uploads\/Don-Leg-2_FR-300x212.jpg 300w, https:\/\/bxl.accompagner.be\/wp-content\/uploads\/Don-Leg-2_FR-1024x724.jpg 1024w, https:\/\/bxl.accompagner.be\/wp-content\/uploads\/Don-Leg-2_FR-768x543.jpg 768w, https:\/\/bxl.accompagner.be\/wp-content\/uploads\/Don-Leg-2_FR-1536x1086.jpg 1536w, https:\/\/bxl.accompagner.be\/wp-content\/uploads\/Don-Leg-2_FR.jpg 1683w\" sizes=\"(max-width: 300px) 100vw, 300px\" \/><\/p><h3><strong>Le quadriptyque \u00ab\u00a0Chainon manquant\u00a0\u00bb<\/strong><\/h3><p>Le quadriptyque \u00ab\u00a0Chainon manquant\u00a0\u00bb pr\u00e9sente l&rsquo;Association, ses missions, ses services et le b\u00e9n\u00e9volat au sein de celle-ci. Vous pouvez <a href=\"https:\/\/accompagner.be\/wp-content\/uploads\/Chainon-manquant-2020_FR.pdf\" target=\"_blank\" rel=\"noopener\">t\u00e9l\u00e9charger ce flyer en cliquant ici<\/a><\/p><p><img loading=\"lazy\" class=\"alignnone size-medium wp-image-9893\" src=\"https:\/\/accompagner.be\/wp-content\/uploads\/tout-public-2020-FR_recto-300x153.jpg\" alt=\"\" width=\"300\" height=\"153\" srcset=\"https:\/\/bxl.accompagner.be\/wp-content\/uploads\/tout-public-2020-FR_recto-300x153.jpg 300w, https:\/\/bxl.accompagner.be\/wp-content\/uploads\/tout-public-2020-FR_recto-1024x522.jpg 1024w, https:\/\/bxl.accompagner.be\/wp-content\/uploads\/tout-public-2020-FR_recto-768x391.jpg 768w, https:\/\/bxl.accompagner.be\/wp-content\/uploads\/tout-public-2020-FR_recto-1536x783.jpg 1536w, https:\/\/bxl.accompagner.be\/wp-content\/uploads\/tout-public-2020-FR_recto-2048x1044.jpg 2048w\" sizes=\"(max-width: 300px) 100vw, 300px\" \/><\/p><p><img loading=\"lazy\" class=\"alignnone size-medium wp-image-9896\" src=\"https:\/\/accompagner.be\/wp-content\/uploads\/tout-public-2020-FR_verso-300x153.jpg\" alt=\"\" width=\"300\" height=\"153\" srcset=\"https:\/\/bxl.accompagner.be\/wp-content\/uploads\/tout-public-2020-FR_verso-300x153.jpg 300w, https:\/\/bxl.accompagner.be\/wp-content\/uploads\/tout-public-2020-FR_verso-1024x522.jpg 1024w, https:\/\/bxl.accompagner.be\/wp-content\/uploads\/tout-public-2020-FR_verso-768x391.jpg 768w, https:\/\/bxl.accompagner.be\/wp-content\/uploads\/tout-public-2020-FR_verso-1536x783.jpg 1536w, https:\/\/bxl.accompagner.be\/wp-content\/uploads\/tout-public-2020-FR_verso-2048x1044.jpg 2048w\" sizes=\"(max-width: 300px) 100vw, 300px\" \/><\/p>\t\t\t\t\t<\/div>\n\t\t\t\t\t\t<\/div>\n\t\t\t\t<\/div>\n\t\t\t\t\t\t<\/div>\n\t\t\t\t\t<\/div>\n\t\t<\/div>\n\t\t\t\t<div class=\"elementor-column elementor-col-50 elementor-inner-column elementor-element elementor-element-617ecf1\" data-id=\"617ecf1\" data-element_type=\"column\">\n\t\t\t<div class=\"elementor-column-wrap elementor-element-populated\">\n\t\t\t\t\t\t\t<div class=\"elementor-widget-wrap\">\n\t\t\t\t\t\t<div class=\"elementor-element elementor-element-c31194b elementor-button-align-center elementor-widget elementor-widget-form\" data-id=\"c31194b\" data-element_type=\"widget\" data-settings=\"{&quot;step_next_label&quot;:&quot;Suivant&quot;,&quot;step_previous_label&quot;:&quot;Pr\\u00e9c\\u00e9dent&quot;,&quot;button_width&quot;:&quot;100&quot;,&quot;step_type&quot;:&quot;number_text&quot;,&quot;step_icon_shape&quot;:&quot;circle&quot;}\" data-widget_type=\"form.default\">\n\t\t\t\t<div class=\"elementor-widget-container\">\n\t\t\t\t\t<form class=\"elementor-form\" method=\"post\" id=\"webform-commander-doc\" name=\"Commander documentation\">\n\t\t\t<input type=\"hidden\" name=\"post_id\" value=\"3550\"\/>\n\t\t\t<input type=\"hidden\" name=\"form_id\" value=\"c31194b\"\/>\n\n\t\t\t\n\t\t\t<div class=\"elementor-form-fields-wrapper elementor-labels-above\">\n\t\t\t\t\t\t\t\t<div class=\"elementor-field-type-hidden elementor-field-group elementor-column elementor-field-group-langue_formulaire elementor-col-100\">\n\t\t\t\t\t<input size=\"1\" type=\"hidden\" name=\"form_fields[langue_formulaire]\" id=\"form-field-langue_formulaire\" class=\"elementor-field elementor-size-sm  elementor-field-textual\" value=\"fr\">\t\t\t\t<\/div>\n\t\t\t\t\t\t\t\t<div class=\"elementor-field-type-html elementor-field-group elementor-column elementor-field-group-html_coordonnees elementor-col-100\">\n\t\t\t\t\t----- Vos coordonn\u00e9es -----\t\t\t\t<\/div>\n\t\t\t\t\t\t\t\t<div class=\"elementor-field-type-checkbox elementor-field-group elementor-column elementor-field-group-field_1 elementor-col-100\">\n\t\t\t\t\t<label for=\"form-field-field_1\" class=\"elementor-field-label\">En soumettant ce formulaire, j'accepte que les informations saisies dans ce formulaire soient utilis\u00e9es par l\u2019ASBL Les Amis d\u2019Accompagner pour lui permettre de :<\/label><div class=\"elementor-field-subgroup  \"><span class=\"elementor-field-option\"><input type=\"checkbox\" value=\"me recontacter\" id=\"form-field-field_1-0\" name=\"form_fields[field_1][]\"> <label for=\"form-field-field_1-0\">me recontacter<\/label><\/span><span class=\"elementor-field-option\"><input type=\"checkbox\" value=\"m\u2019envoyer la newsletter dans le cadre de la relation qui r\u00e9sulte de cette prise de contact.\" id=\"form-field-field_1-1\" name=\"form_fields[field_1][]\"> <label for=\"form-field-field_1-1\">m\u2019envoyer la newsletter dans le cadre de la relation qui r\u00e9sulte de cette prise de contact.<\/label><\/span><\/div>\t\t\t\t<\/div>\n\t\t\t\t\t\t\t\t<div class=\"elementor-field-type-text elementor-field-group elementor-column elementor-field-group-Nom_et_prenom elementor-col-100 elementor-field-required elementor-mark-required\">\n\t\t\t\t\t<label for=\"form-field-Nom_et_prenom\" class=\"elementor-field-label\">Nom et pr\u00e9nom<\/label><input size=\"1\" type=\"text\" name=\"form_fields[Nom_et_prenom]\" id=\"form-field-Nom_et_prenom\" class=\"elementor-field elementor-size-sm  elementor-field-textual\" placeholder=\"Nom et pr\u00e9nom\" required=\"required\" aria-required=\"true\">\t\t\t\t<\/div>\n\t\t\t\t\t\t\t\t<div class=\"elementor-field-type-text elementor-field-group elementor-column elementor-field-group-Service elementor-col-100\">\n\t\t\t\t\t<label for=\"form-field-Service\" class=\"elementor-field-label\">Service<\/label><input size=\"1\" type=\"text\" name=\"form_fields[Service]\" id=\"form-field-Service\" class=\"elementor-field elementor-size-sm  elementor-field-textual\" placeholder=\"Service\">\t\t\t\t<\/div>\n\t\t\t\t\t\t\t\t<div class=\"elementor-field-type-text elementor-field-group elementor-column elementor-field-group-Telephone elementor-col-100 elementor-field-required elementor-mark-required\">\n\t\t\t\t\t<label for=\"form-field-Telephone\" class=\"elementor-field-label\">N\u00b0 de t\u00e9l\u00e9phone auquel vous joindre<\/label><input size=\"1\" type=\"text\" name=\"form_fields[Telephone]\" id=\"form-field-Telephone\" class=\"elementor-field elementor-size-sm  elementor-field-textual\" placeholder=\"N\u00b0 de t\u00e9l\u00e9phone\" required=\"required\" aria-required=\"true\">\t\t\t\t<\/div>\n\t\t\t\t\t\t\t\t<div class=\"elementor-field-type-textarea elementor-field-group elementor-column elementor-field-group-adresse_postale elementor-col-100 elementor-field-required elementor-mark-required\">\n\t\t\t\t\t<label for=\"form-field-adresse_postale\" class=\"elementor-field-label\">Adresse postale \u00e0 laquelle livrer les documents<\/label><textarea class=\"elementor-field-textual elementor-field  elementor-size-sm\" name=\"form_fields[adresse_postale]\" id=\"form-field-adresse_postale\" rows=\"4\" placeholder=\"Rue, Num\u00e9ro, Boite aux lettres - Code postal , Commune\" required=\"required\" aria-required=\"true\"><\/textarea>\t\t\t\t<\/div>\n\t\t\t\t\t\t\t\t<div class=\"elementor-field-type-email elementor-field-group elementor-column elementor-field-group-email elementor-col-100\">\n\t\t\t\t\t<label for=\"form-field-email\" class=\"elementor-field-label\">Courriel<\/label><input size=\"1\" type=\"email\" name=\"form_fields[email]\" id=\"form-field-email\" class=\"elementor-field elementor-size-sm  elementor-field-textual\" placeholder=\"E-mail\">\t\t\t\t<\/div>\n\t\t\t\t\t\t\t\t<div class=\"elementor-field-type-html elementor-field-group elementor-column elementor-field-group-html_documents_a_envoyer elementor-col-100\">\n\t\t\t\t\t---- Les documents \u00e0 vous faire parvenir ----\t\t\t\t<\/div>\n\t\t\t\t\t\t\t\t<div class=\"elementor-field-type-number elementor-field-group elementor-column elementor-field-group-flyers_besoin_aide elementor-col-100 elementor-field-required elementor-mark-required\">\n\t\t\t\t\t<label for=\"form-field-flyers_besoin_aide\" class=\"elementor-field-label\">Nombre de flyers \"Besoin d'aide\"<\/label><input type=\"number\" name=\"form_fields[flyers_besoin_aide]\" id=\"form-field-flyers_besoin_aide\" class=\"elementor-field elementor-size-sm  elementor-field-textual\" required=\"required\" aria-required=\"true\" min=\"\" max=\"\">\t\t\t\t<\/div>\n\t\t\t\t\t\t\t\t<div class=\"elementor-field-type-number elementor-field-group elementor-column elementor-field-group-flyers_dons_et_legs elementor-col-100 elementor-field-required elementor-mark-required\">\n\t\t\t\t\t<label for=\"form-field-flyers_dons_et_legs\" class=\"elementor-field-label\">Nombre de triptyques \"Dons et legs\"<\/label><input type=\"number\" name=\"form_fields[flyers_dons_et_legs]\" id=\"form-field-flyers_dons_et_legs\" class=\"elementor-field elementor-size-sm  elementor-field-textual\" required=\"required\" aria-required=\"true\" min=\"\" max=\"\">\t\t\t\t<\/div>\n\t\t\t\t\t\t\t\t<div class=\"elementor-field-type-number elementor-field-group elementor-column elementor-field-group-flyers_chainon_manquant elementor-col-100 elementor-field-required elementor-mark-required\">\n\t\t\t\t\t<label for=\"form-field-flyers_chainon_manquant\" class=\"elementor-field-label\">Nombre de quadriptyques \"Cha\u00eenon manquant\"<\/label><input type=\"number\" name=\"form_fields[flyers_chainon_manquant]\" id=\"form-field-flyers_chainon_manquant\" class=\"elementor-field elementor-size-sm  elementor-field-textual\" required=\"required\" aria-required=\"true\" min=\"\" max=\"\">\t\t\t\t<\/div>\n\t\t\t\t\t\t\t\t<div class=\"elementor-field-type-recaptcha elementor-field-group elementor-column elementor-field-group-774933e elementor-col-100\">\n\t\t\t\t\t<div class=\"elementor-field\" id=\"form-field-774933e\"><div class=\"elementor-g-recaptcha\" data-sitekey=\"6Let9agUAAAAAHjlGG8Fcs9lMke2JcN-8o7aMWAw\" data-type=\"v2_checkbox\" data-theme=\"light\" data-size=\"normal\"><\/div><\/div>\t\t\t\t<\/div>\n\t\t\t\t\t\t\t\t<div class=\"elementor-field-group elementor-column elementor-field-type-submit elementor-col-100 e-form__buttons\">\n\t\t\t\t\t<button type=\"submit\" class=\"elementor-button elementor-size-md\" id=\"bt-submit\">\n\t\t\t\t\t\t<span >\n\t\t\t\t\t\t\t\t\t\t\t\t\t\t\t<span class=\" elementor-button-icon\">\n\t\t\t\t\t\t\t\t\t\t\t\t\t\t\t\t\t\t\t\t\t\t\t\t\t\t<\/span>\n\t\t\t\t\t\t\t\t\t\t\t\t\t\t\t\t\t\t\t\t\t\t<span class=\"elementor-button-text\">Envoyer<\/span>\n\t\t\t\t\t\t\t\t\t\t\t\t\t<\/span>\n\t\t\t\t\t<\/button>\n\t\t\t\t<\/div>\n\t\t\t<\/div>\n\t\t<\/form>\n\t\t\t\t<\/div>\n\t\t\t\t<\/div>\n\t\t\t\t\t\t<\/div>\n\t\t\t\t\t<\/div>\n\t\t<\/div>\n\t\t\t\t\t\t\t\t<\/div>\n\t\t\t\t\t<\/div>\n\t\t<\/section>\n\t\t\t\t\t\t<\/div>\n\t\t\t\t\t<\/div>\n\t\t<\/div>\n\t\t\t\t\t\t\t\t<\/div>\n\t\t\t\t\t<\/div>\n\t\t<\/section>\n\t\t\t\t\t\t<\/div>\n\t\t\t\t\t\t<\/div>\n\t\t\t\t\t<\/div>\n\t\t","protected":false},"excerpt":{"rendered":"<p>Le flyer \u00ab\u00a0Besoin d&rsquo;aide\u00a0\u00bb Le flyer \u00ab\u00a0Besoin d&rsquo;aide\u00a0\u00bb s&rsquo;adresse \u00e0 toute personne qui pourrait avoir besoin d&rsquo;un suivi du service d&rsquo;Accueil Sociojuridique de l&rsquo;Association. Vous pouvez t\u00e9l\u00e9charger ce flyer en cliquant ici Le triptyque \u00ab\u00a0Dons et legs\u00a0\u00bb Le triptyque \u00ab\u00a0Dons et legs\u00a0\u00bb donne une information sur les moyens d&rsquo;aider financi\u00e8rement l&rsquo;Association. Vous pouvez t\u00e9l\u00e9charger ce [&hellip;]<\/p>\n","protected":false},"author":8,"featured_media":0,"parent":0,"menu_order":0,"comment_status":"closed","ping_status":"closed","template":"","meta":{"advgb_blocks_editor_width":"","advgb_blocks_columns_visual_guide":""},"yoast_head":"<!-- This site is optimized with the Yoast SEO plugin v16.3 - https:\/\/yoast.com\/wordpress\/plugins\/seo\/ -->\n<title>Flyers - Les Amis d\u2019Accompagner<\/title>\n<meta name=\"robots\" content=\"index, follow, max-snippet:-1, max-image-preview:large, max-video-preview:-1\" \/>\n<link rel=\"canonical\" href=\"https:\/\/bxl.accompagner.be\/fr\/flyers\/\" \/>\n<meta property=\"og:locale\" content=\"fr_FR\" \/>\n<meta property=\"og:type\" content=\"article\" \/>\n<meta property=\"og:title\" content=\"Flyers - Les Amis d\u2019Accompagner\" \/>\n<meta property=\"og:description\" content=\"Le flyer \u00ab\u00a0Besoin d&rsquo;aide\u00a0\u00bb Le flyer \u00ab\u00a0Besoin d&rsquo;aide\u00a0\u00bb s&rsquo;adresse \u00e0 toute personne qui pourrait avoir besoin d&rsquo;un suivi du service d&rsquo;Accueil Sociojuridique de l&rsquo;Association. Vous pouvez t\u00e9l\u00e9charger ce flyer en cliquant ici Le triptyque \u00ab\u00a0Dons et legs\u00a0\u00bb Le triptyque \u00ab\u00a0Dons et legs\u00a0\u00bb donne une information sur les moyens d&rsquo;aider financi\u00e8rement l&rsquo;Association. Vous pouvez t\u00e9l\u00e9charger ce [&hellip;]\" \/>\n<meta property=\"og:url\" content=\"https:\/\/bxl.accompagner.be\/fr\/flyers\/\" \/>\n<meta property=\"og:site_name\" content=\"Les Amis d\u2019Accompagner\" \/>\n<meta property=\"article:modified_time\" content=\"2020-11-25T11:36:53+00:00\" \/>\n<meta property=\"og:image\" content=\"https:\/\/accompagner.be\/wp-content\/uploads\/besoin-aide-jaunebleu-2020_FR_NL_recto-300x213.jpg\" \/>\n<meta name=\"twitter:card\" content=\"summary_large_image\" \/>\n<script type=\"application\/ld+json\" class=\"yoast-schema-graph\">{\"@context\":\"https:\/\/schema.org\",\"@graph\":[{\"@type\":\"WebSite\",\"@id\":\"https:\/\/bxl.accompagner.be\/fr\/#website\",\"url\":\"https:\/\/bxl.accompagner.be\/fr\/\",\"name\":\"Les Amis d\\u2019Accompagner\",\"description\":\"Ensemble, pas \\u00e0 pas!\",\"potentialAction\":[{\"@type\":\"SearchAction\",\"target\":\"https:\/\/bxl.accompagner.be\/fr\/?s={search_term_string}\",\"query-input\":\"required name=search_term_string\"}],\"inLanguage\":\"fr-FR\"},{\"@type\":\"ImageObject\",\"@id\":\"https:\/\/bxl.accompagner.be\/fr\/flyers\/#primaryimage\",\"inLanguage\":\"fr-FR\",\"url\":\"https:\/\/accompagner.be\/wp-content\/uploads\/besoin-aide-jaunebleu-2020_FR_NL_recto-300x213.jpg\",\"contentUrl\":\"https:\/\/accompagner.be\/wp-content\/uploads\/besoin-aide-jaunebleu-2020_FR_NL_recto-300x213.jpg\"},{\"@type\":\"WebPage\",\"@id\":\"https:\/\/bxl.accompagner.be\/fr\/flyers\/#webpage\",\"url\":\"https:\/\/bxl.accompagner.be\/fr\/flyers\/\",\"name\":\"Flyers - Les Amis d\\u2019Accompagner\",\"isPartOf\":{\"@id\":\"https:\/\/bxl.accompagner.be\/fr\/#website\"},\"primaryImageOfPage\":{\"@id\":\"https:\/\/bxl.accompagner.be\/fr\/flyers\/#primaryimage\"},\"datePublished\":\"2019-06-25T21:02:58+00:00\",\"dateModified\":\"2020-11-25T11:36:53+00:00\",\"breadcrumb\":{\"@id\":\"https:\/\/bxl.accompagner.be\/fr\/flyers\/#breadcrumb\"},\"inLanguage\":\"fr-FR\",\"potentialAction\":[{\"@type\":\"ReadAction\",\"target\":[\"https:\/\/bxl.accompagner.be\/fr\/flyers\/\"]}]},{\"@type\":\"BreadcrumbList\",\"@id\":\"https:\/\/bxl.accompagner.be\/fr\/flyers\/#breadcrumb\",\"itemListElement\":[{\"@type\":\"ListItem\",\"position\":1,\"item\":{\"@type\":\"WebPage\",\"@id\":\"https:\/\/bxl.accompagner.be\/fr\/\",\"url\":\"https:\/\/bxl.accompagner.be\/fr\/\",\"name\":\"Accueil\"}},{\"@type\":\"ListItem\",\"position\":2,\"item\":{\"@id\":\"https:\/\/bxl.accompagner.be\/fr\/flyers\/#webpage\"}}]}]}<\/script>\n<!-- \/ Yoast SEO plugin. -->","coauthors":[],"author_meta":{"author_link":"https:\/\/bxl.accompagner.be\/fr\/author\/phd2019\/","display_name":"PhD2019"},"relative_dates":{"created":"Posted 7 ans ago","modified":"Updated 5 ans ago"},"featured_img_caption":"","_links":{"self":[{"href":"https:\/\/bxl.accompagner.be\/fr\/wp-json\/wp\/v2\/pages\/3550"}],"collection":[{"href":"https:\/\/bxl.accompagner.be\/fr\/wp-json\/wp\/v2\/pages"}],"about":[{"href":"https:\/\/bxl.accompagner.be\/fr\/wp-json\/wp\/v2\/types\/page"}],"author":[{"embeddable":true,"href":"https:\/\/bxl.accompagner.be\/fr\/wp-json\/wp\/v2\/users\/8"}],"replies":[{"embeddable":true,"href":"https:\/\/bxl.accompagner.be\/fr\/wp-json\/wp\/v2\/comments?post=3550"}],"version-history":[{"count":5,"href":"https:\/\/bxl.accompagner.be\/fr\/wp-json\/wp\/v2\/pages\/3550\/revisions"}],"predecessor-version":[{"id":9922,"href":"https:\/\/bxl.accompagner.be\/fr\/wp-json\/wp\/v2\/pages\/3550\/revisions\/9922"}],"wp:attachment":[{"href":"https:\/\/bxl.accompagner.be\/fr\/wp-json\/wp\/v2\/media?parent=3550"}],"curies":[{"name":"wp","href":"https:\/\/api.w.org\/{rel}","templated":true}]}}