{"id":4143,"date":"2019-07-09T01:39:16","date_gmt":"2019-07-08T23:39:16","guid":{"rendered":"https:\/\/www3.accompagner.be\/?page_id=4143"},"modified":"2020-07-10T14:21:36","modified_gmt":"2020-07-10T12:21:36","slug":"jobs","status":"publish","type":"page","link":"https:\/\/bxl.accompagner.be\/fr\/jobs\/","title":{"rendered":"Petites annonces"},"content":{"rendered":"\n<div class=\"wp-block-columns has-2-columns\">\n<div class=\"wp-block-column\">\n<h4><strong>Devenez b\u00e9n\u00e9voles<\/strong><\/h4>\n\n\n\n<p>.<\/p>\n\n\n\n<h4>Mettez vos talents \u00e0 l&rsquo;ouvrage en tant que&#8230;<\/h4>\n\n\n\n<ul><li><a href=\"#COM\">Accompagnateur de terrain (Accompagnant) M\/F<\/a><\/li><li><a href=\"#ASO\">Accueillant Sociojuridique M\/F<\/a><\/li><\/ul>\n\n\n\n<p>.<\/p>\n\n\n\n<h4><strong>1. Accueillant Sociojuridique&nbsp; M\/F<\/strong><\/h4>\n\n\n\n<p>\u2026en vue de renforcer son \u00e9quipe d\u2019Accueil d&rsquo;orientation sociojuridique.<br><br>Vous \u00eates ASSISTANT(E) SOCIAL(E) (pr\u00e9)pensionn\u00e9(e) ou exp\u00e9riment\u00e9(e) et sans autre engagement.<br>Le b\u00e9n\u00e9volat vous parle et vous avez du TEMPS LIBRE \u00e0 consacrer aux personnes en situation pr\u00e9caire, aux plus d\u00e9munies (par exemple \u00bd journ\u00e9e par semaine\u2026ou plus !)\u2026alors, poursuivez !<br><br>Comme vous l\u2019aurez lu sur le site, notre Association a pour but de lutter contre la pauvret\u00e9 et l\u2019exclusion en aidant les personnes en difficult\u00e9 \u00e0 les en sortir, \u00e0 les (r\u00e9)int\u00e9grer socialement, \u00e0 devenir, si possible, autonomes, \u00e0 vivre le mieux possible .<br>De quelle fa\u00e7on ? En faisant accompagner ces personnes sur le terrain par des b\u00e9n\u00e9voles dans les diverses d\u00e9marches, administratives ou autres qu\u2019elles devront accomplir \u00ab pour s\u2019en sortir \u00bb, c\u2019est-\u00e0-dire en les secondant \u00ab sur place \u00bb.<br><br>Exemples de d\u00e9marches : demander une aide sociale au CPAS, visiter un logement, faire la demande d\u2019un avocat aupr\u00e8s du Bureau d\u2019aide juridique, aider ces personnes \u00e0 acc\u00e9der aux soins de sant\u00e9 en les orientant dans un h\u00f4pital, aller chez un m\u00e9diateur de dettes, \u00e0 l\u2019Office des \u00e9trangers, \u00e0 la banque,\u2026<br><br>Votre r\u00f4le consistera \u00e0 \u00e9couter, analyser et \u00e0 orienter ces personnes qui viennent vers nous dans les d\u00e9marches qu\u2019elles auront \u00e0 accomplir, ainsi qu\u2019\u00e0 organiser leur accompagnement sur le terrain par nos b\u00e9n\u00e9voles. Avec comme objectif final leur (re)gain d\u2019autonomie, leur (r\u00e9)insertion sociale, leur mieux vivre.<br><br>En plus des qualit\u00e9s et du savoir attendus d\u2019un(e) assistant(e) social(e), nous attendons de vous l\u2019aisance au PC, et les connaissances de base dans des logiciels comme Word.<br><br>Si notre projet vous accroche, REJOIGNEZ notre \u00e9quipe socio &#8211; juridique et VENEZ nous faire b\u00e9n\u00e9ficier de votre exp\u00e9rience !<br><br>Vous souhaitez postuler?&nbsp; Adressez un courriel&nbsp; \u00e0 : bruxelles.ad@accompagner.be, avec un court CV &amp; une lettre de motivation !<br><a id=\"COM\" name=\"COM\"><\/a><\/p>\n\n\n\n<h4><strong>2. Accompagnateur de terrain (Accompagnant) M\/F<\/strong><\/h4>\n\n\n\n<p>Comme vous l\u2019aurez lu sur le site, notre Association a pour but de lutter contre la pauvret\u00e9 et l\u2019exclusion en aidant les personnes en difficult\u00e9 qui s\u2019adressent \u00e0 elle, \u00e0 s\u2019int\u00e9grer (se r\u00e9int\u00e9grer) socialement, \u00e0 (re)devenir, si possible, autonomes, \u00e0 vivre le mieux possible.<br><br>De quelle fa\u00e7on ? Une fois accueillies par les b\u00e9n\u00e9voles de notre \u00e9quipe socio-juridique et la voie \u00e0 suivre d\u00e9termin\u00e9e avec elles, ces personnes ont la possibilit\u00e9 d\u2019\u00eatre accompagn\u00e9es sur le terrain par un(e) b\u00e9n\u00e9vole accompagnant(e). Celui \u2013ci (celle-ci), les seconde dans leurs diverses d\u00e9marches, administratives ou autres, visant \u00e0 r\u00e9gler au mieux leur(s) probl\u00e8me(s).<br><br>Exemples de d\u00e9marches : demander une aide sociale au CPAS, visiter un logement, faire la demande d\u2019un avocat aupr\u00e8s du Bureau d\u2019aide juridique, aider ces personnes \u00e0 acc\u00e9der aux soins de sant\u00e9 en les orientant dans un h\u00f4pital, aller chez un m\u00e9diateur de dettes,\u2026<br><br>Le b\u00e9n\u00e9vole \u00ab accompagnant \u00bb leur apporte tout d\u2019abord un soutien moral qui s\u2019av\u00e8re tr\u00e8s utile. En effet, ces personnes se sentent seules face \u00e0 leurs probl\u00e8mes et d\u00e9munies devant les d\u00e9marches \u00e0 effectuer.<br><br>Pour devenir b\u00e9n\u00e9vole \u00ab accompagnant \u00bb, aucune connaissance particuli\u00e8re n\u2019est requise.<br>Seul le d\u00e9sir d\u2019aider ces personnes, de la tol\u00e9rance et une bonne dose de patience sont n\u00e9cessaires : la situation de ces personnes demande souvent du temps et de nombreuses d\u00e9marches. C\u2019est un travail d\u2019\u00e9quipe. Notre credo est \u00ab Ensemble, pas \u00e0 pas \u00bb<br><br>Nous offrons aussi ce service d\u2019accompagnement de terrain \u00e0 une centaine de partenaires, qui n\u2019en disposent pas.<br><br>Si vous pouvez vous lib\u00e9rer un demi-jour par semaine, ou plus, rejoignez-nous !<br><br>Vous souhaitez postuler ? Adressez un courriel \u00e0 : bruxelles@accompagner.be, avec un court CV &amp; une lettre de motivation<\/p>\n\n\n\n<h4><a id=\"Accueillant\" name=\"Accueillant\"><\/a><\/h4>\n<\/div>\n\n\n\n<div class=\"wp-block-column\">\n<figure class=\"wp-block-image\"><img loading=\"lazy\" width=\"940\" height=\"788\" src=\"https:\/\/accompagner.be\/wp-content\/uploads\/2020\/05\/Accueillant-social.jpg\" alt=\"\" class=\"wp-image-8703\" srcset=\"https:\/\/bxl.accompagner.be\/wp-content\/uploads\/2020\/05\/Accueillant-social.jpg 940w, https:\/\/bxl.accompagner.be\/wp-content\/uploads\/2020\/05\/Accueillant-social-300x251.jpg 300w, https:\/\/bxl.accompagner.be\/wp-content\/uploads\/2020\/05\/Accueillant-social-768x644.jpg 768w\" sizes=\"(max-width: 940px) 100vw, 940px\" \/><\/figure>\n\n\n\n<figure class=\"wp-block-image\"><img src=\"https:\/\/accompagner.be\/wp-content\/uploads\/2019\/07\/2016-02-12_portrait_zicko.jpg\" alt=\"\" class=\"wp-image-4147\"\/><\/figure>\n\n\n\n<figure class=\"wp-block-image\"><img src=\"https:\/\/accompagner.be\/wp-content\/uploads\/2020\/04\/portrait-myriam.png\" alt=\"\" class=\"wp-image-8511\"\/><\/figure>\n\n\n\n<figure class=\"wp-block-image\"><img src=\"https:\/\/accompagner.be\/wp-content\/uploads\/2020\/04\/Acc-Com2-fr.png\" alt=\"\" class=\"wp-image-8521\"\/><\/figure>\n<\/div>\n<\/div>\n","protected":false},"excerpt":{"rendered":"<p>Devenez b\u00e9n\u00e9voles . Mettez vos talents \u00e0 l&rsquo;ouvrage en tant que&#8230; Accompagnateur de terrain (Accompagnant) M\/F Accueillant Sociojuridique M\/F . 1. Accueillant Sociojuridique&nbsp; M\/F \u2026en vue de renforcer son \u00e9quipe d\u2019Accueil d&rsquo;orientation sociojuridique. Vous \u00eates ASSISTANT(E) SOCIAL(E) (pr\u00e9)pensionn\u00e9(e) ou exp\u00e9riment\u00e9(e) et sans autre engagement.Le b\u00e9n\u00e9volat vous parle et vous avez du TEMPS LIBRE \u00e0 consacrer [&hellip;]<\/p>\n","protected":false},"author":8,"featured_media":0,"parent":0,"menu_order":0,"comment_status":"closed","ping_status":"closed","template":"","meta":{"advgb_blocks_editor_width":"","advgb_blocks_columns_visual_guide":""},"yoast_head":"<!-- This site is optimized with the Yoast SEO plugin v16.3 - https:\/\/yoast.com\/wordpress\/plugins\/seo\/ -->\n<title>Petites annonces - Les Amis d\u2019Accompagner<\/title>\n<meta name=\"robots\" content=\"index, follow, max-snippet:-1, max-image-preview:large, max-video-preview:-1\" \/>\n<link rel=\"canonical\" href=\"https:\/\/bxl.accompagner.be\/fr\/jobs\/\" \/>\n<meta property=\"og:locale\" content=\"fr_FR\" \/>\n<meta property=\"og:type\" content=\"article\" \/>\n<meta property=\"og:title\" content=\"Petites annonces - Les Amis d\u2019Accompagner\" \/>\n<meta property=\"og:description\" content=\"Devenez b\u00e9n\u00e9voles . Mettez vos talents \u00e0 l&rsquo;ouvrage en tant que&#8230; Accompagnateur de terrain (Accompagnant) M\/F Accueillant Sociojuridique M\/F . 1. Accueillant Sociojuridique&nbsp; M\/F \u2026en vue de renforcer son \u00e9quipe d\u2019Accueil d&rsquo;orientation sociojuridique. Vous \u00eates ASSISTANT(E) SOCIAL(E) (pr\u00e9)pensionn\u00e9(e) ou exp\u00e9riment\u00e9(e) et sans autre engagement.Le b\u00e9n\u00e9volat vous parle et vous avez du TEMPS LIBRE \u00e0 consacrer [&hellip;]\" \/>\n<meta property=\"og:url\" content=\"https:\/\/bxl.accompagner.be\/fr\/jobs\/\" \/>\n<meta property=\"og:site_name\" content=\"Les Amis d\u2019Accompagner\" \/>\n<meta property=\"article:modified_time\" content=\"2020-07-10T12:21:36+00:00\" \/>\n<meta property=\"og:image\" content=\"https:\/\/accompagner.be\/wp-content\/uploads\/2020\/05\/Accueillant-social.jpg\" \/>\n<meta name=\"twitter:card\" content=\"summary_large_image\" \/>\n<meta name=\"twitter:label1\" content=\"Dur\u00e9e de lecture est.\">\n\t<meta name=\"twitter:data1\" content=\"3 minutes\">\n<script type=\"application\/ld+json\" class=\"yoast-schema-graph\">{\"@context\":\"https:\/\/schema.org\",\"@graph\":[{\"@type\":\"WebSite\",\"@id\":\"https:\/\/bxl.accompagner.be\/fr\/#website\",\"url\":\"https:\/\/bxl.accompagner.be\/fr\/\",\"name\":\"Les Amis d\\u2019Accompagner\",\"description\":\"Ensemble, pas \\u00e0 pas!\",\"potentialAction\":[{\"@type\":\"SearchAction\",\"target\":\"https:\/\/bxl.accompagner.be\/fr\/?s={search_term_string}\",\"query-input\":\"required name=search_term_string\"}],\"inLanguage\":\"fr-FR\"},{\"@type\":\"ImageObject\",\"@id\":\"https:\/\/bxl.accompagner.be\/fr\/jobs\/#primaryimage\",\"inLanguage\":\"fr-FR\",\"url\":\"https:\/\/accompagner.be\/wp-content\/uploads\/2020\/05\/Accueillant-social.jpg\",\"contentUrl\":\"https:\/\/accompagner.be\/wp-content\/uploads\/2020\/05\/Accueillant-social.jpg\"},{\"@type\":\"WebPage\",\"@id\":\"https:\/\/bxl.accompagner.be\/fr\/jobs\/#webpage\",\"url\":\"https:\/\/bxl.accompagner.be\/fr\/jobs\/\",\"name\":\"Petites annonces - Les Amis d\\u2019Accompagner\",\"isPartOf\":{\"@id\":\"https:\/\/bxl.accompagner.be\/fr\/#website\"},\"primaryImageOfPage\":{\"@id\":\"https:\/\/bxl.accompagner.be\/fr\/jobs\/#primaryimage\"},\"datePublished\":\"2019-07-08T23:39:16+00:00\",\"dateModified\":\"2020-07-10T12:21:36+00:00\",\"breadcrumb\":{\"@id\":\"https:\/\/bxl.accompagner.be\/fr\/jobs\/#breadcrumb\"},\"inLanguage\":\"fr-FR\",\"potentialAction\":[{\"@type\":\"ReadAction\",\"target\":[\"https:\/\/bxl.accompagner.be\/fr\/jobs\/\"]}]},{\"@type\":\"BreadcrumbList\",\"@id\":\"https:\/\/bxl.accompagner.be\/fr\/jobs\/#breadcrumb\",\"itemListElement\":[{\"@type\":\"ListItem\",\"position\":1,\"item\":{\"@type\":\"WebPage\",\"@id\":\"https:\/\/bxl.accompagner.be\/fr\/\",\"url\":\"https:\/\/bxl.accompagner.be\/fr\/\",\"name\":\"Accueil\"}},{\"@type\":\"ListItem\",\"position\":2,\"item\":{\"@id\":\"https:\/\/bxl.accompagner.be\/fr\/jobs\/#webpage\"}}]}]}<\/script>\n<!-- \/ Yoast SEO plugin. -->","coauthors":[],"author_meta":{"author_link":"https:\/\/bxl.accompagner.be\/fr\/author\/phd2019\/","display_name":"PhD2019"},"relative_dates":{"created":"Posted 7 ans ago","modified":"Updated 6 ans ago"},"featured_img_caption":"","_links":{"self":[{"href":"https:\/\/bxl.accompagner.be\/fr\/wp-json\/wp\/v2\/pages\/4143"}],"collection":[{"href":"https:\/\/bxl.accompagner.be\/fr\/wp-json\/wp\/v2\/pages"}],"about":[{"href":"https:\/\/bxl.accompagner.be\/fr\/wp-json\/wp\/v2\/types\/page"}],"author":[{"embeddable":true,"href":"https:\/\/bxl.accompagner.be\/fr\/wp-json\/wp\/v2\/users\/8"}],"replies":[{"embeddable":true,"href":"https:\/\/bxl.accompagner.be\/fr\/wp-json\/wp\/v2\/comments?post=4143"}],"version-history":[{"count":13,"href":"https:\/\/bxl.accompagner.be\/fr\/wp-json\/wp\/v2\/pages\/4143\/revisions"}],"predecessor-version":[{"id":8959,"href":"https:\/\/bxl.accompagner.be\/fr\/wp-json\/wp\/v2\/pages\/4143\/revisions\/8959"}],"wp:attachment":[{"href":"https:\/\/bxl.accompagner.be\/fr\/wp-json\/wp\/v2\/media?parent=4143"}],"curies":[{"name":"wp","href":"https:\/\/api.w.org\/{rel}","templated":true}]}}