{"id":4406,"date":"2019-07-18T21:45:29","date_gmt":"2019-07-18T19:45:29","guid":{"rendered":"https:\/\/www3.accompagner.be\/?page_id=4406"},"modified":"2021-04-29T12:50:29","modified_gmt":"2021-04-29T10:50:29","slug":"soutiens","status":"publish","type":"page","link":"https:\/\/bxl.accompagner.be\/fr\/soutiens\/","title":{"rendered":"Soutiens"},"content":{"rendered":"\n<table style=\"width: 100%;\" border=\"1\" width=\"100%\" cellspacing=\"1\" cellpadding=\"15\">\n<tbody>\n<tr>\n<td style=\"width: 18.6255%;\"><a href=\"https:\/\/www.ccc-ggc.brussels\/\" target=\"_blank\" rel=\"noopener noreferrer\"><img loading=\"lazy\" class=\"alignnone size-full wp-image-5025\" src=\"\/wp-content\/uploads\/2019\/08\/Logo_COCOM_gauche_bilingue.jpg\" alt=\"\" width=\"506\" height=\"100\" srcset=\"https:\/\/bxl.accompagner.be\/wp-content\/uploads\/2019\/08\/Logo_COCOM_gauche_bilingue.jpg 506w, https:\/\/bxl.accompagner.be\/wp-content\/uploads\/2019\/08\/Logo_COCOM_gauche_bilingue-300x59.jpg 300w\" sizes=\"(max-width: 506px) 100vw, 506px\" \/><\/a><\/td>\n<td style=\"width: 80.8764%;\">\n<p>La Commission communautaire commune (Cocom) joue un r\u00f4le fondamental en r\u00e9gion bruxelloise, dans les domaines de l&rsquo;aide aux personnes et de la sant\u00e9. Elle est comp\u00e9tente \u00e0 l&rsquo;\u00e9gard des personnes (les Bruxellois, mais aussi celles et ceux qui b\u00e9n\u00e9ficient des services des institutions de sant\u00e9 et d&rsquo;aide sociale) et de plus de trois cents \u00e9tablissements et services (h\u00f4pitaux, CPAS, services de soins, centres d&rsquo;accueil, etc.) bilingues dans ces domaines\u00a0dont\u00a0 \u00ab Les Amis d\u2019Accompagner \u00bb.<\/p>\n<\/td>\n<\/tr>\n<tr>\n<td style=\"width: 18.6255%;\"><a href=\"http:\/\/www.molenbeek.irisnet.be\/fr\/je-vis\/social-sante\/social\/epicerie-sociale-amphora\" target=\"_blank\" rel=\"noopener noreferrer\"><img loading=\"lazy\" class=\"aligncenter\" src=\"http:\/\/www.bonnescauses.be\/media\/4744\/LOGO%20Amphora.jpg?maxheight=150&amp;maxwidth=130&amp;mode=pad\" width=\"119\" height=\"137\" \/><\/a><\/td>\n<td style=\"width: 80.8764%;\">\n<p>Amphora est une \u00e9picerie sociale qui a pour missions de : (1) Favoriser l&rsquo;acc\u00e8s \u00e0 des articles d&rsquo;alimentation, d&rsquo;hygi\u00e8ne et d&rsquo;entretien \u00e0 prix r\u00e9duits pour un public en situation de surendettement. (2) Faciliter l&rsquo;insertion professionnelle en dispensant une formation aux m\u00e9tiers de la petite distribution \u00e0 des personnes difficiles \u00e0 placer sur le march\u00e9 de l&#8217;emploi. (3) Organiser des ateliers p\u00e9dagogiques qui visent \u00e0 proposer des cl\u00e9s de compr\u00e9hension qui permettent aux participants (clients\/b\u00e9n\u00e9ficiaires de l&rsquo;\u00e9picerie \/habitants du quartier) d&rsquo;effectuer des choix avec discernement et en toute autonomie afin de stabiliser et d&rsquo;am\u00e9liorer leur situation financi\u00e8re et sociale sur le long terme.<\/p>\n<\/td>\n<\/tr>\n<tr>\n<td style=\"width: 18.6255%;\">\n<p><a style=\"line-height: 1.53em; font-size: 13px;\" href=\"http:\/\/www.vef-aerf.be\/\" target=\"_blank\" rel=\"noopener noreferrer\"><img loading=\"lazy\" class=\"aligncenter\" src=\"\/wp-content\/uploads\/2019\/07\/Logo_vef-aerf_label_pms_def_v.jpg\" alt=\"\" width=\"82\" height=\"84\" \/><\/a><\/p>\n<\/td>\n<td style=\"width: 80.8764%;\">L\u2019Association pour une Ethique dans les R\u00e9coltes de Fonds (en abr\u00e9g\u00e9 AERF) veut procurer \u00e0 la population belge des garanties de qualit\u00e9 morale dans les r\u00e9coltes de fonds ainsi que la transparence des comptes. Sur proposition de son Conseil d\u2019administration et apr\u00e8s avis positif de son Comit\u00e9 de Surveillance, son Assembl\u00e9e g\u00e9n\u00e9rale du 27 mars 2014 a approuv\u00e9 l\u2019adh\u00e9sion de notre a.s.b.l. comme nouveau membre. Celle-ci adh\u00e8re ainsi pleinement au \u00ab code \u00e9thique \u00bb de l\u2019AERF<\/td>\n<\/tr>\n<tr>\n<td style=\"width: 18.6255%;\"><a href=\"https:\/\/donorinfo.be\/fr\/organization\/les-amis-daccompagner-asbl\"><img loading=\"lazy\" class=\"aligncenter\" src=\"https:\/\/accompagner.be\/wp-content\/uploads\/Donorinfo_small_FR.png\" alt=\"Donorinfo_small_FR\" width=\"296\" height=\"169\" \/><\/a><\/td>\n<td style=\"width: 80.8764%;\">La fondation Donorinfo encourage le public \u00e0 soutenir en confiance ceux qui \u0153uvrent pour une soci\u00e9t\u00e9 plus juste, plus humaine et plus solidaire. Nous sommes suivis par Donorinfo depuis 2007. Donorinfo garantit des informations de qualit\u00e9 qui r\u00e9pondent \u00e0 quatre crit\u00e8res : (1) <strong>Exactitude <\/strong>des donn\u00e9es; (2) <strong>Coh\u00e9rence <\/strong>pour des comparaisons ais\u00e9es; (3) <strong>Pertinence <\/strong>pour refl\u00e9ter au mieux le fonctionnement de chaque organisation; (4) <strong>Actualit\u00e9:<\/strong> seules des donn\u00e9es financi\u00e8res d\u00fbment actualis\u00e9es sont publi\u00e9es.Actualit\u00e9: seules des donn\u00e9es financi\u00e8res d\u00fbment actualis\u00e9es sont publi\u00e9es<\/td>\n<\/tr>\n<tr>\n<td style=\"width: 18.6255%;\"><a href=\"https:\/\/www.socialware.be\" target=\"_blank\" rel=\"noopener noreferrer\"><img loading=\"lazy\" class=\"aligncenter\" src=\"\/wp-content\/uploads\/2019\/07\/Logo_socialware.gif\" alt=\"\" width=\"175\" height=\"31\" \/><\/a><\/td>\n<td style=\"width: 80.8764%;\">L&rsquo;association SOCIALware asbl a pour but l\u2019am\u00e9lioration de la gestion des ASBL, en particulier de leurs plateformes informatiques en leur permettant d&rsquo;acqu\u00e9rir des technologies appropri\u00e9es. Dans ce but l\u2019association offre \u00e0 ces ASBL diff\u00e9rents services, notamment: une aide au choix et \u00e0 l\u2019utilisation de plateformes informatiques appropri\u00e9es, une aide \u00e0 l&rsquo;obtention de progiciels et mat\u00e9riels dans le cadre de programmes de donations des fournisseurs informatique. Ces services sont offerts gracieusement ou \u00e0 des prix sociaux servant uniquement \u00e0 couvrir les frais de fonctionnement de l\u2019association.<\/td>\n<\/tr>\n<tr>\n<td style=\"width: 18.6255%;\"><a href=\"http:\/\/www.vivre-ensemble.be\/\" target=\"_blank\" rel=\"noopener noreferrer\"><img loading=\"lazy\" class=\"aligncenter\" src=\"\/wp-content\/uploads\/2019\/07\/Logo_Vivre_Ensemble.png\" alt=\"\" width=\"138\" height=\"41\" \/><\/a><\/td>\n<td style=\"width: 80.8764%;\">Vivre ensemble, association catholique de lutte contre la pauvret\u00e9 et l\u2019exclusion, veut encourager les chr\u00e9tiens et tous les citoyens \u00e9pris de justice sociale \u00e0 s\u2019engager aux c\u00f4t\u00e9s des plus pr\u00e9caris\u00e9s, de Wallonie et de Bruxelles, pour construire une soci\u00e9t\u00e9 plus solidaire et \u00e9laborer avec eux des alternatives au mod\u00e8le n\u00e9o-lib\u00e9ral dominant.<\/td>\n<\/tr>\n<tr>\n<td style=\"width: 18.6255%;\"><a href=\"https:\/\/www.kbs-frb.be\/fr\" target=\"_blank\" rel=\"noopener noreferrer\"><img class=\"aligncenter\" style=\"width: 240px; height: 97px;\" src=\"\/wp-content\/uploads\/2019\/07\/Logo_kbs_frb.jpeg\" alt=\"\" \/><\/a><\/td>\n<td style=\"width: 80.8764%;\">La Fondation Roi Baudouin contribue \u00e0 l\u2019am\u00e9lioration des conditions de vie de la population. Dans l\u2019acte de constitution de 1976, la Fondation est d\u00e9crite comme \u201cune structure ind\u00e9pendante qui stimule des id\u00e9es originales et lance de nouveaux projets.\u201d Elle soutient des projets et des citoyens qui s\u2019engagent pour une soci\u00e9t\u00e9 meilleure, et contribue ainsi de mani\u00e8re durable \u00e0 davantage de justice, de d\u00e9mocratie et de respect de la diversit\u00e9.<\/td>\n<\/tr>\n<tr>\n<td style=\"width: 18.6255%;\"><a href=\"http:\/\/rcf.be\/\" target=\"_blank\" rel=\"noopener noreferrer\"><img loading=\"lazy\" class=\"aligncenter\" src=\"\/wp-content\/uploads\/2019\/07\/logo_RCF.png\" alt=\"\" width=\"147\" height=\"74\" \/><\/a><\/td>\n<td style=\"width: 80.8764%;\">\n<p>Fid\u00e8le \u00e0 son positionnement de radio chr\u00e9tienne g\u00e9n\u00e9raliste de proximit\u00e9, ouverte \u00e0 tous, RCF souhaite r\u00e9pondre \u00e0 la qu\u00eate de sens des hommes d\u2019aujourd\u2019hui. Des \u00e9missions de spiritualit\u00e9, des magazines d\u2019information ou de soci\u00e9t\u00e9, des \u00e9missions culturelles ou musicales, RCF propose un programme r\u00e9solument moderne et ancr\u00e9 dans le monde.<\/p>\n<p>RCF, la joie se partage<\/p>\n<\/td>\n<\/tr>\n<tr>\n<td style=\"width: 18.6255%;\"><a href=\"http:\/\/www.capucines.be\" target=\"_blank\" rel=\"noopener noreferrer\"><img loading=\"lazy\" class=\"aligncenter\" src=\"\/wp-content\/uploads\/2019\/07\/Logo_capucine.jpg\" alt=\"\" width=\"150\" height=\"63\" \/><\/a><\/td>\n<td style=\"width: 80.8764%;\">La sup\u00e9rette \u00ab\u00a0Les Capucines\u00a0\u00bb implant\u00e9e dans les le quartier populaire des Marolles propose des produits alimentaires et non-alimentaires ainsi que des v\u00eatements neufs \u00e0 des personnes en difficult\u00e9s sociales et financi\u00e8res. Les personnes doivent \u00eatre suivies par un service social partenaire pour avoir acc\u00e8s \u00e0 la sup\u00e9rette.<\/td>\n<\/tr>\n<tr>\n<td style=\"width: 18.6255%;\"><a href=\"http:\/\/www.international-jtm.com\/\" target=\"_blank\" rel=\"noopener noreferrer\"><img loading=\"lazy\" class=\"aligncenter\" src=\"\/wp-content\/uploads\/2019\/07\/Logo_jtm.png\" alt=\"\" width=\"152\" height=\"96\" \/><\/a><\/td>\n<td style=\"width: 80.8764%;\">Jeunes \u00e0 Travers le Monde, association bretonne, a pour objet de favoriser la mobilit\u00e9 internationale des jeunes de 18 \u00e0 30 ans. Quel que soit le projet ou la situation du jeune, elle l\u2019informe, l\u2019accompagne dans ses d\u00e9marches et \u00e9ventuellement lui apporte un soutien financier.<\/td>\n<\/tr>\n<tr>\n<td style=\"width: 18.6255%;\"><a href=\"http:\/\/www.bonnescauses.be\/\" target=\"_blank\" rel=\"noopener noreferrer\"><img class=\"aligncenter\" style=\"width: 215px; height: 81px; margin-right: 20px;\" src=\"\/wp-content\/uploads\/2019\/07\/Logo_bonnecauses.png\" alt=\"\" \/><\/a><\/td>\n<td style=\"width: 80.8764%;\">La Fondation Roi Baudouin donne ici de la visibilit\u00e9 aux associations et fondations en Belgique en raison de leur importance soci\u00e9tale. Le site internet s\u2019inscrit dans le cadre de l\u2019Observatoire des associations et des fondations, qui a pour but de mettre davantage en lumi\u00e8re les associations et les fondations en r\u00e9coltant des donn\u00e9es transparentes et fiables et de les mettre ainsi \u00e0 la disposition d\u2019un large public.<\/td>\n<\/tr>\n<tr>\n<td style=\"width: 18.6255%;\"><a href=\"http:\/\/www.petitvelojaune.be\" target=\"_blank\" rel=\"noopener noreferrer\"><img loading=\"lazy\" class=\"aligncenter\" src=\"\/wp-content\/uploads\/2019\/07\/Logo_Le_Petit_Velo_Jaune.png\" alt=\"\" width=\"147\" height=\"86\" \/><\/a><\/td>\n<td style=\"width: 80.8764%;\">L&rsquo;accompagnement que propose le petit v\u00e9lo jaune aux familles s&rsquo;inspire de l&rsquo;image de l&rsquo;apprenti cycliste qui, pour la premi\u00e8re fois, enfourche son v\u00e9lo sous le regard bienveillant d&rsquo;une personne qui sera capable de lui donner toute la confiance n\u00e9cessaire afin qu&rsquo;il ose se lancer et partir \u00e0 l&rsquo;aventure&#8230; Par un soutien et une \u00e9coute bienveillante, l&rsquo;ASBL le petit v\u00e9lo jaune tente de redonner aux parents plus isol\u00e9s ou plus \u00ab\u00a0fragiles\u00a0\u00bb, la confiance qui leur est indispensable pour oser croire en eux et en leur comp\u00e9tence.<\/td>\n<\/tr>\n<tr>\n<td style=\"width: 18.6255%;\">\n<p><a href=\"https:\/\/www.assomption.org\/fr\" target=\"_blank\" rel=\"noopener noreferrer\"><img loading=\"lazy\" class=\"aligncenter\" src=\"\/wp-content\/uploads\/2019\/07\/Logo_assomption_europe.jpg\" alt=\"\" width=\"120\" height=\"120\" \/><\/a><\/p>\n<\/td>\n<td style=\"width: 80.8764%;\">\n<p>Les Augustins de l\u2019Assomption (a.a.) sont une congr\u00e9gation de religieux catholiques (pr\u00eatres et fr\u00e8res) qui, \u00e0 travers leurs \u0153uvres et leurs insertions cherchent \u00e0 r\u00e9pondre, aujourd\u2019hui comme dans le pass\u00e9, aux besoins actuels des hommes et de l\u2019\u00c9glise. Ils sont anim\u00e9s par le projet de promouvoir tout l\u2019homme et tout homme dans la justice, l\u2019amour et la v\u00e9rit\u00e9. \u00c0 l\u2019origine de la fondation de l\u2019Association, ils continuent \u00e0 la soutenir.<\/p>\n<\/td>\n<\/tr>\n<tr>\n<td style=\"width: 18.6255%;\"><a href=\"https:\/\/www.koekelberg.be\/\" target=\"_blank\" rel=\"noopener noreferrer\"><img loading=\"lazy\" class=\"aligncenter\" src=\"\/wp-content\/uploads\/2019\/07\/logo_koekelberg.jpg\" alt=\"\" width=\"183\" height=\"44\" \/><\/a><\/td>\n<td style=\"width: 80.8764%;\">\u00ab Prix du civisme \u00bb de la commune de Koekelberg en 2007, l\u2019Association se voit depuis lors soutenue r\u00e9guli\u00e8rement dans ses initiatives, dont la moindre n\u2019est pas son int\u00e9gration dans le projet de \u00ab Coh\u00e9sion sociale \u00bb de la commune, et ce depuis 2011.<\/td>\n<\/tr>\n<tr>\n<td style=\"width: 18.6255%;\"><a href=\"https:\/\/www.spfb.brussels\/\" target=\"_blank\" rel=\"noopener noreferrer\"><img loading=\"lazy\" class=\"aligncenter\" src=\"\/wp-content\/uploads\/2019\/07\/Logo_francophones_bruxelles.png\" alt=\"\" width=\"179\" height=\"98\" \/><\/a><\/td>\n<td style=\"width: 80.8764%;\">La Commission communautaire fran\u00e7aise (COCOF) assure, au sein de la R\u00e9gion bruxelloise, les comp\u00e9tences communautaires relevant de la Communaut\u00e9 fran\u00e7aise au sud du pays. Il s&rsquo;agit principalement de la culture, de l&rsquo;enseignement, des soins de sant\u00e9 et de l&rsquo;aide aux personnes. Elle soutient, dans le cadre du d\u00e9cret de Coh\u00e9sion sociale, plus de 230 associations \u0153uvrant \u00e0 Bruxelles, <strong>dont \u00ab Les Amis d\u2019Accompagner \u00bb.<\/strong><\/td>\n<\/tr>\n<tr>\n<td style=\"width: 18.6255%;\"><a href=\"https:\/\/www.hu-bu.be\/accueil\" target=\"_blank\" rel=\"noopener noreferrer\"><img loading=\"lazy\" class=\"aligncenter\" src=\"\/wp-content\/uploads\/2019\/07\/Logo_hu_bu.jpg\" alt=\"\" width=\"95\" height=\"89\" \/><\/a><\/td>\n<td style=\"width: 80.8764%;\">Hu-Bu pour une \u00ab Human Business \u00bb est une asbl qui a pour objet de relier le monde associatif et le monde de l\u2019entreprise en stimulant les initiatives de \u00ab don de temps \u00bb (volontariat d\u2019entreprise) et le \u00ab don de mat\u00e9riel \u00bb dans le cadre de la responsabilit\u00e9 soci\u00e9tale au sens large.<\/td>\n<\/tr>\n<tr>\n<td style=\"width: 18.6255%;\"><a href=\"http:\/\/www.le-forum.org\/\" target=\"_blank\" rel=\"noopener noreferrer\"><img loading=\"lazy\" class=\"aligncenter\" src=\"\/wp-content\/uploads\/2019\/07\/Logo_fblc.jpg\" alt=\"\" width=\"118\" height=\"128\" \/><\/a><\/td>\n<td style=\"width: 80.8764%;\">A Bruxelles, pr\u00e8s d\u2019une personne sur trois sous le seuil de pauvret\u00e9. Sur le terrain, des centaines d\u2019organisations travaillent quotidiennement avec ceux qui vivent l\u2019exclusion. Au niveau politique, la pauvret\u00e9 reste un combat complexe. C\u2019est entre ces deux niveaux, entre la politique et le terrain, que le \u00ab Forum bruxellois de lutte contre la pauvret\u00e9 \u00bb se situe. Il r\u00e9unit <a href=\"http:\/\/www.fblp.be\/Le-Forum-et-ses-membres.html\">une cinquantaine d\u2019organisations<\/a> \u2013 <strong>dont la n\u00f4tre<\/strong> &#8211; qui travaillent dans le domaine de la lutte contre l\u2019exclusion sociale en R\u00e9gion bruxelloise.<\/td>\n<\/tr>\n<tr>\n<td style=\"width: 18.6255%;\"><a href=\"https:\/\/www.fdss.be\/fr\/\" target=\"_blank\" rel=\"noopener noreferrer\"><img loading=\"lazy\" class=\"wp-image-6944 size-full aligncenter\" src=\"https:\/\/accompagner.be\/wp-content\/uploads\/2020\/04\/FDSS.jpg\" alt=\"\" width=\"242\" height=\"170\" \/><\/a><\/td>\n<td style=\"width: 80.8764%;\">La F\u00e9d\u00e9ration des Services Sociaux (FdSS) repr\u00e9sente des services sociaux associatifs en Wallonie et \u00e0 Bruxelles. Pour soutenir les acteurs sociaux de terrain, elle d\u00e9veloppe des projets, des formations et une expertise, en particulier dans les domaines du droit \u00e0 l\u2019alimentation, \u00e0 l\u2019eau et \u00e0 l\u2019\u00e9nergie. Elle contribue \u00e9galement \u00e0 la r\u00e9flexion en mati\u00e8re de travail social et de politique sociale via ses projets de recherche-action.<\/td>\n<\/tr>\n<tr>\n<td style=\"width: 18.6255%;\"><a href=\"https:\/\/www.cbcs.be\/\" target=\"_blank\" rel=\"noopener noreferrer\"><img loading=\"lazy\" class=\"wp-image-6947 size-full aligncenter\" src=\"https:\/\/accompagner.be\/wp-content\/uploads\/2020\/04\/CBCS.jpg\" alt=\"\" width=\"165\" height=\"121\" \/><\/a><\/td>\n<td style=\"width: 80.8764%;\">Le Conseil Bruxellois de Coordination Sociopolitique (CBCS) a pour objectif de questionner le travail psycho-m\u00e9dico-social et les politiques publiques concern\u00e9es via le partage d\u2019informations, l\u2019initiation de rencontres et de collaborations.<br class=\"autobr\" \/>Le CBCS favorise les \u00e9changes d\u2019id\u00e9es et d\u2019informations entre professionnels de l\u2019action sociale et de la sant\u00e9 ambulatoire \u00e0 Bruxelles.<\/td>\n<\/tr>\n<tr>\n<td style=\"width: 18.6255%;\"><a href=\"https:\/\/www.survivinginbrussels.be\/app\/fr\/\" target=\"_blank\" rel=\"noopener noreferrer\"><img loading=\"lazy\" class=\"wp-image-6950 size-full aligncenter\" src=\"https:\/\/accompagner.be\/wp-content\/uploads\/2020\/04\/Surviving-In-Brussels.jpg\" alt=\"\" width=\"290\" height=\"111\" \/><\/a><\/td>\n<td style=\"width: 80.8764%;\">Surviving in Brussels (SIB) est une plateforme qui fournit des informations utiles \u00e0 toute personne en situation de pr\u00e9carit\u00e9.<\/td>\n<\/tr>\n<\/tbody>\n<\/table>\n","protected":false},"excerpt":{"rendered":"<p>La Commission communautaire commune (Cocom) joue un r\u00f4le fondamental en r\u00e9gion bruxelloise, dans les domaines de l&rsquo;aide aux personnes et de la sant\u00e9. Elle est comp\u00e9tente \u00e0 l&rsquo;\u00e9gard des personnes (les Bruxellois, mais aussi celles et ceux qui b\u00e9n\u00e9ficient des services des institutions de sant\u00e9 et d&rsquo;aide sociale) et de plus de trois cents \u00e9tablissements [&hellip;]<\/p>\n","protected":false},"author":8,"featured_media":0,"parent":0,"menu_order":0,"comment_status":"closed","ping_status":"closed","template":"","meta":{"advgb_blocks_editor_width":"","advgb_blocks_columns_visual_guide":""},"yoast_head":"<!-- This site is optimized with the Yoast SEO plugin v16.3 - https:\/\/yoast.com\/wordpress\/plugins\/seo\/ -->\n<title>Soutiens - Les Amis d\u2019Accompagner<\/title>\n<meta name=\"robots\" content=\"index, follow, max-snippet:-1, max-image-preview:large, max-video-preview:-1\" \/>\n<link rel=\"canonical\" href=\"https:\/\/bxl.accompagner.be\/fr\/soutiens\/\" \/>\n<meta property=\"og:locale\" content=\"fr_FR\" \/>\n<meta property=\"og:type\" content=\"article\" \/>\n<meta property=\"og:title\" content=\"Soutiens - Les Amis d\u2019Accompagner\" \/>\n<meta property=\"og:description\" content=\"La Commission communautaire commune (Cocom) joue un r\u00f4le fondamental en r\u00e9gion bruxelloise, dans les domaines de l&rsquo;aide aux personnes et de la sant\u00e9. Elle est comp\u00e9tente \u00e0 l&rsquo;\u00e9gard des personnes (les Bruxellois, mais aussi celles et ceux qui b\u00e9n\u00e9ficient des services des institutions de sant\u00e9 et d&rsquo;aide sociale) et de plus de trois cents \u00e9tablissements [&hellip;]\" \/>\n<meta property=\"og:url\" content=\"https:\/\/bxl.accompagner.be\/fr\/soutiens\/\" \/>\n<meta property=\"og:site_name\" content=\"Les Amis d\u2019Accompagner\" \/>\n<meta property=\"article:modified_time\" content=\"2021-04-29T10:50:29+00:00\" \/>\n<meta property=\"og:image\" content=\"https:\/\/bxl.accompagner.be\/wp-content\/uploads\/2019\/08\/Logo_COCOM_gauche_bilingue.jpg\" \/>\n<meta name=\"twitter:card\" content=\"summary_large_image\" \/>\n<meta name=\"twitter:label1\" content=\"Dur\u00e9e de lecture est.\">\n\t<meta name=\"twitter:data1\" content=\"7 minutes\">\n<script type=\"application\/ld+json\" class=\"yoast-schema-graph\">{\"@context\":\"https:\/\/schema.org\",\"@graph\":[{\"@type\":\"WebSite\",\"@id\":\"https:\/\/bxl.accompagner.be\/fr\/#website\",\"url\":\"https:\/\/bxl.accompagner.be\/fr\/\",\"name\":\"Les Amis d\\u2019Accompagner\",\"description\":\"Ensemble, pas \\u00e0 pas!\",\"potentialAction\":[{\"@type\":\"SearchAction\",\"target\":\"https:\/\/bxl.accompagner.be\/fr\/?s={search_term_string}\",\"query-input\":\"required name=search_term_string\"}],\"inLanguage\":\"fr-FR\"},{\"@type\":\"ImageObject\",\"@id\":\"https:\/\/bxl.accompagner.be\/fr\/soutiens\/#primaryimage\",\"inLanguage\":\"fr-FR\",\"url\":\"\/wp-content\/uploads\/2019\/08\/Logo_COCOM_gauche_bilingue.jpg\",\"contentUrl\":\"\/wp-content\/uploads\/2019\/08\/Logo_COCOM_gauche_bilingue.jpg\"},{\"@type\":\"WebPage\",\"@id\":\"https:\/\/bxl.accompagner.be\/fr\/soutiens\/#webpage\",\"url\":\"https:\/\/bxl.accompagner.be\/fr\/soutiens\/\",\"name\":\"Soutiens - Les Amis d\\u2019Accompagner\",\"isPartOf\":{\"@id\":\"https:\/\/bxl.accompagner.be\/fr\/#website\"},\"primaryImageOfPage\":{\"@id\":\"https:\/\/bxl.accompagner.be\/fr\/soutiens\/#primaryimage\"},\"datePublished\":\"2019-07-18T19:45:29+00:00\",\"dateModified\":\"2021-04-29T10:50:29+00:00\",\"breadcrumb\":{\"@id\":\"https:\/\/bxl.accompagner.be\/fr\/soutiens\/#breadcrumb\"},\"inLanguage\":\"fr-FR\",\"potentialAction\":[{\"@type\":\"ReadAction\",\"target\":[\"https:\/\/bxl.accompagner.be\/fr\/soutiens\/\"]}]},{\"@type\":\"BreadcrumbList\",\"@id\":\"https:\/\/bxl.accompagner.be\/fr\/soutiens\/#breadcrumb\",\"itemListElement\":[{\"@type\":\"ListItem\",\"position\":1,\"item\":{\"@type\":\"WebPage\",\"@id\":\"https:\/\/bxl.accompagner.be\/fr\/\",\"url\":\"https:\/\/bxl.accompagner.be\/fr\/\",\"name\":\"Accueil\"}},{\"@type\":\"ListItem\",\"position\":2,\"item\":{\"@id\":\"https:\/\/bxl.accompagner.be\/fr\/soutiens\/#webpage\"}}]}]}<\/script>\n<!-- \/ Yoast SEO plugin. -->","coauthors":[],"author_meta":{"author_link":"https:\/\/bxl.accompagner.be\/fr\/author\/phd2019\/","display_name":"PhD2019"},"relative_dates":{"created":"Posted 7 ans ago","modified":"Updated 5 ans ago"},"featured_img_caption":"","_links":{"self":[{"href":"https:\/\/bxl.accompagner.be\/fr\/wp-json\/wp\/v2\/pages\/4406"}],"collection":[{"href":"https:\/\/bxl.accompagner.be\/fr\/wp-json\/wp\/v2\/pages"}],"about":[{"href":"https:\/\/bxl.accompagner.be\/fr\/wp-json\/wp\/v2\/types\/page"}],"author":[{"embeddable":true,"href":"https:\/\/bxl.accompagner.be\/fr\/wp-json\/wp\/v2\/users\/8"}],"replies":[{"embeddable":true,"href":"https:\/\/bxl.accompagner.be\/fr\/wp-json\/wp\/v2\/comments?post=4406"}],"version-history":[{"count":4,"href":"https:\/\/bxl.accompagner.be\/fr\/wp-json\/wp\/v2\/pages\/4406\/revisions"}],"predecessor-version":[{"id":10325,"href":"https:\/\/bxl.accompagner.be\/fr\/wp-json\/wp\/v2\/pages\/4406\/revisions\/10325"}],"wp:attachment":[{"href":"https:\/\/bxl.accompagner.be\/fr\/wp-json\/wp\/v2\/media?parent=4406"}],"curies":[{"name":"wp","href":"https:\/\/api.w.org\/{rel}","templated":true}]}}