{"id":9345,"date":"2020-07-20T22:03:48","date_gmt":"2020-07-20T20:03:48","guid":{"rendered":"https:\/\/www.accompagner.be\/?page_id=9345"},"modified":"2020-08-04T09:19:11","modified_gmt":"2020-08-04T07:19:11","slug":"rgpd-demande-de-suppression","status":"publish","type":"page","link":"https:\/\/bxl.accompagner.be\/fr\/rgpd-demande-de-suppression\/","title":{"rendered":"RGPD: demande de suppression"},"content":{"rendered":"\n<p>Cette demande de suppression ne concerne que les internautes ayant un \u00ab\u00a0compte\u00a0\u00bb sur notre site internet, c&rsquo;est \u00e0 dire un nom utilisateur accompagn\u00e9 d&rsquo;un mot de passe.<\/p>\n\n\n\n<p>En cliquant sur \u00ab\u00a0Fermer mon compte\u00a0\u00bb, vous renoncez \u00e0 cet acc\u00e8s privil\u00e9gi\u00e9 et vous demandez la suppression de toutes les donn\u00e9es vous concernant qui auraient \u00e9t\u00e9 enregistr\u00e9es sur ce site.<\/p>\n\n\n\n\n<form class=\"gdpr-request-form gdpr-add-to-deletion-requests\" method=\"post\">\n\t<input type=\"hidden\" id=\"gdpr_request_nonce\" name=\"gdpr_request_nonce\" value=\"9a44ecb20a\" \/><input type=\"hidden\" name=\"_wp_http_referer\" value=\"\/fr\/wp-json\/wp\/v2\/pages\/9345\" \/>\t<input type=\"hidden\" name=\"action\" value=\"gdpr_send_request_email\">\n\t<input type=\"hidden\" name=\"type\" value=\"delete\">\n\t\t\t<input type=\"email\" name=\"user_email\" placeholder=\"courriel@domaine.fr\" required>\n\t\t\t\t<input type=\"submit\" value=\"Fermer mon compte\">\n<\/form>\n\n","protected":false},"excerpt":{"rendered":"<p>Cette demande de suppression ne concerne que les internautes ayant un \u00ab\u00a0compte\u00a0\u00bb sur notre site internet, c&rsquo;est \u00e0 dire un nom utilisateur accompagn\u00e9 d&rsquo;un mot de passe. En cliquant sur \u00ab\u00a0Fermer mon compte\u00a0\u00bb, vous renoncez \u00e0 cet acc\u00e8s privil\u00e9gi\u00e9 et vous demandez la suppression de toutes les donn\u00e9es vous concernant qui auraient \u00e9t\u00e9 enregistr\u00e9es sur [&hellip;]<\/p>\n","protected":false},"author":8,"featured_media":0,"parent":0,"menu_order":0,"comment_status":"closed","ping_status":"closed","template":"","meta":{"advgb_blocks_editor_width":"","advgb_blocks_columns_visual_guide":""},"yoast_head":"<!-- This site is optimized with the Yoast SEO plugin v16.3 - https:\/\/yoast.com\/wordpress\/plugins\/seo\/ -->\n<title>RGPD: demande de suppression - Les Amis d\u2019Accompagner<\/title>\n<meta name=\"robots\" content=\"index, follow, max-snippet:-1, max-image-preview:large, max-video-preview:-1\" \/>\n<link rel=\"canonical\" href=\"https:\/\/bxl.accompagner.be\/fr\/rgpd-demande-de-suppression\/\" \/>\n<meta property=\"og:locale\" content=\"fr_FR\" \/>\n<meta property=\"og:type\" content=\"article\" \/>\n<meta property=\"og:title\" content=\"RGPD: demande de suppression - Les Amis d\u2019Accompagner\" \/>\n<meta property=\"og:description\" content=\"Cette demande de suppression ne concerne que les internautes ayant un \u00ab\u00a0compte\u00a0\u00bb sur notre site internet, c&rsquo;est \u00e0 dire un nom utilisateur accompagn\u00e9 d&rsquo;un mot de passe. En cliquant sur \u00ab\u00a0Fermer mon compte\u00a0\u00bb, vous renoncez \u00e0 cet acc\u00e8s privil\u00e9gi\u00e9 et vous demandez la suppression de toutes les donn\u00e9es vous concernant qui auraient \u00e9t\u00e9 enregistr\u00e9es sur [&hellip;]\" \/>\n<meta property=\"og:url\" content=\"https:\/\/bxl.accompagner.be\/fr\/rgpd-demande-de-suppression\/\" \/>\n<meta property=\"og:site_name\" content=\"Les Amis d\u2019Accompagner\" \/>\n<meta property=\"article:modified_time\" content=\"2020-08-04T07:19:11+00:00\" \/>\n<meta name=\"twitter:card\" content=\"summary_large_image\" \/>\n<script type=\"application\/ld+json\" class=\"yoast-schema-graph\">{\"@context\":\"https:\/\/schema.org\",\"@graph\":[{\"@type\":\"WebSite\",\"@id\":\"https:\/\/bxl.accompagner.be\/fr\/#website\",\"url\":\"https:\/\/bxl.accompagner.be\/fr\/\",\"name\":\"Les Amis d\\u2019Accompagner\",\"description\":\"Ensemble, pas \\u00e0 pas!\",\"potentialAction\":[{\"@type\":\"SearchAction\",\"target\":\"https:\/\/bxl.accompagner.be\/fr\/?s={search_term_string}\",\"query-input\":\"required name=search_term_string\"}],\"inLanguage\":\"fr-FR\"},{\"@type\":\"WebPage\",\"@id\":\"https:\/\/bxl.accompagner.be\/fr\/rgpd-demande-de-suppression\/#webpage\",\"url\":\"https:\/\/bxl.accompagner.be\/fr\/rgpd-demande-de-suppression\/\",\"name\":\"RGPD: demande de suppression - Les Amis d\\u2019Accompagner\",\"isPartOf\":{\"@id\":\"https:\/\/bxl.accompagner.be\/fr\/#website\"},\"datePublished\":\"2020-07-20T20:03:48+00:00\",\"dateModified\":\"2020-08-04T07:19:11+00:00\",\"breadcrumb\":{\"@id\":\"https:\/\/bxl.accompagner.be\/fr\/rgpd-demande-de-suppression\/#breadcrumb\"},\"inLanguage\":\"fr-FR\",\"potentialAction\":[{\"@type\":\"ReadAction\",\"target\":[\"https:\/\/bxl.accompagner.be\/fr\/rgpd-demande-de-suppression\/\"]}]},{\"@type\":\"BreadcrumbList\",\"@id\":\"https:\/\/bxl.accompagner.be\/fr\/rgpd-demande-de-suppression\/#breadcrumb\",\"itemListElement\":[{\"@type\":\"ListItem\",\"position\":1,\"item\":{\"@type\":\"WebPage\",\"@id\":\"https:\/\/bxl.accompagner.be\/fr\/\",\"url\":\"https:\/\/bxl.accompagner.be\/fr\/\",\"name\":\"Accueil\"}},{\"@type\":\"ListItem\",\"position\":2,\"item\":{\"@id\":\"https:\/\/bxl.accompagner.be\/fr\/rgpd-demande-de-suppression\/#webpage\"}}]}]}<\/script>\n<!-- \/ Yoast SEO plugin. -->","coauthors":[],"author_meta":{"author_link":"https:\/\/bxl.accompagner.be\/fr\/author\/phd2019\/","display_name":"PhD2019"},"relative_dates":{"created":"Posted 6 ans ago","modified":"Updated 6 ans ago"},"featured_img_caption":"","_links":{"self":[{"href":"https:\/\/bxl.accompagner.be\/fr\/wp-json\/wp\/v2\/pages\/9345"}],"collection":[{"href":"https:\/\/bxl.accompagner.be\/fr\/wp-json\/wp\/v2\/pages"}],"about":[{"href":"https:\/\/bxl.accompagner.be\/fr\/wp-json\/wp\/v2\/types\/page"}],"author":[{"embeddable":true,"href":"https:\/\/bxl.accompagner.be\/fr\/wp-json\/wp\/v2\/users\/8"}],"replies":[{"embeddable":true,"href":"https:\/\/bxl.accompagner.be\/fr\/wp-json\/wp\/v2\/comments?post=9345"}],"version-history":[{"count":3,"href":"https:\/\/bxl.accompagner.be\/fr\/wp-json\/wp\/v2\/pages\/9345\/revisions"}],"predecessor-version":[{"id":9464,"href":"https:\/\/bxl.accompagner.be\/fr\/wp-json\/wp\/v2\/pages\/9345\/revisions\/9464"}],"wp:attachment":[{"href":"https:\/\/bxl.accompagner.be\/fr\/wp-json\/wp\/v2\/media?parent=9345"}],"curies":[{"name":"wp","href":"https:\/\/api.w.org\/{rel}","templated":true}]}}