{"id":9352,"date":"2020-07-20T22:40:53","date_gmt":"2020-07-20T20:40:53","guid":{"rendered":"https:\/\/www.accompagner.be\/?page_id=9352"},"modified":"2020-07-21T01:01:27","modified_gmt":"2020-07-20T23:01:27","slug":"gestion-rgpd-et-politique-de-confidentialite","status":"publish","type":"page","link":"https:\/\/bxl.accompagner.be\/fr\/gestion-rgpd-et-politique-de-confidentialite\/","title":{"rendered":"Gestion RGPD et Politique de Confidentialit\u00e9"},"content":{"rendered":"\n<p><a href=\"https:\/\/www.accompagner.be\/wp-content\/uploads\/FORRGPD01-Politique_confidentialite_FR.pdf\" target=\"_blank\" aria-label=\"undefined (s\u2019ouvre dans un nouvel onglet)\" rel=\"noreferrer noopener\">Consulter notre politique de confidentialit\u00e9<\/a><\/p>\n\n\n\n<p><a href=\"https:\/\/bxl.accompagner.be\/fr\/rgpd-gerer-vos-preferences\/\" target=\"_blank\" aria-label=\"undefined (s\u2019ouvre dans un nouvel onglet)\" rel=\"noreferrer noopener\">G\u00e9rer vos pr\u00e9f\u00e9rences<\/a><\/p>\n\n\n\n<p><a href=\"https:\/\/bxl.accompagner.be\/fr\/rgpd-demande-de-rectification\/\" target=\"_blank\" aria-label=\"undefined (s\u2019ouvre dans un nouvel onglet)\" rel=\"noreferrer noopener\">Demander la rectification de donn\u00e9es vous concernant<\/a><\/p>\n\n\n\n<p><a href=\"https:\/\/bxl.accompagner.be\/fr\/rgpd-plainte\/\" target=\"_blank\" aria-label=\"undefined (s\u2019ouvre dans un nouvel onglet)\" rel=\"noreferrer noopener\">D\u00e9poser une plainte concernant la gestion de vos donn\u00e9es<\/a><\/p>\n\n\n\n<p><a href=\"https:\/\/bxl.accompagner.be\/fr\/rgpd-demande-de-suppression\/\" target=\"_blank\" aria-label=\"undefined (s\u2019ouvre dans un nouvel onglet)\" rel=\"noreferrer noopener\">Demander la suppression de votre compte utilisateur<\/a><\/p>\n","protected":false},"excerpt":{"rendered":"<p>Consulter notre politique de confidentialit\u00e9 G\u00e9rer vos pr\u00e9f\u00e9rences Demander la rectification de donn\u00e9es vous concernant D\u00e9poser une plainte concernant la gestion de vos donn\u00e9es Demander la suppression de votre compte utilisateur<\/p>\n","protected":false},"author":8,"featured_media":0,"parent":0,"menu_order":0,"comment_status":"closed","ping_status":"closed","template":"","meta":{"advgb_blocks_editor_width":"","advgb_blocks_columns_visual_guide":""},"yoast_head":"<!-- This site is optimized with the Yoast SEO plugin v16.3 - https:\/\/yoast.com\/wordpress\/plugins\/seo\/ -->\n<title>Gestion RGPD et Politique de Confidentialit\u00e9 - Les Amis d\u2019Accompagner<\/title>\n<meta name=\"robots\" content=\"noindex, nofollow\" \/>\n<meta property=\"og:locale\" content=\"fr_FR\" \/>\n<meta property=\"og:type\" content=\"article\" \/>\n<meta property=\"og:title\" content=\"Gestion RGPD et Politique de Confidentialit\u00e9 - Les Amis d\u2019Accompagner\" \/>\n<meta property=\"og:description\" content=\"Consulter notre politique de confidentialit\u00e9 G\u00e9rer vos pr\u00e9f\u00e9rences Demander la rectification de donn\u00e9es vous concernant D\u00e9poser une plainte concernant la gestion de vos donn\u00e9es Demander la suppression de votre compte utilisateur\" \/>\n<meta property=\"og:url\" content=\"https:\/\/bxl.accompagner.be\/fr\/gestion-rgpd-et-politique-de-confidentialite\/\" \/>\n<meta property=\"og:site_name\" content=\"Les Amis d\u2019Accompagner\" \/>\n<meta property=\"article:modified_time\" content=\"2020-07-20T23:01:27+00:00\" \/>\n<meta name=\"twitter:card\" content=\"summary_large_image\" \/>\n<script type=\"application\/ld+json\" class=\"yoast-schema-graph\">{\"@context\":\"https:\/\/schema.org\",\"@graph\":[{\"@type\":\"WebSite\",\"@id\":\"https:\/\/bxl.accompagner.be\/fr\/#website\",\"url\":\"https:\/\/bxl.accompagner.be\/fr\/\",\"name\":\"Les Amis d\\u2019Accompagner\",\"description\":\"Ensemble, pas \\u00e0 pas!\",\"potentialAction\":[{\"@type\":\"SearchAction\",\"target\":\"https:\/\/bxl.accompagner.be\/fr\/?s={search_term_string}\",\"query-input\":\"required name=search_term_string\"}],\"inLanguage\":\"fr-FR\"},{\"@type\":\"WebPage\",\"@id\":\"https:\/\/bxl.accompagner.be\/fr\/gestion-rgpd-et-politique-de-confidentialite\/#webpage\",\"url\":\"https:\/\/bxl.accompagner.be\/fr\/gestion-rgpd-et-politique-de-confidentialite\/\",\"name\":\"Gestion RGPD et Politique de Confidentialit\\u00e9 - Les Amis d\\u2019Accompagner\",\"isPartOf\":{\"@id\":\"https:\/\/bxl.accompagner.be\/fr\/#website\"},\"datePublished\":\"2020-07-20T20:40:53+00:00\",\"dateModified\":\"2020-07-20T23:01:27+00:00\",\"breadcrumb\":{\"@id\":\"https:\/\/bxl.accompagner.be\/fr\/gestion-rgpd-et-politique-de-confidentialite\/#breadcrumb\"},\"inLanguage\":\"fr-FR\",\"potentialAction\":[{\"@type\":\"ReadAction\",\"target\":[\"https:\/\/bxl.accompagner.be\/fr\/gestion-rgpd-et-politique-de-confidentialite\/\"]}]},{\"@type\":\"BreadcrumbList\",\"@id\":\"https:\/\/bxl.accompagner.be\/fr\/gestion-rgpd-et-politique-de-confidentialite\/#breadcrumb\",\"itemListElement\":[{\"@type\":\"ListItem\",\"position\":1,\"item\":{\"@type\":\"WebPage\",\"@id\":\"https:\/\/bxl.accompagner.be\/fr\/\",\"url\":\"https:\/\/bxl.accompagner.be\/fr\/\",\"name\":\"Accueil\"}},{\"@type\":\"ListItem\",\"position\":2,\"item\":{\"@id\":\"https:\/\/bxl.accompagner.be\/fr\/gestion-rgpd-et-politique-de-confidentialite\/#webpage\"}}]}]}<\/script>\n<!-- \/ Yoast SEO plugin. -->","coauthors":[],"author_meta":{"author_link":"https:\/\/bxl.accompagner.be\/fr\/author\/phd2019\/","display_name":"PhD2019"},"relative_dates":{"created":"Posted 6 ans ago","modified":"Updated 6 ans ago"},"featured_img_caption":"","_links":{"self":[{"href":"https:\/\/bxl.accompagner.be\/fr\/wp-json\/wp\/v2\/pages\/9352"}],"collection":[{"href":"https:\/\/bxl.accompagner.be\/fr\/wp-json\/wp\/v2\/pages"}],"about":[{"href":"https:\/\/bxl.accompagner.be\/fr\/wp-json\/wp\/v2\/types\/page"}],"author":[{"embeddable":true,"href":"https:\/\/bxl.accompagner.be\/fr\/wp-json\/wp\/v2\/users\/8"}],"replies":[{"embeddable":true,"href":"https:\/\/bxl.accompagner.be\/fr\/wp-json\/wp\/v2\/comments?post=9352"}],"version-history":[{"count":5,"href":"https:\/\/bxl.accompagner.be\/fr\/wp-json\/wp\/v2\/pages\/9352\/revisions"}],"predecessor-version":[{"id":9384,"href":"https:\/\/bxl.accompagner.be\/fr\/wp-json\/wp\/v2\/pages\/9352\/revisions\/9384"}],"wp:attachment":[{"href":"https:\/\/bxl.accompagner.be\/fr\/wp-json\/wp\/v2\/media?parent=9352"}],"curies":[{"name":"wp","href":"https:\/\/api.w.org\/{rel}","templated":true}]}}