{"id":9379,"date":"2020-07-21T00:55:16","date_gmt":"2020-07-20T22:55:16","guid":{"rendered":"https:\/\/www.accompagner.be\/?page_id=9379"},"modified":"2020-07-21T00:56:33","modified_gmt":"2020-07-20T22:56:33","slug":"rgpd-gerer-vos-preferences","status":"publish","type":"page","link":"https:\/\/bxl.accompagner.be\/fr\/rgpd-gerer-vos-preferences\/","title":{"rendered":"RGPD: G\u00e9rer vos pr\u00e9f\u00e9rences"},"content":{"rendered":"\n<button type=\"button\" class=\"gdpr-preferences\" data-tab=\"gdpr-consent-management\">Pr\u00e9f\u00e9rences de confidentialit\u00e9<\/button>\n","protected":false},"excerpt":{"rendered":"","protected":false},"author":8,"featured_media":0,"parent":0,"menu_order":0,"comment_status":"closed","ping_status":"closed","template":"","meta":{"advgb_blocks_editor_width":"","advgb_blocks_columns_visual_guide":""},"yoast_head":"<!-- This site is optimized with the Yoast SEO plugin v16.3 - https:\/\/yoast.com\/wordpress\/plugins\/seo\/ -->\n<title>RGPD: G\u00e9rer vos pr\u00e9f\u00e9rences - Les Amis d\u2019Accompagner<\/title>\n<meta name=\"robots\" content=\"noindex, nofollow\" \/>\n<meta property=\"og:locale\" content=\"fr_FR\" \/>\n<meta property=\"og:type\" content=\"article\" \/>\n<meta property=\"og:title\" content=\"RGPD: G\u00e9rer vos pr\u00e9f\u00e9rences - Les Amis d\u2019Accompagner\" \/>\n<meta property=\"og:url\" content=\"https:\/\/bxl.accompagner.be\/fr\/rgpd-gerer-vos-preferences\/\" \/>\n<meta property=\"og:site_name\" content=\"Les Amis d\u2019Accompagner\" \/>\n<meta property=\"article:modified_time\" content=\"2020-07-20T22:56:33+00:00\" \/>\n<meta name=\"twitter:card\" content=\"summary_large_image\" \/>\n<script type=\"application\/ld+json\" class=\"yoast-schema-graph\">{\"@context\":\"https:\/\/schema.org\",\"@graph\":[{\"@type\":\"WebSite\",\"@id\":\"https:\/\/bxl.accompagner.be\/fr\/#website\",\"url\":\"https:\/\/bxl.accompagner.be\/fr\/\",\"name\":\"Les Amis d\\u2019Accompagner\",\"description\":\"Ensemble, pas \\u00e0 pas!\",\"potentialAction\":[{\"@type\":\"SearchAction\",\"target\":\"https:\/\/bxl.accompagner.be\/fr\/?s={search_term_string}\",\"query-input\":\"required name=search_term_string\"}],\"inLanguage\":\"fr-FR\"},{\"@type\":\"WebPage\",\"@id\":\"https:\/\/bxl.accompagner.be\/fr\/rgpd-gerer-vos-preferences\/#webpage\",\"url\":\"https:\/\/bxl.accompagner.be\/fr\/rgpd-gerer-vos-preferences\/\",\"name\":\"RGPD: G\\u00e9rer vos pr\\u00e9f\\u00e9rences - Les Amis d\\u2019Accompagner\",\"isPartOf\":{\"@id\":\"https:\/\/bxl.accompagner.be\/fr\/#website\"},\"datePublished\":\"2020-07-20T22:55:16+00:00\",\"dateModified\":\"2020-07-20T22:56:33+00:00\",\"breadcrumb\":{\"@id\":\"https:\/\/bxl.accompagner.be\/fr\/rgpd-gerer-vos-preferences\/#breadcrumb\"},\"inLanguage\":\"fr-FR\",\"potentialAction\":[{\"@type\":\"ReadAction\",\"target\":[\"https:\/\/bxl.accompagner.be\/fr\/rgpd-gerer-vos-preferences\/\"]}]},{\"@type\":\"BreadcrumbList\",\"@id\":\"https:\/\/bxl.accompagner.be\/fr\/rgpd-gerer-vos-preferences\/#breadcrumb\",\"itemListElement\":[{\"@type\":\"ListItem\",\"position\":1,\"item\":{\"@type\":\"WebPage\",\"@id\":\"https:\/\/bxl.accompagner.be\/fr\/\",\"url\":\"https:\/\/bxl.accompagner.be\/fr\/\",\"name\":\"Accueil\"}},{\"@type\":\"ListItem\",\"position\":2,\"item\":{\"@id\":\"https:\/\/bxl.accompagner.be\/fr\/rgpd-gerer-vos-preferences\/#webpage\"}}]}]}<\/script>\n<!-- \/ Yoast SEO plugin. -->","coauthors":[],"author_meta":{"author_link":"https:\/\/bxl.accompagner.be\/fr\/author\/phd2019\/","display_name":"PhD2019"},"relative_dates":{"created":"Posted 6 ans ago","modified":"Updated 6 ans ago"},"featured_img_caption":"","_links":{"self":[{"href":"https:\/\/bxl.accompagner.be\/fr\/wp-json\/wp\/v2\/pages\/9379"}],"collection":[{"href":"https:\/\/bxl.accompagner.be\/fr\/wp-json\/wp\/v2\/pages"}],"about":[{"href":"https:\/\/bxl.accompagner.be\/fr\/wp-json\/wp\/v2\/types\/page"}],"author":[{"embeddable":true,"href":"https:\/\/bxl.accompagner.be\/fr\/wp-json\/wp\/v2\/users\/8"}],"replies":[{"embeddable":true,"href":"https:\/\/bxl.accompagner.be\/fr\/wp-json\/wp\/v2\/comments?post=9379"}],"version-history":[{"count":2,"href":"https:\/\/bxl.accompagner.be\/fr\/wp-json\/wp\/v2\/pages\/9379\/revisions"}],"predecessor-version":[{"id":9382,"href":"https:\/\/bxl.accompagner.be\/fr\/wp-json\/wp\/v2\/pages\/9379\/revisions\/9382"}],"wp:attachment":[{"href":"https:\/\/bxl.accompagner.be\/fr\/wp-json\/wp\/v2\/media?parent=9379"}],"curies":[{"name":"wp","href":"https:\/\/api.w.org\/{rel}","templated":true}]}}