{"id":4936,"date":"2019-08-07T13:52:36","date_gmt":"2019-08-07T11:52:36","guid":{"rendered":"https:\/\/www3.accompagner.be\/geschiedenis\/"},"modified":"2019-09-28T22:31:34","modified_gmt":"2019-09-28T20:31:34","slug":"geschiedenis","status":"publish","type":"page","link":"https:\/\/bxl.accompagner.be\/nl\/geschiedenis\/","title":{"rendered":"Geschiedenis"},"content":{"rendered":"\n<div class=\"wp-block-advgb-container advgb-blocks-container\">\n<h3>Oprichting<\/h3>\n<p>In de jaren 80 zet Ghislaine Radoux-Rogier, lid van de Maranatha-gemeenschap&nbsp;en weduwe van een advocaat uit Charleroi die zeer sterk ge\u00ebngageerd was ten dienste van de armen, zijn werk voort in Brussel. Zij ontvangt mensen in nood.<\/p>\n<h3>Beetje bij beetje organiseren we ons<\/h3>\n<p>Zeer veel toewijding, maar weinig organisatie&nbsp;! Vader Lambert, stichter van de Maranatha-gemeenschap, vraagt Guy Leroy om Ghislaine Radoux-Rogier te helpen. Samen met enkele vrijwilligers richt Guy Leroy een structuur op om mensen te begeleiden.<\/p>\n<p>Na zijn priesterlijke wijding in 1984 breidt Vader Guy de werking uit naar de begeleiding van daklozen en kansarmen in de wijk van de Magdalenakerk in het centrum van Brussel, waar hij als priester actief is. <strong>Het embryo van Accompagner<\/strong> komt tot leven.<\/p>\n<h3>2000<\/h3>\n<p>Een nieuwe gelegenheid biedt zich aan. Op internationaal niveau zet de Congr\u00e9gation des Religieux de l\u2019Assomption aan om projecten op te richten specifiek voor de armsten. Het project van begeleiding op het terrein in Brussel wordt hierbij weerhouden.<\/p>\n<p>Een <strong>internationale vereniging<\/strong> (\u00ab&nbsp;Accompagner&nbsp;\u00bb) ziet het daglicht. Haar opdracht is om mensen in moeilijkheden te begeleiden bij al de stappen die zij moeten vervullen om hun rechten te vrijwaren en hen toe te laten hun autonomie te herwinnen. Op deze manier zijn we van een occasionele naar een permanente vorm van hulpverlening ge\u00ebvolueerd.<\/p>\n<h3>2001<\/h3>\n<p>Er wordt een lokaal gehuurd Er worden professionele medewerkers aangeworven. Een stijgend aantal verzoeken om hulp. Een effici\u00ebntere en nog beter gestructureerde organisatie ziet het daglicht.<\/p>\n<h3>2004<\/h3>\n<p>De NGO <strong>\u00ab&nbsp;Action Vivre Ensemble&nbsp;\u00bb<\/strong> erkent Het belang van de diensten die door Accompagner worden verleend en kent haar een financi\u00eble steun toe die eveneens in 2007 en 2009 toegekend zal worden.<\/p>\n<h3>2006<\/h3>\n<p>De internationale organisatie geeft de fakkel door. <strong>Een Belgische vzw, \u00ab&nbsp;Les Amis d\u2019Accompagner&nbsp;\u00bb, wordt opgericht<\/strong> om het begeleidingswerk op nationaal niveau over te nemen en te ontwikkelen. De grootste prioriteiten zijn: een grotere betrokkenheid van vrijwilligers bij het project bewerkstelligen en de duurzaamheid ervan verzekeren. De grootste prioriteiten zijn: een grotere betrokkenheid van vrijwilligers bij het project bewerkstelligen en de duurzaamheid ervan verzekeren.<\/p>\n<h3>2007<\/h3>\n<p>De <strong>\u00ab&nbsp;Koning Boudewijnstichting&nbsp;\u00bb<\/strong> erkent het belang van onze werking met de toekenning van een financi\u00eble hulp met middelen uit haar Armoedefonds. Onze vzw krijgt eveneens de Prijs voor Burgerzin van de gemeente Koekelberg.<\/p>\n<h3>2009<\/h3>\n<p>De vereniging \u00ab&nbsp;Les&nbsp;Amis d\u2019Accompagner&nbsp;\u00bb wordt&nbsp;voor twee jaar <strong>\u00ab&nbsp;onder het meterschap van Hare Koninklijke Hoogheid Prinses Astrid&nbsp;\u00bb<\/strong> geplaatst.<\/p>\n<h3>2010<\/h3>\n<p>De vereniging wordt door de gemeente Koekelberg uitgekozen in het kader van&nbsp;<strong>het Gemeentelijk Plan voor \u00ab&nbsp;Sociale Cohesie 2011-2015<\/strong>, \u00bb georganiseerd door de Franse Gemeenschapscommissie (CoCoF). Het werk ten voordele van nieuwkomers wordt aangemoedigd en <strong>\u00ab&nbsp;Les Amis d\u2019Accompagner&nbsp;\u00bb<\/strong> wordt erkend als \u201cvereniging van openbaar nut\u201d.<\/p>\n<h3>2011<\/h3>\n<p>Op 15 mei vieren we tien jaar inzet ten voordele van de minst gegoeden. <strong>Hare Koninklijke Hoogheid Prinses Astrid hernieuwt haar&nbsp;meterschap&nbsp;<\/strong> voor vijf jaar. \u00ab&nbsp;Les Amis d\u2019Accompagner&nbsp;\u00bb sluit in 2011 eveneens een <strong>samenwerkingsovereenkomst voor drie jaar met de NGO \u00ab&nbsp;Action Vivre Ensemble&nbsp;\u00bb.<\/strong><\/p>\n<h3>2012<\/h3>\n<p><strong>Dit is het Jaar van de Vrijwilliger&nbsp;!<\/strong> Deze laatsten worden steeds talrijker en engageren zich meer en meer in de dagelijkse werking van onze vereniging. <strong>De werking met partners<\/strong> wordt steeds intenser, hun aantal neemt toe. Op financieel vlak krijgt de vereniging van de FOD Financi\u00ebn de toestemming tot h<strong>et verlenen van Fiscale attesten voor Giften.<\/strong> <\/p>\n<h3>2013<\/h3>\n<p>De vereniging vernieuwt haar werking. Vanaf nu werken <strong>twee diensten<\/strong>zij aan zij in onze lokalen. Het <strong>beheer van de sociaal-juridische ori\u00ebntatie<\/strong> wordt onder handen genomen door vijf vrijwilligers. Het <strong>beheer van de Dienst Partners<\/strong>staat onder de verantwoordelijkheid van de gelastigde die de hulpvragen beantwoordt die voortkomen uit het netwerk van partnerorganisaties. De Operationele verantwoordelijke co\u00f6rdineert en superviseert het geheel.<\/p>\n<h3>2014<\/h3>\n<p>Activiteit alom&nbsp;! We worden <strong>lid van VEF-AERF (Vereniging voor Ethiek in de Fondsenwerving).<\/strong><\/p>\n<p>Twee \u00ab&nbsp;uitzonderlijke&nbsp;\u00bb stappen worden ten gunste van ons gezet&nbsp;: enerzijds vanwege <strong>\u00ab&nbsp;M\u00e9decins du Monde&nbsp;\u00bb<\/strong> en anderzijds vanwege een jonge Franse vrouw, lid van <strong>\u00ab&nbsp;Jeunes \u00e0 travers le monde&nbsp;\u00bb<\/strong>. Twee tekens van erkenning van de effici\u00ebntie van onze werking. We werken eveneens samen met de <strong>Franstalige katholieke Media.<\/strong><\/p>\n<p>We verbeteren onze werkmiddelen en informatiekanalen&nbsp;: <strong>vernieuwing van onze website<\/strong>, <strong>videos over onze vereniging\u2026<\/strong><\/p>\n<\/div>\n\n<h3>2015<\/h3>\n<p>Zonder enige twijfel \u201chet jaar van de erkenning\u201d van ons project en van al het werk dat gedurende 15 jaar werd gerealiseerd! Onze nieuwe erkenningsaanvraag in het project voor sociale cohesie (CoCof) van het Brussels Hoofdstedelijk Gewest (2016- 2020) via de gemeente Koekelberg is aanvaard, terwijl ook Hare Koninklijke Hoogheid Prinses Astrid haar Hoge Bescherming vanaf april 2016 voor een periode van vijf jaar heeft vernieuwd. Bovendien aanvaardt de raad van bestuur van het Brussels Forum voor Armoedebestrijding (FBLP) &#8211; of het Forum &#8211; onze lidmaatschapsaanvraag en zetelen wij op zijn verzoek in de commissie voor de toekenning van sociale woningen van de gemeente Koekelberg. Tot slot slaat de Vereniging \u2018een nieuwe weg\u2019 in met de Europese subsidie van Give Eur-Hope (GEH).<\/p>\n<h3>2016<\/h3>\n<p>Het jaar waarin onze kandidatuur voor de Brusselse Raad voor Sociopolitieke Co\u00f6rdinatie (BRSC) werd aanvaard en we hard hebben gewerkt aan \u2018interne consolidatie\u2019. Zo hebben we een Onthaalhandvest opgesteld voor gebruikers, werd het kwartaaltoezicht van onze sociaal-juridische medewerkers aangevuld met een psycholoog en de kwartaalorganisatie van een nieuwe \u2018ronde tafel\u2019 van vrijwilligers (intervisies). En omdat onze ontwikkeling nieuwe lokalen vereiste, werden er nieuwe kantoren ingericht, bemeubeld en uitgerust op de 1e en 2e verdieping van ons onthaalbureau.<br><br>Tot slot is er nog de publicatie van een casestudy door een van onze vrijwilligers:<a href=\"\/wp-content\/uploads\/2019\/06\/01-2017_lintegration_des_refugies_a_lepreuve_de_la_realite._quel_est_le_role_du_benevolat.pdf\" target=\"_blank\" rel=\"noopener noreferrer\"> L\u2019int\u00e9gration des r\u00e9fugi\u00e9s dans la soci\u00e9t\u00e9 \u00e0 l\u2019\u00e9preuve de la r\u00e9alit\u00e9. Quel r\u00f4le du b\u00e9n\u00e9volat? <\/a>als \u201cGetuigenis van de begeleiding van een familie van vluchtelingen\u201d.<\/p>\n<h3>2017<\/h3>\n<p>Nieuwe offici\u00eble erkenningen zien het levenslicht, zoals het verkrijgen van een \u2018initiatiefsubsidie\u2019 van de Gemeenschappelijke Gemeenschapscommissie (GGC) in afwachting van de samenstelling van ons dossier voor de erkenning als Centre d&#8217;Aide aux Personnes, onze aansluiting bij de F\u00e9d\u00e9ration des Services sociaux (FDSS) dat alle erkende Brusselse en Waalse sociale en psychosociale diensten bundelt en de erkenning van de Federale Overheidsdienst Financi\u00ebn voor de verlenging van onze toelating om fiscale attesten af te leveren voor de jaren 2018 tot 2023 en we moeten vooral de erkenning van onze \u2018pairs\u2019 vermelden! Sinds 2014 registreren wij 42 toestemmingen voor partnerschap waaronder van Fedasil, Convivial, Dokters van de Wereld, SIREAS, Centre Ariane, Via, BAPO, Samusocial, tal van OCMW\u2019s, ziekenhuizen, medische centra en diverse verenigingen.<br> <\/p>\n","protected":false},"excerpt":{"rendered":"<p>2015 Zonder enige twijfel \u201chet jaar van de erkenning\u201d van ons project en van al het werk dat gedurende 15 jaar werd gerealiseerd! Onze nieuwe erkenningsaanvraag in het project voor sociale cohesie (CoCof) van het Brussels Hoofdstedelijk Gewest (2016- 2020) via de gemeente Koekelberg is aanvaard, terwijl ook Hare Koninklijke Hoogheid Prinses Astrid haar Hoge [&hellip;]<\/p>\n","protected":false},"author":8,"featured_media":0,"parent":0,"menu_order":0,"comment_status":"closed","ping_status":"closed","template":"","meta":{"advgb_blocks_editor_width":"","advgb_blocks_columns_visual_guide":""},"yoast_head":"<!-- This site is optimized with the Yoast SEO plugin v16.3 - https:\/\/yoast.com\/wordpress\/plugins\/seo\/ -->\n<title>Geschiedenis - Les Amis d\u2019Accompagner<\/title>\n<meta name=\"robots\" content=\"index, follow, max-snippet:-1, max-image-preview:large, max-video-preview:-1\" \/>\n<link rel=\"canonical\" href=\"https:\/\/bxl.accompagner.be\/nl\/geschiedenis\/\" \/>\n<meta property=\"og:locale\" content=\"nl_NL\" \/>\n<meta property=\"og:type\" content=\"article\" \/>\n<meta property=\"og:title\" content=\"Geschiedenis - Les Amis d\u2019Accompagner\" \/>\n<meta property=\"og:description\" content=\"2015 Zonder enige twijfel \u201chet jaar van de erkenning\u201d van ons project en van al het werk dat gedurende 15 jaar werd gerealiseerd! Onze nieuwe erkenningsaanvraag in het project voor sociale cohesie (CoCof) van het Brussels Hoofdstedelijk Gewest (2016- 2020) via de gemeente Koekelberg is aanvaard, terwijl ook Hare Koninklijke Hoogheid Prinses Astrid haar Hoge [&hellip;]\" \/>\n<meta property=\"og:url\" content=\"https:\/\/bxl.accompagner.be\/nl\/geschiedenis\/\" \/>\n<meta property=\"og:site_name\" content=\"Les Amis d\u2019Accompagner\" \/>\n<meta property=\"article:modified_time\" content=\"2019-09-28T20:31:34+00:00\" \/>\n<meta name=\"twitter:card\" content=\"summary_large_image\" \/>\n<meta name=\"twitter:label1\" content=\"Est. reading time\">\n\t<meta name=\"twitter:data1\" content=\"5 minutes\">\n<script type=\"application\/ld+json\" class=\"yoast-schema-graph\">{\"@context\":\"https:\/\/schema.org\",\"@graph\":[{\"@type\":\"WebSite\",\"@id\":\"https:\/\/bxl.accompagner.be\/fr\/#website\",\"url\":\"https:\/\/bxl.accompagner.be\/fr\/\",\"name\":\"Les Amis d\\u2019Accompagner\",\"description\":\"Samen stap voor stap\",\"potentialAction\":[{\"@type\":\"SearchAction\",\"target\":\"https:\/\/bxl.accompagner.be\/fr\/?s={search_term_string}\",\"query-input\":\"required name=search_term_string\"}],\"inLanguage\":\"nl-NL\"},{\"@type\":\"WebPage\",\"@id\":\"https:\/\/bxl.accompagner.be\/nl\/geschiedenis\/#webpage\",\"url\":\"https:\/\/bxl.accompagner.be\/nl\/geschiedenis\/\",\"name\":\"Geschiedenis - Les Amis d\\u2019Accompagner\",\"isPartOf\":{\"@id\":\"https:\/\/bxl.accompagner.be\/fr\/#website\"},\"datePublished\":\"2019-08-07T11:52:36+00:00\",\"dateModified\":\"2019-09-28T20:31:34+00:00\",\"breadcrumb\":{\"@id\":\"https:\/\/bxl.accompagner.be\/nl\/geschiedenis\/#breadcrumb\"},\"inLanguage\":\"nl-NL\",\"potentialAction\":[{\"@type\":\"ReadAction\",\"target\":[\"https:\/\/bxl.accompagner.be\/nl\/geschiedenis\/\"]}]},{\"@type\":\"BreadcrumbList\",\"@id\":\"https:\/\/bxl.accompagner.be\/nl\/geschiedenis\/#breadcrumb\",\"itemListElement\":[{\"@type\":\"ListItem\",\"position\":1,\"item\":{\"@type\":\"WebPage\",\"@id\":\"https:\/\/bxl.accompagner.be\/nl\/\",\"url\":\"https:\/\/bxl.accompagner.be\/nl\/\",\"name\":\"Accueil\"}},{\"@type\":\"ListItem\",\"position\":2,\"item\":{\"@id\":\"https:\/\/bxl.accompagner.be\/nl\/geschiedenis\/#webpage\"}}]}]}<\/script>\n<!-- \/ Yoast SEO plugin. -->","coauthors":[],"author_meta":{"author_link":"https:\/\/bxl.accompagner.be\/nl\/author\/phd2019\/","display_name":"PhD2019"},"relative_dates":{"created":"Posted 7 years ago","modified":"Updated 7 years ago"},"featured_img_caption":"","_links":{"self":[{"href":"https:\/\/bxl.accompagner.be\/nl\/wp-json\/wp\/v2\/pages\/4936"}],"collection":[{"href":"https:\/\/bxl.accompagner.be\/nl\/wp-json\/wp\/v2\/pages"}],"about":[{"href":"https:\/\/bxl.accompagner.be\/nl\/wp-json\/wp\/v2\/types\/page"}],"author":[{"embeddable":true,"href":"https:\/\/bxl.accompagner.be\/nl\/wp-json\/wp\/v2\/users\/8"}],"replies":[{"embeddable":true,"href":"https:\/\/bxl.accompagner.be\/nl\/wp-json\/wp\/v2\/comments?post=4936"}],"version-history":[{"count":0,"href":"https:\/\/bxl.accompagner.be\/nl\/wp-json\/wp\/v2\/pages\/4936\/revisions"}],"wp:attachment":[{"href":"https:\/\/bxl.accompagner.be\/nl\/wp-json\/wp\/v2\/media?parent=4936"}],"curies":[{"name":"wp","href":"https:\/\/api.w.org\/{rel}","templated":true}]}}